{"id":3281,"date":"2020-05-12T09:30:42","date_gmt":"2020-05-12T09:30:42","guid":{"rendered":"https:\/\/www.amstelhouse.de\/en\/?page_id=3281"},"modified":"2021-11-25T14:45:27","modified_gmt":"2021-11-25T14:45:27","slug":"hygiene","status":"publish","type":"page","link":"https:\/\/www.amstelhouse.de\/pl\/hygiene\/","title":{"rendered":"Hygiene"},"content":{"rendered":"<h1 style=\"text-align: center;\">Amstel House Hygienic measures<\/h1>\n<p>&nbsp;<\/p>\n<p style=\"text-align: left;\">From the 11<sup>th<\/sup> June on we\u2019ll open our doors again to welcome our guests in our beautiful Amstel House. In the past weeks, we developed a detailed hygiene concept according to German health authorities, as well as several organizations to make sure your trip is as safe and pleasant as possible! To inform you about all our measurements we have summarized the most important points of the concept:<\/p>\n","protected":false},"excerpt":{"rendered":"<p>Amstel House Hygienic measures &nbsp; From the 11th June on we\u2019ll open our doors again to welcome our guests in our beautiful Amstel House. In the past weeks, we developed a detailed hygiene concept according to German health authorities, as well as several organizations to make sure your trip is as safe and pleasant as [&hellip;]<\/p>\n","protected":false},"author":4,"featured_media":0,"parent":0,"menu_order":0,"comment_status":"closed","ping_status":"closed","template":"page-offer-subpage-hygine.php","meta":{"footnotes":""},"class_list":["post-3281","page","type-page","status-publish","hentry"],"acf":[],"yoast_head":"<!-- This site is optimized with the Yoast SEO plugin v20.8 - https:\/\/yoast.com\/wordpress\/plugins\/seo\/ -->\n<title>\u015brodki higieny | Amstel House Hostel Berlin<\/title>\n<meta name=\"description\" content=\"Aby Pa\u0144stwa pobyt w hostelu by\u0142 bezpieczny, opracowali\u015bmy doskona\u0142\u0105 koncepcj\u0119 higieny, zgodn\u0105 z wytycznymi Urz\u0119du Zdrowia w Berlinie.\" \/>\n<meta name=\"robots\" content=\"index, follow, max-snippet:-1, max-image-preview:large, max-video-preview:-1\" \/>\n<link rel=\"canonical\" href=\"https:\/\/www.amstelhouse.de\/pl\/hygiene\/\" \/>\n<meta property=\"og:locale\" content=\"pl_PL\" \/>\n<meta property=\"og:type\" content=\"article\" \/>\n<meta property=\"og:title\" content=\"\u015brodki higieny | Amstel House Hostel Berlin\" \/>\n<meta property=\"og:description\" content=\"Aby Pa\u0144stwa pobyt w hostelu by\u0142 bezpieczny, opracowali\u015bmy doskona\u0142\u0105 koncepcj\u0119 higieny, zgodn\u0105 z wytycznymi Urz\u0119du Zdrowia w Berlinie.\" \/>\n<meta property=\"og:url\" content=\"https:\/\/www.amstelhouse.de\/pl\/hygiene\/\" \/>\n<meta property=\"og:site_name\" content=\"Amstel House (PL)\" \/>\n<meta property=\"article:modified_time\" content=\"2021-11-25T14:45:27+00:00\" \/>\n<script type=\"application\/ld+json\" class=\"yoast-schema-graph\">{\"@context\":\"https:\/\/schema.org\",\"@graph\":[{\"@type\":\"WebPage\",\"@id\":\"https:\/\/www.amstelhouse.de\/pl\/hygiene\/\",\"url\":\"https:\/\/www.amstelhouse.de\/pl\/hygiene\/\",\"name\":\"\u015brodki higieny | Amstel House Hostel Berlin\",\"isPartOf\":{\"@id\":\"https:\/\/www.amstelhouse.de\/pl\/#website\"},\"datePublished\":\"2020-05-12T09:30:42+00:00\",\"dateModified\":\"2021-11-25T14:45:27+00:00\",\"description\":\"Aby Pa\u0144stwa pobyt w hostelu by\u0142 bezpieczny, opracowali\u015bmy doskona\u0142\u0105 koncepcj\u0119 higieny, zgodn\u0105 z wytycznymi Urz\u0119du Zdrowia w Berlinie.\",\"breadcrumb\":{\"@id\":\"https:\/\/www.amstelhouse.de\/pl\/hygiene\/#breadcrumb\"},\"inLanguage\":\"pl-PL\",\"potentialAction\":[{\"@type\":\"ReadAction\",\"target\":[\"https:\/\/www.amstelhouse.de\/pl\/hygiene\/\"]}]},{\"@type\":\"BreadcrumbList\",\"@id\":\"https:\/\/www.amstelhouse.de\/pl\/hygiene\/#breadcrumb\",\"itemListElement\":[{\"@type\":\"ListItem\",\"position\":1,\"name\":\"Home\",\"item\":\"https:\/\/www.amstelhouse.de\/pl\/\"},{\"@type\":\"ListItem\",\"position\":2,\"name\":\"Hygiene\"}]},{\"@type\":\"WebSite\",\"@id\":\"https:\/\/www.amstelhouse.de\/pl\/#website\",\"url\":\"https:\/\/www.amstelhouse.de\/pl\/\",\"name\":\"Amstel House (PL)\",\"description\":\"Just another WordPress site\",\"potentialAction\":[{\"@type\":\"SearchAction\",\"target\":{\"@type\":\"EntryPoint\",\"urlTemplate\":\"https:\/\/www.amstelhouse.de\/pl\/?s={search_term_string}\"},\"query-input\":\"required name=search_term_string\"}],\"inLanguage\":\"pl-PL\"}]}<\/script>\n<!-- \/ Yoast SEO plugin. -->","yoast_head_json":{"title":"\u015brodki higieny | Amstel House Hostel Berlin","description":"Aby Pa\u0144stwa pobyt w hostelu by\u0142 bezpieczny, opracowali\u015bmy doskona\u0142\u0105 koncepcj\u0119 higieny, zgodn\u0105 z wytycznymi Urz\u0119du Zdrowia w Berlinie.","robots":{"index":"index","follow":"follow","max-snippet":"max-snippet:-1","max-image-preview":"max-image-preview:large","max-video-preview":"max-video-preview:-1"},"canonical":"https:\/\/www.amstelhouse.de\/pl\/hygiene\/","og_locale":"pl_PL","og_type":"article","og_title":"\u015brodki higieny | Amstel House Hostel Berlin","og_description":"Aby Pa\u0144stwa pobyt w hostelu by\u0142 bezpieczny, opracowali\u015bmy doskona\u0142\u0105 koncepcj\u0119 higieny, zgodn\u0105 z wytycznymi Urz\u0119du Zdrowia w Berlinie.","og_url":"https:\/\/www.amstelhouse.de\/pl\/hygiene\/","og_site_name":"Amstel House (PL)","article_modified_time":"2021-11-25T14:45:27+00:00","schema":{"@context":"https:\/\/schema.org","@graph":[{"@type":"WebPage","@id":"https:\/\/www.amstelhouse.de\/pl\/hygiene\/","url":"https:\/\/www.amstelhouse.de\/pl\/hygiene\/","name":"\u015brodki higieny | Amstel House Hostel Berlin","isPartOf":{"@id":"https:\/\/www.amstelhouse.de\/pl\/#website"},"datePublished":"2020-05-12T09:30:42+00:00","dateModified":"2021-11-25T14:45:27+00:00","description":"Aby Pa\u0144stwa pobyt w hostelu by\u0142 bezpieczny, opracowali\u015bmy doskona\u0142\u0105 koncepcj\u0119 higieny, zgodn\u0105 z wytycznymi Urz\u0119du Zdrowia w Berlinie.","breadcrumb":{"@id":"https:\/\/www.amstelhouse.de\/pl\/hygiene\/#breadcrumb"},"inLanguage":"pl-PL","potentialAction":[{"@type":"ReadAction","target":["https:\/\/www.amstelhouse.de\/pl\/hygiene\/"]}]},{"@type":"BreadcrumbList","@id":"https:\/\/www.amstelhouse.de\/pl\/hygiene\/#breadcrumb","itemListElement":[{"@type":"ListItem","position":1,"name":"Home","item":"https:\/\/www.amstelhouse.de\/pl\/"},{"@type":"ListItem","position":2,"name":"Hygiene"}]},{"@type":"WebSite","@id":"https:\/\/www.amstelhouse.de\/pl\/#website","url":"https:\/\/www.amstelhouse.de\/pl\/","name":"Amstel House (PL)","description":"Just another WordPress site","potentialAction":[{"@type":"SearchAction","target":{"@type":"EntryPoint","urlTemplate":"https:\/\/www.amstelhouse.de\/pl\/?s={search_term_string}"},"query-input":"required name=search_term_string"}],"inLanguage":"pl-PL"}]}},"_links":{"self":[{"href":"https:\/\/www.amstelhouse.de\/pl\/wp-json\/wp\/v2\/pages\/3281"}],"collection":[{"href":"https:\/\/www.amstelhouse.de\/pl\/wp-json\/wp\/v2\/pages"}],"about":[{"href":"https:\/\/www.amstelhouse.de\/pl\/wp-json\/wp\/v2\/types\/page"}],"author":[{"embeddable":true,"href":"https:\/\/www.amstelhouse.de\/pl\/wp-json\/wp\/v2\/users\/4"}],"replies":[{"embeddable":true,"href":"https:\/\/www.amstelhouse.de\/pl\/wp-json\/wp\/v2\/comments?post=3281"}],"version-history":[{"count":3,"href":"https:\/\/www.amstelhouse.de\/pl\/wp-json\/wp\/v2\/pages\/3281\/revisions"}],"predecessor-version":[{"id":3315,"href":"https:\/\/www.amstelhouse.de\/pl\/wp-json\/wp\/v2\/pages\/3281\/revisions\/3315"}],"wp:attachment":[{"href":"https:\/\/www.amstelhouse.de\/pl\/wp-json\/wp\/v2\/media?parent=3281"}],"curies":[{"name":"wp","href":"https:\/\/api.w.org\/{rel}","templated":true}]}}