{"id":333,"date":"2015-04-09T16:43:23","date_gmt":"2015-04-09T16:43:23","guid":{"rendered":"http:\/\/www.amstelhouse.de\/pl\/?page_id=333"},"modified":"2021-11-26T10:34:40","modified_gmt":"2021-11-26T10:34:40","slug":"sylwester-w-berlinie","status":"publish","type":"page","link":"https:\/\/www.amstelhouse.de\/pl\/oferty\/sylwester-w-berlinie\/","title":{"rendered":"Sylwester w Berlinie"},"content":{"rendered":"<h2 style=\"text-align: center;\"><strong>TANIE ZAKWATEROWANIE Z DU\u017b\u0104 ILO\u015aCI\u0104 IMPREZ<\/strong><\/h2>\n<p>Jaki jest najlepszy cel podr\u00f3\u017cy w Europie na Sylwestra? Oczywi\u015bcie Berlin! Aby mie\u0107 pewno\u015b\u0107, \u017ce Twoje oszcz\u0119dno\u015bci s\u0105 inwestowane w to, co najlepsze tej wyj\u0105tkowej nocy, Amstel House Hostel stworzy\u0142 specjaln\u0105 ofert\u0119. Tanie pokoje hostelowe, funky design i mn\u00f3stwo jedzenia, imprez i zabawy. Nasza specjalna oferta &#8222;Sylwester w Berlinie&#8221; obejmuje:<\/p>\n<ul>\n<li>3 nocy w dormitorium z czterema \u0142\u00f3\u017akami, z prywatnymi umywalkami oraz ze<\/li>\n<li>Wsp\u00f3ln\u0105 \u0142azienk\u0105 i toalet\u0105<\/li>\n<li>Przybycie przez siebie najp\u00f3\u017aniej do 30.12<\/li>\n<li>Wliczone w cen\u0119 All-You-Can-Eat-Burger-BBQ<\/li>\n<li>Ogromny bufet \u015bniadaniowy w Nowy Rok do 13.00<\/li>\n<\/ul>\n<h3 style=\"text-align: center;\">Za jedyne 119,- Euro za osob\u0119<a href=\"https:\/\/www.amstelhouse.de\/pl\/wp-content\/uploads\/sites\/33\/2015\/02\/oferty-travel-deals.png\"><img loading=\"lazy\" decoding=\"async\" class=\"alignnone size-full wp-image-862\" src=\"https:\/\/www.amstelhouse.de\/pl\/wp-content\/uploads\/sites\/33\/2015\/02\/oferty-travel-deals.png\" alt=\"Sylwester w Berlinie\" width=\"32\" height=\"32\" \/><\/a><\/h3>\n","protected":false},"excerpt":{"rendered":"<p>TANIE ZAKWATEROWANIE Z DU\u017b\u0104 ILO\u015aCI\u0104 IMPREZ Jaki jest najlepszy cel podr\u00f3\u017cy w Europie na Sylwestra? Oczywi\u015bcie Berlin! Aby mie\u0107 pewno\u015b\u0107, \u017ce Twoje oszcz\u0119dno\u015bci s\u0105 inwestowane w to, co najlepsze tej wyj\u0105tkowej nocy, Amstel House Hostel stworzy\u0142 specjaln\u0105 ofert\u0119. Tanie pokoje hostelowe, funky design i mn\u00f3stwo jedzenia, imprez i zabawy. Nasza specjalna oferta &#8222;Sylwester w Berlinie&#8221; [&hellip;]<\/p>\n","protected":false},"author":3,"featured_media":0,"parent":12,"menu_order":6,"comment_status":"closed","ping_status":"open","template":"page-offer-subpage.php","meta":{"footnotes":""},"class_list":["post-333","page","type-page","status-publish","hentry"],"acf":[],"yoast_head":"<!-- This site is optimized with the Yoast SEO plugin v20.8 - https:\/\/yoast.com\/wordpress\/plugins\/seo\/ -->\n<title>Sylwester w Berlinie | Hostele Oferty Specjalne<\/title>\n<meta name=\"description\" content=\"Centralnie po\u0142o\u017cony Amstel House Hostel Berlin oferuje ciekaw\u0105 &quot;Sylwester w Berlinie&quot;. Tanie pokoje, ca\u0142odobowy bar, \u015bniadanie i imprezowa atmosfera.\" \/>\n<meta name=\"robots\" content=\"index, follow, max-snippet:-1, max-image-preview:large, max-video-preview:-1\" \/>\n<link rel=\"canonical\" href=\"https:\/\/www.amstelhouse.de\/pl\/oferty\/sylwester-w-berlinie\/\" \/>\n<meta property=\"og:locale\" content=\"pl_PL\" \/>\n<meta property=\"og:type\" content=\"article\" \/>\n<meta property=\"og:title\" content=\"Sylwester w Berlinie | Hostele Oferty Specjalne\" \/>\n<meta property=\"og:description\" content=\"Centralnie po\u0142o\u017cony Amstel House Hostel Berlin oferuje ciekaw\u0105 &quot;Sylwester w Berlinie&quot;. Tanie pokoje, ca\u0142odobowy bar, \u015bniadanie i imprezowa atmosfera.\" \/>\n<meta property=\"og:url\" content=\"https:\/\/www.amstelhouse.de\/pl\/oferty\/sylwester-w-berlinie\/\" \/>\n<meta property=\"og:site_name\" content=\"Amstel House (PL)\" \/>\n<meta property=\"article:modified_time\" content=\"2021-11-26T10:34:40+00:00\" \/>\n<meta property=\"og:image\" content=\"https:\/\/www.amstelhouse.de\/pl\/wp-content\/uploads\/sites\/33\/2015\/02\/oferty-travel-deals.png\" \/>\n<meta name=\"twitter:label1\" content=\"Est. reading time\" \/>\n\t<meta name=\"twitter:data1\" content=\"1 minute\" \/>\n<script type=\"application\/ld+json\" class=\"yoast-schema-graph\">{\"@context\":\"https:\/\/schema.org\",\"@graph\":[{\"@type\":\"WebPage\",\"@id\":\"https:\/\/www.amstelhouse.de\/pl\/oferty\/sylwester-w-berlinie\/\",\"url\":\"https:\/\/www.amstelhouse.de\/pl\/oferty\/sylwester-w-berlinie\/\",\"name\":\"Sylwester w Berlinie | Hostele Oferty Specjalne\",\"isPartOf\":{\"@id\":\"https:\/\/www.amstelhouse.de\/pl\/#website\"},\"datePublished\":\"2015-04-09T16:43:23+00:00\",\"dateModified\":\"2021-11-26T10:34:40+00:00\",\"description\":\"Centralnie po\u0142o\u017cony Amstel House Hostel Berlin oferuje ciekaw\u0105 \\\"Sylwester w Berlinie\\\". Tanie pokoje, ca\u0142odobowy bar, \u015bniadanie i imprezowa atmosfera.\",\"breadcrumb\":{\"@id\":\"https:\/\/www.amstelhouse.de\/pl\/oferty\/sylwester-w-berlinie\/#breadcrumb\"},\"inLanguage\":\"pl-PL\",\"potentialAction\":[{\"@type\":\"ReadAction\",\"target\":[\"https:\/\/www.amstelhouse.de\/pl\/oferty\/sylwester-w-berlinie\/\"]}]},{\"@type\":\"BreadcrumbList\",\"@id\":\"https:\/\/www.amstelhouse.de\/pl\/oferty\/sylwester-w-berlinie\/#breadcrumb\",\"itemListElement\":[{\"@type\":\"ListItem\",\"position\":1,\"name\":\"Home\",\"item\":\"https:\/\/www.amstelhouse.de\/pl\/\"},{\"@type\":\"ListItem\",\"position\":2,\"name\":\"Oferty\",\"item\":\"https:\/\/www.amstelhouse.de\/pl\/oferty\/\"},{\"@type\":\"ListItem\",\"position\":3,\"name\":\"Sylwester w Berlinie\"}]},{\"@type\":\"WebSite\",\"@id\":\"https:\/\/www.amstelhouse.de\/pl\/#website\",\"url\":\"https:\/\/www.amstelhouse.de\/pl\/\",\"name\":\"Amstel House (PL)\",\"description\":\"Just another WordPress site\",\"potentialAction\":[{\"@type\":\"SearchAction\",\"target\":{\"@type\":\"EntryPoint\",\"urlTemplate\":\"https:\/\/www.amstelhouse.de\/pl\/?s={search_term_string}\"},\"query-input\":\"required name=search_term_string\"}],\"inLanguage\":\"pl-PL\"}]}<\/script>\n<!-- \/ Yoast SEO plugin. -->","yoast_head_json":{"title":"Sylwester w Berlinie | Hostele Oferty Specjalne","description":"Centralnie po\u0142o\u017cony Amstel House Hostel Berlin oferuje ciekaw\u0105 \"Sylwester w Berlinie\". Tanie pokoje, ca\u0142odobowy bar, \u015bniadanie i imprezowa atmosfera.","robots":{"index":"index","follow":"follow","max-snippet":"max-snippet:-1","max-image-preview":"max-image-preview:large","max-video-preview":"max-video-preview:-1"},"canonical":"https:\/\/www.amstelhouse.de\/pl\/oferty\/sylwester-w-berlinie\/","og_locale":"pl_PL","og_type":"article","og_title":"Sylwester w Berlinie | Hostele Oferty Specjalne","og_description":"Centralnie po\u0142o\u017cony Amstel House Hostel Berlin oferuje ciekaw\u0105 \"Sylwester w Berlinie\". Tanie pokoje, ca\u0142odobowy bar, \u015bniadanie i imprezowa atmosfera.","og_url":"https:\/\/www.amstelhouse.de\/pl\/oferty\/sylwester-w-berlinie\/","og_site_name":"Amstel House (PL)","article_modified_time":"2021-11-26T10:34:40+00:00","og_image":[{"url":"https:\/\/www.amstelhouse.de\/pl\/wp-content\/uploads\/sites\/33\/2015\/02\/oferty-travel-deals.png"}],"twitter_misc":{"Est. reading time":"1 minute"},"schema":{"@context":"https:\/\/schema.org","@graph":[{"@type":"WebPage","@id":"https:\/\/www.amstelhouse.de\/pl\/oferty\/sylwester-w-berlinie\/","url":"https:\/\/www.amstelhouse.de\/pl\/oferty\/sylwester-w-berlinie\/","name":"Sylwester w Berlinie | Hostele Oferty Specjalne","isPartOf":{"@id":"https:\/\/www.amstelhouse.de\/pl\/#website"},"datePublished":"2015-04-09T16:43:23+00:00","dateModified":"2021-11-26T10:34:40+00:00","description":"Centralnie po\u0142o\u017cony Amstel House Hostel Berlin oferuje ciekaw\u0105 \"Sylwester w Berlinie\". Tanie pokoje, ca\u0142odobowy bar, \u015bniadanie i imprezowa atmosfera.","breadcrumb":{"@id":"https:\/\/www.amstelhouse.de\/pl\/oferty\/sylwester-w-berlinie\/#breadcrumb"},"inLanguage":"pl-PL","potentialAction":[{"@type":"ReadAction","target":["https:\/\/www.amstelhouse.de\/pl\/oferty\/sylwester-w-berlinie\/"]}]},{"@type":"BreadcrumbList","@id":"https:\/\/www.amstelhouse.de\/pl\/oferty\/sylwester-w-berlinie\/#breadcrumb","itemListElement":[{"@type":"ListItem","position":1,"name":"Home","item":"https:\/\/www.amstelhouse.de\/pl\/"},{"@type":"ListItem","position":2,"name":"Oferty","item":"https:\/\/www.amstelhouse.de\/pl\/oferty\/"},{"@type":"ListItem","position":3,"name":"Sylwester w Berlinie"}]},{"@type":"WebSite","@id":"https:\/\/www.amstelhouse.de\/pl\/#website","url":"https:\/\/www.amstelhouse.de\/pl\/","name":"Amstel House (PL)","description":"Just another WordPress site","potentialAction":[{"@type":"SearchAction","target":{"@type":"EntryPoint","urlTemplate":"https:\/\/www.amstelhouse.de\/pl\/?s={search_term_string}"},"query-input":"required name=search_term_string"}],"inLanguage":"pl-PL"}]}},"_links":{"self":[{"href":"https:\/\/www.amstelhouse.de\/pl\/wp-json\/wp\/v2\/pages\/333"}],"collection":[{"href":"https:\/\/www.amstelhouse.de\/pl\/wp-json\/wp\/v2\/pages"}],"about":[{"href":"https:\/\/www.amstelhouse.de\/pl\/wp-json\/wp\/v2\/types\/page"}],"author":[{"embeddable":true,"href":"https:\/\/www.amstelhouse.de\/pl\/wp-json\/wp\/v2\/users\/3"}],"replies":[{"embeddable":true,"href":"https:\/\/www.amstelhouse.de\/pl\/wp-json\/wp\/v2\/comments?post=333"}],"version-history":[{"count":4,"href":"https:\/\/www.amstelhouse.de\/pl\/wp-json\/wp\/v2\/pages\/333\/revisions"}],"predecessor-version":[{"id":3050,"href":"https:\/\/www.amstelhouse.de\/pl\/wp-json\/wp\/v2\/pages\/333\/revisions\/3050"}],"up":[{"embeddable":true,"href":"https:\/\/www.amstelhouse.de\/pl\/wp-json\/wp\/v2\/pages\/12"}],"wp:attachment":[{"href":"https:\/\/www.amstelhouse.de\/pl\/wp-json\/wp\/v2\/media?parent=333"}],"curies":[{"name":"wp","href":"https:\/\/api.w.org\/{rel}","templated":true}]}}