{"id":76,"date":"2015-02-10T19:54:19","date_gmt":"2015-02-10T19:54:19","guid":{"rendered":"http:\/\/www.amstelhouse.de\/pl\/?page_id=76"},"modified":"2021-11-26T10:55:44","modified_gmt":"2021-11-26T10:55:44","slug":"best-price-guarantee","status":"publish","type":"page","link":"https:\/\/www.amstelhouse.de\/pl\/best-price-guarantee\/","title":{"rendered":"Best Price Guarantee"},"content":{"rendered":"<h2 id=\"stcpDiv\">The best prices always at our website!<\/h2>\n<p>As a Hostel and as passionate travellers ourselves we understand the significance of well spent money during a trip. Especially for backpackers and low budget travellers every penny saved with accommodation, for example, can be invested in more fun in the city visited or even mean an extra destination in the travel plan. Thinking about this and with respect to you, the Amstel House &#8211; together with many other hostels &#8211; would like to clarify an important detail about the<strong> Online Booking Channels<\/strong>, such as Hostelworld, Hostelbookers and Booking.com.<\/p>\n<p>We are certainly grateful to them. Many of our guests get to us thanks to their services, which in return makes it easier to find and book hostels online. However, the price for such services is getting too high. A commission of 10% to 20% &#8211; depending on the channel &#8211; is charged over every reservation. This means the identical beds\/rooms get more expensive on these websites, than they originally are. And you are the one paying for it!<\/p>\n<p>How to avoid it? Simply book directly on our website! Beside the BEST PRICE GUARANTEE, you get access to more room categories and availability, special offers, photos and information. Also, modifications, that you usually have to do over the booking channels you used, can be made with us directly.<\/p>\n<p>Why make it complicated when you can make it easy? Why make it expensive when you can have it cheap?<\/p>\n","protected":false},"excerpt":{"rendered":"<p>The best prices always at our website! As a Hostel and as passionate travellers ourselves we understand the significance of well spent money during a trip. Especially for backpackers and low budget travellers every penny saved with accommodation, for example, can be invested in more fun in the city visited or even mean an extra [&hellip;]<\/p>\n","protected":false},"author":2,"featured_media":0,"parent":0,"menu_order":4,"comment_status":"closed","ping_status":"closed","template":"","meta":{"footnotes":""},"class_list":["post-76","page","type-page","status-publish","hentry"],"acf":[],"yoast_head":"<!-- This site is optimized with the Yoast SEO plugin v20.8 - https:\/\/yoast.com\/wordpress\/plugins\/seo\/ -->\n<title>Gwarancja najlepszej ceny w Berlinie | Bud\u017cetowy hostel<\/title>\n<meta name=\"description\" content=\"Gwarancja najlepszej ceny w Berlinie? Zr\u00f3b to za po\u015brednictwem naszej strony! Jest to najlepsza mo\u017cliwo\u015b\u0107, kt\u00f3ra daje Ci dost\u0119p do wielu innych opcji.\" \/>\n<meta name=\"robots\" content=\"index, follow, max-snippet:-1, max-image-preview:large, max-video-preview:-1\" \/>\n<link rel=\"canonical\" href=\"https:\/\/www.amstelhouse.de\/pl\/best-price-guarantee\/\" \/>\n<meta property=\"og:locale\" content=\"pl_PL\" \/>\n<meta property=\"og:type\" content=\"article\" \/>\n<meta property=\"og:title\" content=\"Gwarancja najlepszej ceny w Berlinie | Bud\u017cetowy hostel\" \/>\n<meta property=\"og:description\" content=\"Gwarancja najlepszej ceny w Berlinie? Zr\u00f3b to za po\u015brednictwem naszej strony! Jest to najlepsza mo\u017cliwo\u015b\u0107, kt\u00f3ra daje Ci dost\u0119p do wielu innych opcji.\" \/>\n<meta property=\"og:url\" content=\"https:\/\/www.amstelhouse.de\/pl\/best-price-guarantee\/\" \/>\n<meta property=\"og:site_name\" content=\"Amstel House (PL)\" \/>\n<meta property=\"article:modified_time\" content=\"2021-11-26T10:55:44+00:00\" \/>\n<meta name=\"twitter:label1\" content=\"Est. reading time\" \/>\n\t<meta name=\"twitter:data1\" content=\"1 minute\" \/>\n<script type=\"application\/ld+json\" class=\"yoast-schema-graph\">{\"@context\":\"https:\/\/schema.org\",\"@graph\":[{\"@type\":\"WebPage\",\"@id\":\"https:\/\/www.amstelhouse.de\/pl\/best-price-guarantee\/\",\"url\":\"https:\/\/www.amstelhouse.de\/pl\/best-price-guarantee\/\",\"name\":\"Gwarancja najlepszej ceny w Berlinie | Bud\u017cetowy hostel\",\"isPartOf\":{\"@id\":\"https:\/\/www.amstelhouse.de\/pl\/#website\"},\"datePublished\":\"2015-02-10T19:54:19+00:00\",\"dateModified\":\"2021-11-26T10:55:44+00:00\",\"description\":\"Gwarancja najlepszej ceny w Berlinie? Zr\u00f3b to za po\u015brednictwem naszej strony! Jest to najlepsza mo\u017cliwo\u015b\u0107, kt\u00f3ra daje Ci dost\u0119p do wielu innych opcji.\",\"breadcrumb\":{\"@id\":\"https:\/\/www.amstelhouse.de\/pl\/best-price-guarantee\/#breadcrumb\"},\"inLanguage\":\"pl-PL\",\"potentialAction\":[{\"@type\":\"ReadAction\",\"target\":[\"https:\/\/www.amstelhouse.de\/pl\/best-price-guarantee\/\"]}]},{\"@type\":\"BreadcrumbList\",\"@id\":\"https:\/\/www.amstelhouse.de\/pl\/best-price-guarantee\/#breadcrumb\",\"itemListElement\":[{\"@type\":\"ListItem\",\"position\":1,\"name\":\"Home\",\"item\":\"https:\/\/www.amstelhouse.de\/pl\/\"},{\"@type\":\"ListItem\",\"position\":2,\"name\":\"Best Price Guarantee\"}]},{\"@type\":\"WebSite\",\"@id\":\"https:\/\/www.amstelhouse.de\/pl\/#website\",\"url\":\"https:\/\/www.amstelhouse.de\/pl\/\",\"name\":\"Amstel House (PL)\",\"description\":\"Just another WordPress site\",\"potentialAction\":[{\"@type\":\"SearchAction\",\"target\":{\"@type\":\"EntryPoint\",\"urlTemplate\":\"https:\/\/www.amstelhouse.de\/pl\/?s={search_term_string}\"},\"query-input\":\"required name=search_term_string\"}],\"inLanguage\":\"pl-PL\"}]}<\/script>\n<!-- \/ Yoast SEO plugin. -->","yoast_head_json":{"title":"Gwarancja najlepszej ceny w Berlinie | Bud\u017cetowy hostel","description":"Gwarancja najlepszej ceny w Berlinie? Zr\u00f3b to za po\u015brednictwem naszej strony! Jest to najlepsza mo\u017cliwo\u015b\u0107, kt\u00f3ra daje Ci dost\u0119p do wielu innych opcji.","robots":{"index":"index","follow":"follow","max-snippet":"max-snippet:-1","max-image-preview":"max-image-preview:large","max-video-preview":"max-video-preview:-1"},"canonical":"https:\/\/www.amstelhouse.de\/pl\/best-price-guarantee\/","og_locale":"pl_PL","og_type":"article","og_title":"Gwarancja najlepszej ceny w Berlinie | Bud\u017cetowy hostel","og_description":"Gwarancja najlepszej ceny w Berlinie? Zr\u00f3b to za po\u015brednictwem naszej strony! Jest to najlepsza mo\u017cliwo\u015b\u0107, kt\u00f3ra daje Ci dost\u0119p do wielu innych opcji.","og_url":"https:\/\/www.amstelhouse.de\/pl\/best-price-guarantee\/","og_site_name":"Amstel House (PL)","article_modified_time":"2021-11-26T10:55:44+00:00","twitter_misc":{"Est. reading time":"1 minute"},"schema":{"@context":"https:\/\/schema.org","@graph":[{"@type":"WebPage","@id":"https:\/\/www.amstelhouse.de\/pl\/best-price-guarantee\/","url":"https:\/\/www.amstelhouse.de\/pl\/best-price-guarantee\/","name":"Gwarancja najlepszej ceny w Berlinie | Bud\u017cetowy hostel","isPartOf":{"@id":"https:\/\/www.amstelhouse.de\/pl\/#website"},"datePublished":"2015-02-10T19:54:19+00:00","dateModified":"2021-11-26T10:55:44+00:00","description":"Gwarancja najlepszej ceny w Berlinie? Zr\u00f3b to za po\u015brednictwem naszej strony! Jest to najlepsza mo\u017cliwo\u015b\u0107, kt\u00f3ra daje Ci dost\u0119p do wielu innych opcji.","breadcrumb":{"@id":"https:\/\/www.amstelhouse.de\/pl\/best-price-guarantee\/#breadcrumb"},"inLanguage":"pl-PL","potentialAction":[{"@type":"ReadAction","target":["https:\/\/www.amstelhouse.de\/pl\/best-price-guarantee\/"]}]},{"@type":"BreadcrumbList","@id":"https:\/\/www.amstelhouse.de\/pl\/best-price-guarantee\/#breadcrumb","itemListElement":[{"@type":"ListItem","position":1,"name":"Home","item":"https:\/\/www.amstelhouse.de\/pl\/"},{"@type":"ListItem","position":2,"name":"Best Price Guarantee"}]},{"@type":"WebSite","@id":"https:\/\/www.amstelhouse.de\/pl\/#website","url":"https:\/\/www.amstelhouse.de\/pl\/","name":"Amstel House (PL)","description":"Just another WordPress site","potentialAction":[{"@type":"SearchAction","target":{"@type":"EntryPoint","urlTemplate":"https:\/\/www.amstelhouse.de\/pl\/?s={search_term_string}"},"query-input":"required name=search_term_string"}],"inLanguage":"pl-PL"}]}},"_links":{"self":[{"href":"https:\/\/www.amstelhouse.de\/pl\/wp-json\/wp\/v2\/pages\/76"}],"collection":[{"href":"https:\/\/www.amstelhouse.de\/pl\/wp-json\/wp\/v2\/pages"}],"about":[{"href":"https:\/\/www.amstelhouse.de\/pl\/wp-json\/wp\/v2\/types\/page"}],"author":[{"embeddable":true,"href":"https:\/\/www.amstelhouse.de\/pl\/wp-json\/wp\/v2\/users\/2"}],"replies":[{"embeddable":true,"href":"https:\/\/www.amstelhouse.de\/pl\/wp-json\/wp\/v2\/comments?post=76"}],"version-history":[{"count":5,"href":"https:\/\/www.amstelhouse.de\/pl\/wp-json\/wp\/v2\/pages\/76\/revisions"}],"predecessor-version":[{"id":844,"href":"https:\/\/www.amstelhouse.de\/pl\/wp-json\/wp\/v2\/pages\/76\/revisions\/844"}],"wp:attachment":[{"href":"https:\/\/www.amstelhouse.de\/pl\/wp-json\/wp\/v2\/media?parent=76"}],"curies":[{"name":"wp","href":"https:\/\/api.w.org\/{rel}","templated":true}]}}