{"id":82,"date":"2015-02-10T20:24:47","date_gmt":"2015-02-10T20:24:47","guid":{"rendered":"http:\/\/www.amstelhouse.de\/pl\/?page_id=82"},"modified":"2021-11-26T10:51:12","modified_gmt":"2021-11-26T10:51:12","slug":"imprint","status":"publish","type":"page","link":"https:\/\/www.amstelhouse.de\/pl\/imprint\/","title":{"rendered":"Imprint"},"content":{"rendered":"<h2>Amstel House GmbH<\/h2>\n<h4>Imprint: Tutaj znajdziesz wszystkie potrzebne informacje. Skontaktuj si\u0119 z nami, je\u017celi masz wi\u0119cej pyta\u0144.<\/h4>\n<p>represented by Bart Mouwen (managing director)<\/p>\n<p>Waldenserstra\u00dfe 31<br \/>\n10551 Berlin<\/p>\n<p>Fon +49-30-395 40 72<br \/>\nFax +49-30-396 50 92<\/p>\n<div id=\"stcpDiv\">E-Mail: info@amstelhouse.de<br \/>\nBlog:\u00a0<a href=\"http:\/\/www.amstelhouse.de\/blog\/\" target=\"_blank\" rel=\"noopener noreferrer\">www.amstelhouse.de\/blog<\/a><br \/>\nFacebook: <a href=\"https:\/\/www.facebook.com\/amstelhouse\/\" target=\"_blank\" rel=\"noopener noreferrer\">www.facebook.com\/amstelhouse<\/a><\/div>\n<h5>Responsible for content:<\/h5>\n<p>Bart Mouwen: +49-30-395 40 72<\/p>\n<p>Amtsgericht (county court) Berlin-Charlottenburg HRB: 97 607 B<\/p>\n<p>Tax ID no.: DE 242823062<\/p>\n<p>IBAN: DE 23 1004 0000 0100 4365 00<\/p>\n<p>BIC\/ SWIFT-Code: COBADEFFXXX<\/p>\n<h5 style=\"margin-top: 1.2em;\">Screendesign:<\/h5>\n<p>Reik Wendt<\/p>\n<h5>FrontEnd- &amp; BackEnd-Development:<\/h5>\n<p><a href=\"http:\/\/www.felixleupold.de\" target=\"_blank\" rel=\"noopener noreferrer\">Felix Leupold<\/a><\/p>\n<h5>Wichtiger Hinweis zu allen Links auf dieser Seite<\/h5>\n<p>Mit dem Urteil vom 12. Mai 1998 &#8211; 312 O 85\/98 &#8211; &#8222;Haftung f\u00fcr Links&#8221; hat das Landgericht (LG) in Hamburg entschieden, dass man durch die Anbringung eines Links die Inhalte der gelinkten Seite ggf. mit zu verantworten hat. Dies kann &#8211; so das LG &#8211; nur dadurch verhindert werden, indem man sich ausd\u00fccklich von diesen Inhalten distanziert.<\/p>\n<p>Hiermit distanzieren wir uns ausdr\u00fccklich von den Inhalten aller gelinkten Seiten auf dieser Homepage.<\/p>\n<p><strong>Online-Streitbeilegung<br \/>\n<\/strong>Gem\u00e4\u00df der Europ\u00e4ische Verordnung \u00fcber die Online-Streitbeilegung in Verbraucherangelegenheiten (ODR-Verordnung) weisen wir auf Plattform zur Online-Streitbeilegung der Europ\u00e4ischen Kommission hin: <u><a href=\"http:\/\/ec.europa.eu\/consumers\/odr\/\">http:\/\/ec.europa.eu\/consumers\/odr\/<\/a>\u00a0 <\/u><\/p>\n<p><strong>Disclaimer<br \/>\n<\/strong>Die Inhalte fremder Webseiten, auf die aus diesem Webangebot heraus verwiesen wird, unterliegen nicht unserem Verantwortungsbereich, daher k\u00f6nnen wir keine Verantwortung f\u00fcr den Inhalt der verlinkten Seiten \u00fcbernehmen, insbesondere nicht f\u00fcr \u00c4nderungen der Seiten, die nach dem Setzen des Links erfolgt sind.<\/p>\n<p><strong>Haftungshinweis<br \/>\n<\/strong>Alle in unseren Internetseiten enthaltenen Angaben und Informationen wurden sorgf\u00e4ltig recherchiert und gepr\u00fcft. Trotz aller Sorgfalt k\u00f6nnen wir f\u00fcr die Richtigkeit, Vollst\u00e4ndigkeit und Aktualit\u00e4t keine Gew\u00e4hr \u00fcbernehmen. Gleiches gilt auch f\u00fcr alle anderen Websites, auf die mittels Hyperlink verwiesen wird. Wir sind f\u00fcr den Inhalt der Websites, die aufgrund einer solchen Verbindung erreicht werden, nicht verantwortlich. Auch kann auf uns ohne unser Wissen von dritter Seite mittels Hyperlink verwiesen werden. Wir \u00fcbernehmen keine Verantwortung f\u00fcr Darstellungen oder Inhalte, die \u00fcber Verbindungen von Web-Seiten Dritter zu uns entstehen.<\/p>\n<p><strong>Urheberrecht:<br \/>\n<\/strong>Die durch die Seitenbetreiber erstellten Inhalte und Werke auf diesen Seiten unterliegen dem deutschen Urheberrecht. Die Vervielf\u00e4ltigung, Bearbeitung, Verbreitung und jede Art der Verwertung au\u00dferhalb der Grenzen des Urheberrechtes bed\u00fcrfen der schriftlichen Zustimmung des jeweiligen Autors bzw. Erstellers. Downloads und Kopien dieser Seite sind nur f\u00fcr den privaten, nicht kommerziellen Gebrauch gestattet. Soweit die Inhalte auf dieser Seite nicht vom Betreiber erstellt wurden, werden die Urheberrechte Dritter beachtet. Insbesondere werden Inhalte Dritter als solche gekennzeichnet. Sollten Sie trotzdem auf eine Urheberrechtsverletzung aufmerksam werden, bitten wir um einen entsprechenden Hinweis. Bei Bekanntwerden von Rechtsverletzungen werden wir derartige Inhalte umgehend entfernen.<\/p>\n<p><a href=\"http:\/\/www.amstelhouse.de\/pl\/wp-content\/uploads\/sites\/18\/2015\/02\/imprint.png\"><img loading=\"lazy\" decoding=\"async\" class=\"alignnone size-full wp-image-838\" src=\"http:\/\/www.amstelhouse.de\/pl\/wp-content\/uploads\/sites\/18\/2015\/02\/imprint.png\" alt=\"imprint\" width=\"32\" height=\"32\" \/><\/a><\/p>\n","protected":false},"excerpt":{"rendered":"<p>Amstel House GmbH Imprint: Tutaj znajdziesz wszystkie potrzebne informacje. Skontaktuj si\u0119 z nami, je\u017celi masz wi\u0119cej pyta\u0144. represented by Bart Mouwen (managing director) Waldenserstra\u00dfe 31 10551 Berlin Fon +49-30-395 40 72 Fax +49-30-396 50 92 E-Mail: info@amstelhouse.de Blog:\u00a0www.amstelhouse.de\/blog Facebook: www.facebook.com\/amstelhouse Responsible for content: Bart Mouwen: +49-30-395 40 72 Amtsgericht (county court) Berlin-Charlottenburg HRB: 97 607 [&hellip;]<\/p>\n","protected":false},"author":2,"featured_media":0,"parent":0,"menu_order":8,"comment_status":"closed","ping_status":"open","template":"","meta":{"footnotes":""},"class_list":["post-82","page","type-page","status-publish","hentry"],"acf":[],"yoast_head":"<!-- This site is optimized with the Yoast SEO plugin v20.8 - https:\/\/yoast.com\/wordpress\/plugins\/seo\/ -->\n<title>Informacje o firmie | Amstel House Hostel Berlin<\/title>\n<meta name=\"description\" content=\"Tutaj znajd\u0105 Pa\u0144stwo wszystkie informacje o Amstel House i jego stronie internetowej. W przypadku jakichkolwiek pyta\u0144, prosimy o kontakt z nami.\" \/>\n<meta name=\"robots\" content=\"index, follow, max-snippet:-1, max-image-preview:large, max-video-preview:-1\" \/>\n<link rel=\"canonical\" href=\"https:\/\/www.amstelhouse.de\/pl\/imprint\/\" \/>\n<meta property=\"og:locale\" content=\"pl_PL\" \/>\n<meta property=\"og:type\" content=\"article\" \/>\n<meta property=\"og:title\" content=\"Informacje o firmie | Amstel House Hostel Berlin\" \/>\n<meta property=\"og:description\" content=\"Tutaj znajd\u0105 Pa\u0144stwo wszystkie informacje o Amstel House i jego stronie internetowej. W przypadku jakichkolwiek pyta\u0144, prosimy o kontakt z nami.\" \/>\n<meta property=\"og:url\" content=\"https:\/\/www.amstelhouse.de\/pl\/imprint\/\" \/>\n<meta property=\"og:site_name\" content=\"Amstel House (PL)\" \/>\n<meta property=\"article:modified_time\" content=\"2021-11-26T10:51:12+00:00\" \/>\n<meta property=\"og:image\" content=\"http:\/\/www.amstelhouse.de\/pl\/wp-content\/uploads\/sites\/18\/2015\/02\/imprint.png\" \/>\n<meta name=\"twitter:label1\" content=\"Est. reading time\" \/>\n\t<meta name=\"twitter:data1\" content=\"2 minutes\" \/>\n<script type=\"application\/ld+json\" class=\"yoast-schema-graph\">{\"@context\":\"https:\/\/schema.org\",\"@graph\":[{\"@type\":\"WebPage\",\"@id\":\"https:\/\/www.amstelhouse.de\/pl\/imprint\/\",\"url\":\"https:\/\/www.amstelhouse.de\/pl\/imprint\/\",\"name\":\"Informacje o firmie | Amstel House Hostel Berlin\",\"isPartOf\":{\"@id\":\"https:\/\/www.amstelhouse.de\/pl\/#website\"},\"datePublished\":\"2015-02-10T20:24:47+00:00\",\"dateModified\":\"2021-11-26T10:51:12+00:00\",\"description\":\"Tutaj znajd\u0105 Pa\u0144stwo wszystkie informacje o Amstel House i jego stronie internetowej. W przypadku jakichkolwiek pyta\u0144, prosimy o kontakt z nami.\",\"breadcrumb\":{\"@id\":\"https:\/\/www.amstelhouse.de\/pl\/imprint\/#breadcrumb\"},\"inLanguage\":\"pl-PL\",\"potentialAction\":[{\"@type\":\"ReadAction\",\"target\":[\"https:\/\/www.amstelhouse.de\/pl\/imprint\/\"]}]},{\"@type\":\"BreadcrumbList\",\"@id\":\"https:\/\/www.amstelhouse.de\/pl\/imprint\/#breadcrumb\",\"itemListElement\":[{\"@type\":\"ListItem\",\"position\":1,\"name\":\"Home\",\"item\":\"https:\/\/www.amstelhouse.de\/pl\/\"},{\"@type\":\"ListItem\",\"position\":2,\"name\":\"Imprint\"}]},{\"@type\":\"WebSite\",\"@id\":\"https:\/\/www.amstelhouse.de\/pl\/#website\",\"url\":\"https:\/\/www.amstelhouse.de\/pl\/\",\"name\":\"Amstel House (PL)\",\"description\":\"Just another WordPress site\",\"potentialAction\":[{\"@type\":\"SearchAction\",\"target\":{\"@type\":\"EntryPoint\",\"urlTemplate\":\"https:\/\/www.amstelhouse.de\/pl\/?s={search_term_string}\"},\"query-input\":\"required name=search_term_string\"}],\"inLanguage\":\"pl-PL\"}]}<\/script>\n<!-- \/ Yoast SEO plugin. -->","yoast_head_json":{"title":"Informacje o firmie | Amstel House Hostel Berlin","description":"Tutaj znajd\u0105 Pa\u0144stwo wszystkie informacje o Amstel House i jego stronie internetowej. W przypadku jakichkolwiek pyta\u0144, prosimy o kontakt z nami.","robots":{"index":"index","follow":"follow","max-snippet":"max-snippet:-1","max-image-preview":"max-image-preview:large","max-video-preview":"max-video-preview:-1"},"canonical":"https:\/\/www.amstelhouse.de\/pl\/imprint\/","og_locale":"pl_PL","og_type":"article","og_title":"Informacje o firmie | Amstel House Hostel Berlin","og_description":"Tutaj znajd\u0105 Pa\u0144stwo wszystkie informacje o Amstel House i jego stronie internetowej. W przypadku jakichkolwiek pyta\u0144, prosimy o kontakt z nami.","og_url":"https:\/\/www.amstelhouse.de\/pl\/imprint\/","og_site_name":"Amstel House (PL)","article_modified_time":"2021-11-26T10:51:12+00:00","og_image":[{"url":"http:\/\/www.amstelhouse.de\/pl\/wp-content\/uploads\/sites\/18\/2015\/02\/imprint.png"}],"twitter_misc":{"Est. reading time":"2 minutes"},"schema":{"@context":"https:\/\/schema.org","@graph":[{"@type":"WebPage","@id":"https:\/\/www.amstelhouse.de\/pl\/imprint\/","url":"https:\/\/www.amstelhouse.de\/pl\/imprint\/","name":"Informacje o firmie | Amstel House Hostel Berlin","isPartOf":{"@id":"https:\/\/www.amstelhouse.de\/pl\/#website"},"datePublished":"2015-02-10T20:24:47+00:00","dateModified":"2021-11-26T10:51:12+00:00","description":"Tutaj znajd\u0105 Pa\u0144stwo wszystkie informacje o Amstel House i jego stronie internetowej. W przypadku jakichkolwiek pyta\u0144, prosimy o kontakt z nami.","breadcrumb":{"@id":"https:\/\/www.amstelhouse.de\/pl\/imprint\/#breadcrumb"},"inLanguage":"pl-PL","potentialAction":[{"@type":"ReadAction","target":["https:\/\/www.amstelhouse.de\/pl\/imprint\/"]}]},{"@type":"BreadcrumbList","@id":"https:\/\/www.amstelhouse.de\/pl\/imprint\/#breadcrumb","itemListElement":[{"@type":"ListItem","position":1,"name":"Home","item":"https:\/\/www.amstelhouse.de\/pl\/"},{"@type":"ListItem","position":2,"name":"Imprint"}]},{"@type":"WebSite","@id":"https:\/\/www.amstelhouse.de\/pl\/#website","url":"https:\/\/www.amstelhouse.de\/pl\/","name":"Amstel House (PL)","description":"Just another WordPress site","potentialAction":[{"@type":"SearchAction","target":{"@type":"EntryPoint","urlTemplate":"https:\/\/www.amstelhouse.de\/pl\/?s={search_term_string}"},"query-input":"required name=search_term_string"}],"inLanguage":"pl-PL"}]}},"_links":{"self":[{"href":"https:\/\/www.amstelhouse.de\/pl\/wp-json\/wp\/v2\/pages\/82"}],"collection":[{"href":"https:\/\/www.amstelhouse.de\/pl\/wp-json\/wp\/v2\/pages"}],"about":[{"href":"https:\/\/www.amstelhouse.de\/pl\/wp-json\/wp\/v2\/types\/page"}],"author":[{"embeddable":true,"href":"https:\/\/www.amstelhouse.de\/pl\/wp-json\/wp\/v2\/users\/2"}],"replies":[{"embeddable":true,"href":"https:\/\/www.amstelhouse.de\/pl\/wp-json\/wp\/v2\/comments?post=82"}],"version-history":[{"count":6,"href":"https:\/\/www.amstelhouse.de\/pl\/wp-json\/wp\/v2\/pages\/82\/revisions"}],"predecessor-version":[{"id":3327,"href":"https:\/\/www.amstelhouse.de\/pl\/wp-json\/wp\/v2\/pages\/82\/revisions\/3327"}],"wp:attachment":[{"href":"https:\/\/www.amstelhouse.de\/pl\/wp-json\/wp\/v2\/media?parent=82"}],"curies":[{"name":"wp","href":"https:\/\/api.w.org\/{rel}","templated":true}]}}