{"id":12,"date":"2015-02-05T17:46:58","date_gmt":"2015-02-05T17:46:58","guid":{"rendered":"http:\/\/www.amstelhouse.de\/pt\/?page_id=12"},"modified":"2019-11-13T15:48:07","modified_gmt":"2019-11-13T15:48:07","slug":"ofertas-de-viagem","status":"publish","type":"page","link":"https:\/\/www.amstelhouse.de\/pt\/ofertas-de-viagem\/","title":{"rendered":"OFERTAS"},"content":{"rendered":"<h1 style=\"text-align: center;\">OFERTAS DE VIAGENS A BERLIM<\/h1>\n<h2 style=\"text-align: center;\"><strong>NOSSAS MELHORES TARIFAS DE HOSTEL<\/strong><\/h2>\n<p>Estudantes, viajantes solo, atletas, fam\u00edlias e casais: cada um tem uma raz\u00e3o especial para escolher Berlim como destino de viagem &#8211; bem como diferentes aspectos a considerar quando a procura de hospedagem. Mas h\u00e1 um desejo que todos t\u00eam em comum: encontrar o melhor lugar pelo pre\u00e7o mais baixo. Espa\u00e7oso e vers\u00e1til, o Amstel House Hostel Berlin oferece uma s\u00e9rie de ofertas de viagem, cada uma cuidadosamente concebida para um tipo \u00fanico de viajante. Estas ofertas especiais de hostel incluem pernoite e servi\u00e7os a pre\u00e7os promocionais. Uma delas se encaixa perfeitamente a voc\u00ea. Confira e escolha a sua.<\/p>\n<p>&nbsp;<\/p>\n","protected":false},"excerpt":{"rendered":"<p>OFERTAS DE VIAGENS A BERLIM NOSSAS MELHORES TARIFAS DE HOSTEL Estudantes, viajantes solo, atletas, fam\u00edlias e casais: cada um tem uma raz\u00e3o especial para escolher Berlim como destino de viagem &#8211; bem como diferentes aspectos a considerar quando a procura de hospedagem. Mas h\u00e1 um desejo que todos t\u00eam em comum: encontrar o melhor lugar [&hellip;]<\/p>\n","protected":false},"author":2,"featured_media":3027,"parent":0,"menu_order":11,"comment_status":"closed","ping_status":"closed","template":"page-offers.php","meta":{"footnotes":""},"class_list":["post-12","page","type-page","status-publish","has-post-thumbnail","hentry"],"acf":[],"yoast_head":"<!-- This site is optimized with the Yoast SEO plugin v20.8 - https:\/\/yoast.com\/wordpress\/plugins\/seo\/ -->\n<title>Ofertas de Viagem | Promo\u00e7\u00f5es de Hospedagem | Amstel House Hostel Berlin<\/title>\n<meta name=\"description\" content=\"As ofertas de viagem ideais para uma sua estadia no centro de Berlin. De quartos familiares a especiais de fim-de-semana, oferecemos pacotes bons e baratos.\" \/>\n<meta name=\"robots\" content=\"noindex, follow\" \/>\n<meta property=\"og:locale\" content=\"pt_PT\" \/>\n<meta property=\"og:type\" content=\"article\" \/>\n<meta property=\"og:title\" content=\"Ofertas de Viagem | Promo\u00e7\u00f5es de Hospedagem | Amstel House Hostel Berlin\" \/>\n<meta property=\"og:description\" content=\"As ofertas de viagem ideais para uma sua estadia no centro de Berlin. De quartos familiares a especiais de fim-de-semana, oferecemos pacotes bons e baratos.\" \/>\n<meta property=\"og:url\" content=\"https:\/\/www.amstelhouse.de\/pt\/ofertas-de-viagem\/\" \/>\n<meta property=\"og:site_name\" content=\"Amstel House (PT)\" \/>\n<meta property=\"article:modified_time\" content=\"2019-11-13T15:48:07+00:00\" \/>\n<meta property=\"og:image\" content=\"https:\/\/www.amstelhouse.de\/pt\/wp-content\/uploads\/sites\/35\/2019\/11\/amstel-hostel-berlim-economico-ofertas-de-veiagem.jpg\" \/>\n\t<meta property=\"og:image:width\" content=\"1200\" \/>\n\t<meta property=\"og:image:height\" content=\"480\" \/>\n\t<meta property=\"og:image:type\" content=\"image\/jpeg\" \/>\n<meta name=\"twitter:label1\" content=\"Est. reading time\" \/>\n\t<meta name=\"twitter:data1\" content=\"1 minute\" \/>\n<script type=\"application\/ld+json\" class=\"yoast-schema-graph\">{\"@context\":\"https:\/\/schema.org\",\"@graph\":[{\"@type\":\"WebPage\",\"@id\":\"https:\/\/www.amstelhouse.de\/pt\/ofertas-de-viagem\/\",\"url\":\"https:\/\/www.amstelhouse.de\/pt\/ofertas-de-viagem\/\",\"name\":\"Ofertas de Viagem | Promo\u00e7\u00f5es de Hospedagem | Amstel House Hostel Berlin\",\"isPartOf\":{\"@id\":\"https:\/\/www.amstelhouse.de\/pt\/#website\"},\"datePublished\":\"2015-02-05T17:46:58+00:00\",\"dateModified\":\"2019-11-13T15:48:07+00:00\",\"description\":\"As ofertas de viagem ideais para uma sua estadia no centro de Berlin. De quartos familiares a especiais de fim-de-semana, oferecemos pacotes bons e baratos.\",\"breadcrumb\":{\"@id\":\"https:\/\/www.amstelhouse.de\/pt\/ofertas-de-viagem\/#breadcrumb\"},\"inLanguage\":\"pt-PT\",\"potentialAction\":[{\"@type\":\"ReadAction\",\"target\":[\"https:\/\/www.amstelhouse.de\/pt\/ofertas-de-viagem\/\"]}]},{\"@type\":\"BreadcrumbList\",\"@id\":\"https:\/\/www.amstelhouse.de\/pt\/ofertas-de-viagem\/#breadcrumb\",\"itemListElement\":[{\"@type\":\"ListItem\",\"position\":1,\"name\":\"Home\",\"item\":\"https:\/\/www.amstelhouse.de\/pt\/\"},{\"@type\":\"ListItem\",\"position\":2,\"name\":\"OFERTAS\"}]},{\"@type\":\"WebSite\",\"@id\":\"https:\/\/www.amstelhouse.de\/pt\/#website\",\"url\":\"https:\/\/www.amstelhouse.de\/pt\/\",\"name\":\"Amstel House (PT)\",\"description\":\"\",\"potentialAction\":[{\"@type\":\"SearchAction\",\"target\":{\"@type\":\"EntryPoint\",\"urlTemplate\":\"https:\/\/www.amstelhouse.de\/pt\/?s={search_term_string}\"},\"query-input\":\"required name=search_term_string\"}],\"inLanguage\":\"pt-PT\"}]}<\/script>\n<!-- \/ Yoast SEO plugin. -->","yoast_head_json":{"title":"Ofertas de Viagem | Promo\u00e7\u00f5es de Hospedagem | Amstel House Hostel Berlin","description":"As ofertas de viagem ideais para uma sua estadia no centro de Berlin. De quartos familiares a especiais de fim-de-semana, oferecemos pacotes bons e baratos.","robots":{"index":"noindex","follow":"follow"},"og_locale":"pt_PT","og_type":"article","og_title":"Ofertas de Viagem | Promo\u00e7\u00f5es de Hospedagem | Amstel House Hostel Berlin","og_description":"As ofertas de viagem ideais para uma sua estadia no centro de Berlin. De quartos familiares a especiais de fim-de-semana, oferecemos pacotes bons e baratos.","og_url":"https:\/\/www.amstelhouse.de\/pt\/ofertas-de-viagem\/","og_site_name":"Amstel House (PT)","article_modified_time":"2019-11-13T15:48:07+00:00","og_image":[{"width":1200,"height":480,"url":"https:\/\/www.amstelhouse.de\/pt\/wp-content\/uploads\/sites\/35\/2019\/11\/amstel-hostel-berlim-economico-ofertas-de-veiagem.jpg","type":"image\/jpeg"}],"twitter_misc":{"Est. reading time":"1 minute"},"schema":{"@context":"https:\/\/schema.org","@graph":[{"@type":"WebPage","@id":"https:\/\/www.amstelhouse.de\/pt\/ofertas-de-viagem\/","url":"https:\/\/www.amstelhouse.de\/pt\/ofertas-de-viagem\/","name":"Ofertas de Viagem | Promo\u00e7\u00f5es de Hospedagem | Amstel House Hostel Berlin","isPartOf":{"@id":"https:\/\/www.amstelhouse.de\/pt\/#website"},"datePublished":"2015-02-05T17:46:58+00:00","dateModified":"2019-11-13T15:48:07+00:00","description":"As ofertas de viagem ideais para uma sua estadia no centro de Berlin. De quartos familiares a especiais de fim-de-semana, oferecemos pacotes bons e baratos.","breadcrumb":{"@id":"https:\/\/www.amstelhouse.de\/pt\/ofertas-de-viagem\/#breadcrumb"},"inLanguage":"pt-PT","potentialAction":[{"@type":"ReadAction","target":["https:\/\/www.amstelhouse.de\/pt\/ofertas-de-viagem\/"]}]},{"@type":"BreadcrumbList","@id":"https:\/\/www.amstelhouse.de\/pt\/ofertas-de-viagem\/#breadcrumb","itemListElement":[{"@type":"ListItem","position":1,"name":"Home","item":"https:\/\/www.amstelhouse.de\/pt\/"},{"@type":"ListItem","position":2,"name":"OFERTAS"}]},{"@type":"WebSite","@id":"https:\/\/www.amstelhouse.de\/pt\/#website","url":"https:\/\/www.amstelhouse.de\/pt\/","name":"Amstel House (PT)","description":"","potentialAction":[{"@type":"SearchAction","target":{"@type":"EntryPoint","urlTemplate":"https:\/\/www.amstelhouse.de\/pt\/?s={search_term_string}"},"query-input":"required name=search_term_string"}],"inLanguage":"pt-PT"}]}},"_links":{"self":[{"href":"https:\/\/www.amstelhouse.de\/pt\/wp-json\/wp\/v2\/pages\/12"}],"collection":[{"href":"https:\/\/www.amstelhouse.de\/pt\/wp-json\/wp\/v2\/pages"}],"about":[{"href":"https:\/\/www.amstelhouse.de\/pt\/wp-json\/wp\/v2\/types\/page"}],"author":[{"embeddable":true,"href":"https:\/\/www.amstelhouse.de\/pt\/wp-json\/wp\/v2\/users\/2"}],"replies":[{"embeddable":true,"href":"https:\/\/www.amstelhouse.de\/pt\/wp-json\/wp\/v2\/comments?post=12"}],"version-history":[{"count":6,"href":"https:\/\/www.amstelhouse.de\/pt\/wp-json\/wp\/v2\/pages\/12\/revisions"}],"predecessor-version":[{"id":3070,"href":"https:\/\/www.amstelhouse.de\/pt\/wp-json\/wp\/v2\/pages\/12\/revisions\/3070"}],"wp:featuredmedia":[{"embeddable":true,"href":"https:\/\/www.amstelhouse.de\/pt\/wp-json\/wp\/v2\/media\/3027"}],"wp:attachment":[{"href":"https:\/\/www.amstelhouse.de\/pt\/wp-json\/wp\/v2\/media?parent=12"}],"curies":[{"name":"wp","href":"https:\/\/api.w.org\/{rel}","templated":true}]}}