{"id":14,"date":"2015-02-05T17:44:17","date_gmt":"2015-02-05T17:44:17","guid":{"rendered":"http:\/\/www.amstelhouse.de\/pt\/?page_id=14"},"modified":"2019-11-13T15:47:56","modified_gmt":"2019-11-13T15:47:56","slug":"hospedagem-para-grupo","status":"publish","type":"page","link":"https:\/\/www.amstelhouse.de\/pt\/hospedagem-para-grupo\/","title":{"rendered":"Grupos"},"content":{"rendered":"<h1 style=\"text-align: center;\"><span id=\"result_box\" class=\"short_text\" lang=\"pt\"><span class=\"\">Hospedagem para grupos<br \/>\n<\/span><\/span><\/h1>\n<h2 style=\"text-align: center;\">ESTADIA EM HOSTEL PARA 12 OU MAIS PESSOAS<\/h2>\n<p>O Amstel House Hostel Berlin tem mais de 10 anos de experi\u00eancia em hospedagem para grupos. N\u00f3s oferecemos uma variada gama de tipos de quartos limpos, confort\u00e1veis e de baixo or\u00e7amento &#8211; incluindo suites privadas para guias e professores. Nossas instala\u00e7\u00f5es s\u00e3o modernas e bem equipadas. A cafeteria tem espa\u00e7o para at\u00e9 120 pessoas e oferece servi\u00e7o de meia pens\u00e3o ou pens\u00e3o completa, bem como pacotes de almo\u00e7o e Burger BBQs. Tamb\u00e9m temos muitas op\u00e7\u00f5es de lazer. O ambiente perfeito para grupos escolares. O know-how da nossa equipe, combinado com parceiros altamente profissionais, fornece apoio no seu planejamento de viagem, bem como uma s\u00e9rie de programas especiais, promocionais e criativos em Berlim.<\/p>\n<p>&nbsp;<\/p>\n","protected":false},"excerpt":{"rendered":"<p>Hospedagem para grupos ESTADIA EM HOSTEL PARA 12 OU MAIS PESSOAS O Amstel House Hostel Berlin tem mais de 10 anos de experi\u00eancia em hospedagem para grupos. N\u00f3s oferecemos uma variada gama de tipos de quartos limpos, confort\u00e1veis e de baixo or\u00e7amento &#8211; incluindo suites privadas para guias e professores. Nossas instala\u00e7\u00f5es s\u00e3o modernas e [&hellip;]<\/p>\n","protected":false},"author":2,"featured_media":2559,"parent":0,"menu_order":18,"comment_status":"closed","ping_status":"closed","template":"page-offer-groups.php","meta":{"footnotes":""},"class_list":["post-14","page","type-page","status-publish","has-post-thumbnail","hentry"],"acf":[],"yoast_head":"<!-- This site is optimized with the Yoast SEO plugin v20.8 - https:\/\/yoast.com\/wordpress\/plugins\/seo\/ -->\n<title>Hospedagem para Grupos em Berlim | Oferta de Viagem | Amstel House Hostel<\/title>\n<meta name=\"description\" content=\"A perfeita hospedagem para grupo em Berlim: localiza\u00e7\u00e3o central, tarifas econ\u00f4micas, muitas e modernas areas comuns, al\u00e9m de assitencia de planejamento.\" \/>\n<meta name=\"robots\" content=\"index, follow, max-snippet:-1, max-image-preview:large, max-video-preview:-1\" \/>\n<link rel=\"canonical\" href=\"https:\/\/www.amstelhouse.de\/pt\/hospedagem-para-grupo\/\" \/>\n<meta property=\"og:locale\" content=\"pt_PT\" \/>\n<meta property=\"og:type\" content=\"article\" \/>\n<meta property=\"og:title\" content=\"Hospedagem para Grupos em Berlim | Oferta de Viagem | Amstel House Hostel\" \/>\n<meta property=\"og:description\" content=\"A perfeita hospedagem para grupo em Berlim: localiza\u00e7\u00e3o central, tarifas econ\u00f4micas, muitas e modernas areas comuns, al\u00e9m de assitencia de planejamento.\" \/>\n<meta property=\"og:url\" content=\"https:\/\/www.amstelhouse.de\/pt\/hospedagem-para-grupo\/\" \/>\n<meta property=\"og:site_name\" content=\"Amstel House (PT)\" \/>\n<meta property=\"article:modified_time\" content=\"2019-11-13T15:47:56+00:00\" \/>\n<meta property=\"og:image\" content=\"https:\/\/www.amstelhouse.de\/pt\/wp-content\/uploads\/sites\/35\/2018\/07\/hospedagem-grupo-berlim.jpg\" \/>\n\t<meta property=\"og:image:width\" content=\"1800\" \/>\n\t<meta property=\"og:image:height\" content=\"720\" \/>\n\t<meta property=\"og:image:type\" content=\"image\/jpeg\" \/>\n<meta name=\"twitter:label1\" content=\"Est. reading time\" \/>\n\t<meta name=\"twitter:data1\" content=\"1 minute\" \/>\n<script type=\"application\/ld+json\" class=\"yoast-schema-graph\">{\"@context\":\"https:\/\/schema.org\",\"@graph\":[{\"@type\":\"WebPage\",\"@id\":\"https:\/\/www.amstelhouse.de\/pt\/hospedagem-para-grupo\/\",\"url\":\"https:\/\/www.amstelhouse.de\/pt\/hospedagem-para-grupo\/\",\"name\":\"Hospedagem para Grupos em Berlim | Oferta de Viagem | Amstel House Hostel\",\"isPartOf\":{\"@id\":\"https:\/\/www.amstelhouse.de\/pt\/#website\"},\"datePublished\":\"2015-02-05T17:44:17+00:00\",\"dateModified\":\"2019-11-13T15:47:56+00:00\",\"description\":\"A perfeita hospedagem para grupo em Berlim: localiza\u00e7\u00e3o central, tarifas econ\u00f4micas, muitas e modernas areas comuns, al\u00e9m de assitencia de planejamento.\",\"breadcrumb\":{\"@id\":\"https:\/\/www.amstelhouse.de\/pt\/hospedagem-para-grupo\/#breadcrumb\"},\"inLanguage\":\"pt-PT\",\"potentialAction\":[{\"@type\":\"ReadAction\",\"target\":[\"https:\/\/www.amstelhouse.de\/pt\/hospedagem-para-grupo\/\"]}]},{\"@type\":\"BreadcrumbList\",\"@id\":\"https:\/\/www.amstelhouse.de\/pt\/hospedagem-para-grupo\/#breadcrumb\",\"itemListElement\":[{\"@type\":\"ListItem\",\"position\":1,\"name\":\"Home\",\"item\":\"https:\/\/www.amstelhouse.de\/pt\/\"},{\"@type\":\"ListItem\",\"position\":2,\"name\":\"Grupos\"}]},{\"@type\":\"WebSite\",\"@id\":\"https:\/\/www.amstelhouse.de\/pt\/#website\",\"url\":\"https:\/\/www.amstelhouse.de\/pt\/\",\"name\":\"Amstel House (PT)\",\"description\":\"\",\"potentialAction\":[{\"@type\":\"SearchAction\",\"target\":{\"@type\":\"EntryPoint\",\"urlTemplate\":\"https:\/\/www.amstelhouse.de\/pt\/?s={search_term_string}\"},\"query-input\":\"required name=search_term_string\"}],\"inLanguage\":\"pt-PT\"}]}<\/script>\n<!-- \/ Yoast SEO plugin. -->","yoast_head_json":{"title":"Hospedagem para Grupos em Berlim | Oferta de Viagem | Amstel House Hostel","description":"A perfeita hospedagem para grupo em Berlim: localiza\u00e7\u00e3o central, tarifas econ\u00f4micas, muitas e modernas areas comuns, al\u00e9m de assitencia de planejamento.","robots":{"index":"index","follow":"follow","max-snippet":"max-snippet:-1","max-image-preview":"max-image-preview:large","max-video-preview":"max-video-preview:-1"},"canonical":"https:\/\/www.amstelhouse.de\/pt\/hospedagem-para-grupo\/","og_locale":"pt_PT","og_type":"article","og_title":"Hospedagem para Grupos em Berlim | Oferta de Viagem | Amstel House Hostel","og_description":"A perfeita hospedagem para grupo em Berlim: localiza\u00e7\u00e3o central, tarifas econ\u00f4micas, muitas e modernas areas comuns, al\u00e9m de assitencia de planejamento.","og_url":"https:\/\/www.amstelhouse.de\/pt\/hospedagem-para-grupo\/","og_site_name":"Amstel House (PT)","article_modified_time":"2019-11-13T15:47:56+00:00","og_image":[{"width":1800,"height":720,"url":"https:\/\/www.amstelhouse.de\/pt\/wp-content\/uploads\/sites\/35\/2018\/07\/hospedagem-grupo-berlim.jpg","type":"image\/jpeg"}],"twitter_misc":{"Est. reading time":"1 minute"},"schema":{"@context":"https:\/\/schema.org","@graph":[{"@type":"WebPage","@id":"https:\/\/www.amstelhouse.de\/pt\/hospedagem-para-grupo\/","url":"https:\/\/www.amstelhouse.de\/pt\/hospedagem-para-grupo\/","name":"Hospedagem para Grupos em Berlim | Oferta de Viagem | Amstel House Hostel","isPartOf":{"@id":"https:\/\/www.amstelhouse.de\/pt\/#website"},"datePublished":"2015-02-05T17:44:17+00:00","dateModified":"2019-11-13T15:47:56+00:00","description":"A perfeita hospedagem para grupo em Berlim: localiza\u00e7\u00e3o central, tarifas econ\u00f4micas, muitas e modernas areas comuns, al\u00e9m de assitencia de planejamento.","breadcrumb":{"@id":"https:\/\/www.amstelhouse.de\/pt\/hospedagem-para-grupo\/#breadcrumb"},"inLanguage":"pt-PT","potentialAction":[{"@type":"ReadAction","target":["https:\/\/www.amstelhouse.de\/pt\/hospedagem-para-grupo\/"]}]},{"@type":"BreadcrumbList","@id":"https:\/\/www.amstelhouse.de\/pt\/hospedagem-para-grupo\/#breadcrumb","itemListElement":[{"@type":"ListItem","position":1,"name":"Home","item":"https:\/\/www.amstelhouse.de\/pt\/"},{"@type":"ListItem","position":2,"name":"Grupos"}]},{"@type":"WebSite","@id":"https:\/\/www.amstelhouse.de\/pt\/#website","url":"https:\/\/www.amstelhouse.de\/pt\/","name":"Amstel House (PT)","description":"","potentialAction":[{"@type":"SearchAction","target":{"@type":"EntryPoint","urlTemplate":"https:\/\/www.amstelhouse.de\/pt\/?s={search_term_string}"},"query-input":"required name=search_term_string"}],"inLanguage":"pt-PT"}]}},"_links":{"self":[{"href":"https:\/\/www.amstelhouse.de\/pt\/wp-json\/wp\/v2\/pages\/14"}],"collection":[{"href":"https:\/\/www.amstelhouse.de\/pt\/wp-json\/wp\/v2\/pages"}],"about":[{"href":"https:\/\/www.amstelhouse.de\/pt\/wp-json\/wp\/v2\/types\/page"}],"author":[{"embeddable":true,"href":"https:\/\/www.amstelhouse.de\/pt\/wp-json\/wp\/v2\/users\/2"}],"replies":[{"embeddable":true,"href":"https:\/\/www.amstelhouse.de\/pt\/wp-json\/wp\/v2\/comments?post=14"}],"version-history":[{"count":7,"href":"https:\/\/www.amstelhouse.de\/pt\/wp-json\/wp\/v2\/pages\/14\/revisions"}],"predecessor-version":[{"id":3087,"href":"https:\/\/www.amstelhouse.de\/pt\/wp-json\/wp\/v2\/pages\/14\/revisions\/3087"}],"wp:featuredmedia":[{"embeddable":true,"href":"https:\/\/www.amstelhouse.de\/pt\/wp-json\/wp\/v2\/media\/2559"}],"wp:attachment":[{"href":"https:\/\/www.amstelhouse.de\/pt\/wp-json\/wp\/v2\/media?parent=14"}],"curies":[{"name":"wp","href":"https:\/\/api.w.org\/{rel}","templated":true}]}}