{"id":149,"date":"2015-02-11T04:25:47","date_gmt":"2015-02-11T04:25:47","guid":{"rendered":"http:\/\/www.amstelhouse.de\/pt\/?page_id=149"},"modified":"2020-01-16T10:58:21","modified_gmt":"2020-01-16T10:58:21","slug":"amstel-house-hostel-berlin","status":"publish","type":"page","link":"https:\/\/www.amstelhouse.de\/pt\/","title":{"rendered":"Amstel House Hostel Berlin"},"content":{"rendered":"","protected":false},"excerpt":{"rendered":"","protected":false},"author":2,"featured_media":0,"parent":0,"menu_order":1,"comment_status":"closed","ping_status":"open","template":"front-page.php","meta":{"footnotes":""},"class_list":["post-149","page","type-page","status-publish","hentry"],"acf":[],"yoast_head":"<!-- This site is optimized with the Yoast SEO plugin v20.8 - https:\/\/yoast.com\/wordpress\/plugins\/seo\/ -->\n<title>Melhor Budget Hostel no centro de Berlim | Amstel House Hostel Berlin<\/title>\n<meta name=\"description\" content=\"Fique no melhor budget Hostel no centro de Berlim. Oferecemos design, al\u00e9m de uma gama de servi\u00e7os e quartos a pre\u00e7os acess\u00edveis. Confira nossas tarifas.\" \/>\n<meta name=\"robots\" content=\"index, follow, max-snippet:-1, max-image-preview:large, max-video-preview:-1\" \/>\n<link rel=\"canonical\" href=\"https:\/\/www.amstelhouse.de\/pt\/\" \/>\n<meta property=\"og:locale\" content=\"pt_PT\" \/>\n<meta property=\"og:type\" content=\"article\" \/>\n<meta property=\"og:title\" content=\"Melhor Budget Hostel no centro de Berlim | Amstel House Hostel Berlin\" \/>\n<meta property=\"og:description\" content=\"Fique no melhor budget Hostel no centro de Berlim. Oferecemos design, al\u00e9m de uma gama de servi\u00e7os e quartos a pre\u00e7os acess\u00edveis. Confira nossas tarifas.\" \/>\n<meta property=\"og:url\" content=\"https:\/\/www.amstelhouse.de\/pt\/\" \/>\n<meta property=\"og:site_name\" content=\"Amstel House (PT)\" \/>\n<meta property=\"article:modified_time\" content=\"2020-01-16T10:58:21+00:00\" \/>\n<script type=\"application\/ld+json\" class=\"yoast-schema-graph\">{\"@context\":\"https:\/\/schema.org\",\"@graph\":[{\"@type\":\"WebPage\",\"@id\":\"https:\/\/www.amstelhouse.de\/pt\/\",\"url\":\"https:\/\/www.amstelhouse.de\/pt\/\",\"name\":\"Melhor Budget Hostel no centro de Berlim | Amstel House Hostel Berlin\",\"isPartOf\":{\"@id\":\"https:\/\/www.amstelhouse.de\/pt\/#website\"},\"datePublished\":\"2015-02-11T04:25:47+00:00\",\"dateModified\":\"2020-01-16T10:58:21+00:00\",\"description\":\"Fique no melhor budget Hostel no centro de Berlim. Oferecemos design, al\u00e9m de uma gama de servi\u00e7os e quartos a pre\u00e7os acess\u00edveis. Confira nossas tarifas.\",\"breadcrumb\":{\"@id\":\"https:\/\/www.amstelhouse.de\/pt\/#breadcrumb\"},\"inLanguage\":\"pt-PT\",\"potentialAction\":[{\"@type\":\"ReadAction\",\"target\":[\"https:\/\/www.amstelhouse.de\/pt\/\"]}]},{\"@type\":\"BreadcrumbList\",\"@id\":\"https:\/\/www.amstelhouse.de\/pt\/#breadcrumb\",\"itemListElement\":[{\"@type\":\"ListItem\",\"position\":1,\"name\":\"Home\",\"item\":\"https:\/\/www.amstelhouse.de\/pt\/\"},{\"@type\":\"ListItem\",\"position\":2,\"name\":\"Amstel House Hostel Berlin\"}]},{\"@type\":\"WebSite\",\"@id\":\"https:\/\/www.amstelhouse.de\/pt\/#website\",\"url\":\"https:\/\/www.amstelhouse.de\/pt\/\",\"name\":\"Amstel House (PT)\",\"description\":\"\",\"potentialAction\":[{\"@type\":\"SearchAction\",\"target\":{\"@type\":\"EntryPoint\",\"urlTemplate\":\"https:\/\/www.amstelhouse.de\/pt\/?s={search_term_string}\"},\"query-input\":\"required name=search_term_string\"}],\"inLanguage\":\"pt-PT\"}]}<\/script>\n<!-- \/ Yoast SEO plugin. -->","yoast_head_json":{"title":"Melhor Budget Hostel no centro de Berlim | Amstel House Hostel Berlin","description":"Fique no melhor budget Hostel no centro de Berlim. Oferecemos design, al\u00e9m de uma gama de servi\u00e7os e quartos a pre\u00e7os acess\u00edveis. Confira nossas tarifas.","robots":{"index":"index","follow":"follow","max-snippet":"max-snippet:-1","max-image-preview":"max-image-preview:large","max-video-preview":"max-video-preview:-1"},"canonical":"https:\/\/www.amstelhouse.de\/pt\/","og_locale":"pt_PT","og_type":"article","og_title":"Melhor Budget Hostel no centro de Berlim | Amstel House Hostel Berlin","og_description":"Fique no melhor budget Hostel no centro de Berlim. Oferecemos design, al\u00e9m de uma gama de servi\u00e7os e quartos a pre\u00e7os acess\u00edveis. Confira nossas tarifas.","og_url":"https:\/\/www.amstelhouse.de\/pt\/","og_site_name":"Amstel House (PT)","article_modified_time":"2020-01-16T10:58:21+00:00","schema":{"@context":"https:\/\/schema.org","@graph":[{"@type":"WebPage","@id":"https:\/\/www.amstelhouse.de\/pt\/","url":"https:\/\/www.amstelhouse.de\/pt\/","name":"Melhor Budget Hostel no centro de Berlim | Amstel House Hostel Berlin","isPartOf":{"@id":"https:\/\/www.amstelhouse.de\/pt\/#website"},"datePublished":"2015-02-11T04:25:47+00:00","dateModified":"2020-01-16T10:58:21+00:00","description":"Fique no melhor budget Hostel no centro de Berlim. Oferecemos design, al\u00e9m de uma gama de servi\u00e7os e quartos a pre\u00e7os acess\u00edveis. Confira nossas tarifas.","breadcrumb":{"@id":"https:\/\/www.amstelhouse.de\/pt\/#breadcrumb"},"inLanguage":"pt-PT","potentialAction":[{"@type":"ReadAction","target":["https:\/\/www.amstelhouse.de\/pt\/"]}]},{"@type":"BreadcrumbList","@id":"https:\/\/www.amstelhouse.de\/pt\/#breadcrumb","itemListElement":[{"@type":"ListItem","position":1,"name":"Home","item":"https:\/\/www.amstelhouse.de\/pt\/"},{"@type":"ListItem","position":2,"name":"Amstel House Hostel Berlin"}]},{"@type":"WebSite","@id":"https:\/\/www.amstelhouse.de\/pt\/#website","url":"https:\/\/www.amstelhouse.de\/pt\/","name":"Amstel House (PT)","description":"","potentialAction":[{"@type":"SearchAction","target":{"@type":"EntryPoint","urlTemplate":"https:\/\/www.amstelhouse.de\/pt\/?s={search_term_string}"},"query-input":"required name=search_term_string"}],"inLanguage":"pt-PT"}]}},"_links":{"self":[{"href":"https:\/\/www.amstelhouse.de\/pt\/wp-json\/wp\/v2\/pages\/149"}],"collection":[{"href":"https:\/\/www.amstelhouse.de\/pt\/wp-json\/wp\/v2\/pages"}],"about":[{"href":"https:\/\/www.amstelhouse.de\/pt\/wp-json\/wp\/v2\/types\/page"}],"author":[{"embeddable":true,"href":"https:\/\/www.amstelhouse.de\/pt\/wp-json\/wp\/v2\/users\/2"}],"replies":[{"embeddable":true,"href":"https:\/\/www.amstelhouse.de\/pt\/wp-json\/wp\/v2\/comments?post=149"}],"version-history":[{"count":4,"href":"https:\/\/www.amstelhouse.de\/pt\/wp-json\/wp\/v2\/pages\/149\/revisions"}],"predecessor-version":[{"id":3158,"href":"https:\/\/www.amstelhouse.de\/pt\/wp-json\/wp\/v2\/pages\/149\/revisions\/3158"}],"wp:attachment":[{"href":"https:\/\/www.amstelhouse.de\/pt\/wp-json\/wp\/v2\/media?parent=149"}],"curies":[{"name":"wp","href":"https:\/\/api.w.org\/{rel}","templated":true}]}}