{"id":18,"date":"2015-02-07T08:37:08","date_gmt":"2015-02-07T08:37:08","guid":{"rendered":"http:\/\/www.amstelhouse.de\/pt\/?page_id=18"},"modified":"2023-12-14T10:26:57","modified_gmt":"2023-12-14T10:26:57","slug":"berlim-centro","status":"publish","type":"page","link":"https:\/\/www.amstelhouse.de\/pt\/berlim-centro\/","title":{"rendered":"LOCALIZA\u00c7\u00c3O"},"content":{"rendered":"<h2 style=\"text-align: center;\">LOCALIZA\u00c7\u00c3O EM BERLIM CENTRO<\/h2>\n<h2 style=\"text-align: center;\"><strong>ESTADIA ECON\u00d4MICA NO CORA\u00c7\u00c3O DA CAPITAL <\/strong><\/h2>\n<p>Estamos localizados em Moabit, o lado mais tranquilo do distrito central de Berlim Mitte. Por um lado, estamos rodeados por muitas das principais atra\u00e7\u00f5es tur\u00edsticas da cidade. Por outro, oferecemos o charme e aconchego das \u00e1reas residenciais de Berlim. Um polo para jovens, estudantes e artistas independentes nosso bairro oferece parques, vistas deslumbrantes para o rio Spree e passeios ao longo de suas margens. Um mercado centen\u00e1rio, uma vida gastron\u00f3mica multicultural, bem como uma boa liga\u00e7\u00e3o a qualquer parte da cidade tamb\u00e9m contribuem para fazer desta uma \u00e1rea t\u00e3o especial. Cinco paragens em nove minutos no el\u00e9trico M10 separam-nos da esta\u00e7\u00e3o ferrovi\u00e1ria principal. A viagem entre o Amstel House Hostel e o aeroporto de Berlim-Brandenburgo BER demora menos de 40 minutos. N\u00f3s somos um design hostel com pre\u00e7os acess\u00edveis e localiza\u00e7\u00e3o central.<span id=\"result_box\" class=\"\" lang=\"pt\"><\/span><\/p>\n<p>&nbsp;<\/p>\n<h5 style=\"text-align: justify;\">Waldenserstra\u00dfe 31 | 10551 Berlin \u200e \u200e<\/h5>\n<p>&nbsp;<\/p>\n","protected":false},"excerpt":{"rendered":"<p>LOCALIZA\u00c7\u00c3O EM BERLIM CENTRO ESTADIA ECON\u00d4MICA NO CORA\u00c7\u00c3O DA CAPITAL Estamos localizados em Moabit, o lado mais tranquilo do distrito central de Berlim Mitte. Por um lado, estamos rodeados por muitas das principais atra\u00e7\u00f5es tur\u00edsticas da cidade. Por outro, oferecemos o charme e aconchego das \u00e1reas residenciais de Berlim. Um polo para jovens, estudantes e [&hellip;]<\/p>\n","protected":false},"author":2,"featured_media":2670,"parent":0,"menu_order":10,"comment_status":"closed","ping_status":"closed","template":"page-location.php","meta":{"footnotes":""},"class_list":["post-18","page","type-page","status-publish","has-post-thumbnail","hentry"],"acf":[],"yoast_head":"<!-- This site is optimized with the Yoast SEO plugin v20.8 - https:\/\/yoast.com\/wordpress\/plugins\/seo\/ -->\n<title>Hospedagem em Berlim Centro | Pre\u00e7os Acess\u00edveis | Amstel House Hostel Berlin<\/title>\n<meta name=\"description\" content=\"Fique em Berlim centro, \u00e0 pre\u00e7os promocionais. O Amstel House oferece quartos modernos e design perto das principais atra\u00e7\u00f5es tur\u00edsticas de Berlim.\" \/>\n<meta name=\"robots\" content=\"index, follow, max-snippet:-1, max-image-preview:large, max-video-preview:-1\" \/>\n<link rel=\"canonical\" href=\"https:\/\/www.amstelhouse.de\/pt\/berlim-centro\/\" \/>\n<meta property=\"og:locale\" content=\"pt_PT\" \/>\n<meta property=\"og:type\" content=\"article\" \/>\n<meta property=\"og:title\" content=\"Hospedagem em Berlim Centro | Pre\u00e7os Acess\u00edveis | Amstel House Hostel Berlin\" \/>\n<meta property=\"og:description\" content=\"Fique em Berlim centro, \u00e0 pre\u00e7os promocionais. O Amstel House oferece quartos modernos e design perto das principais atra\u00e7\u00f5es tur\u00edsticas de Berlim.\" \/>\n<meta property=\"og:url\" content=\"https:\/\/www.amstelhouse.de\/pt\/berlim-centro\/\" \/>\n<meta property=\"og:site_name\" content=\"Amstel House (PT)\" \/>\n<meta property=\"article:modified_time\" content=\"2023-12-14T10:26:57+00:00\" \/>\n<meta property=\"og:image\" content=\"https:\/\/www.amstelhouse.de\/pt\/wp-content\/uploads\/sites\/35\/2018\/07\/hostel-centro-de-berlim.jpg\" \/>\n\t<meta property=\"og:image:width\" content=\"2100\" \/>\n\t<meta property=\"og:image:height\" content=\"840\" \/>\n\t<meta property=\"og:image:type\" content=\"image\/jpeg\" \/>\n<meta name=\"twitter:label1\" content=\"Est. reading time\" \/>\n\t<meta name=\"twitter:data1\" content=\"1 minute\" \/>\n<script type=\"application\/ld+json\" class=\"yoast-schema-graph\">{\"@context\":\"https:\/\/schema.org\",\"@graph\":[{\"@type\":\"WebPage\",\"@id\":\"https:\/\/www.amstelhouse.de\/pt\/berlim-centro\/\",\"url\":\"https:\/\/www.amstelhouse.de\/pt\/berlim-centro\/\",\"name\":\"Hospedagem em Berlim Centro | Pre\u00e7os Acess\u00edveis | Amstel House Hostel Berlin\",\"isPartOf\":{\"@id\":\"https:\/\/www.amstelhouse.de\/pt\/#website\"},\"datePublished\":\"2015-02-07T08:37:08+00:00\",\"dateModified\":\"2023-12-14T10:26:57+00:00\",\"description\":\"Fique em Berlim centro, \u00e0 pre\u00e7os promocionais. O Amstel House oferece quartos modernos e design perto das principais atra\u00e7\u00f5es tur\u00edsticas de Berlim.\",\"breadcrumb\":{\"@id\":\"https:\/\/www.amstelhouse.de\/pt\/berlim-centro\/#breadcrumb\"},\"inLanguage\":\"pt-PT\",\"potentialAction\":[{\"@type\":\"ReadAction\",\"target\":[\"https:\/\/www.amstelhouse.de\/pt\/berlim-centro\/\"]}]},{\"@type\":\"BreadcrumbList\",\"@id\":\"https:\/\/www.amstelhouse.de\/pt\/berlim-centro\/#breadcrumb\",\"itemListElement\":[{\"@type\":\"ListItem\",\"position\":1,\"name\":\"Home\",\"item\":\"https:\/\/www.amstelhouse.de\/pt\/\"},{\"@type\":\"ListItem\",\"position\":2,\"name\":\"LOCALIZA\u00c7\u00c3O\"}]},{\"@type\":\"WebSite\",\"@id\":\"https:\/\/www.amstelhouse.de\/pt\/#website\",\"url\":\"https:\/\/www.amstelhouse.de\/pt\/\",\"name\":\"Amstel House (PT)\",\"description\":\"\",\"potentialAction\":[{\"@type\":\"SearchAction\",\"target\":{\"@type\":\"EntryPoint\",\"urlTemplate\":\"https:\/\/www.amstelhouse.de\/pt\/?s={search_term_string}\"},\"query-input\":\"required name=search_term_string\"}],\"inLanguage\":\"pt-PT\"}]}<\/script>\n<!-- \/ Yoast SEO plugin. -->","yoast_head_json":{"title":"Hospedagem em Berlim Centro | Pre\u00e7os Acess\u00edveis | Amstel House Hostel Berlin","description":"Fique em Berlim centro, \u00e0 pre\u00e7os promocionais. O Amstel House oferece quartos modernos e design perto das principais atra\u00e7\u00f5es tur\u00edsticas de Berlim.","robots":{"index":"index","follow":"follow","max-snippet":"max-snippet:-1","max-image-preview":"max-image-preview:large","max-video-preview":"max-video-preview:-1"},"canonical":"https:\/\/www.amstelhouse.de\/pt\/berlim-centro\/","og_locale":"pt_PT","og_type":"article","og_title":"Hospedagem em Berlim Centro | Pre\u00e7os Acess\u00edveis | Amstel House Hostel Berlin","og_description":"Fique em Berlim centro, \u00e0 pre\u00e7os promocionais. O Amstel House oferece quartos modernos e design perto das principais atra\u00e7\u00f5es tur\u00edsticas de Berlim.","og_url":"https:\/\/www.amstelhouse.de\/pt\/berlim-centro\/","og_site_name":"Amstel House (PT)","article_modified_time":"2023-12-14T10:26:57+00:00","og_image":[{"width":"2100","height":"840","url":"https:\/\/www.amstelhouse.de\/pt\/wp-content\/uploads\/sites\/35\/2018\/07\/hostel-centro-de-berlim.jpg","type":"image\/jpeg"}],"twitter_misc":{"Est. reading time":"1 minute"},"schema":{"@context":"https:\/\/schema.org","@graph":[{"@type":"WebPage","@id":"https:\/\/www.amstelhouse.de\/pt\/berlim-centro\/","url":"https:\/\/www.amstelhouse.de\/pt\/berlim-centro\/","name":"Hospedagem em Berlim Centro | Pre\u00e7os Acess\u00edveis | Amstel House Hostel Berlin","isPartOf":{"@id":"https:\/\/www.amstelhouse.de\/pt\/#website"},"datePublished":"2015-02-07T08:37:08+00:00","dateModified":"2023-12-14T10:26:57+00:00","description":"Fique em Berlim centro, \u00e0 pre\u00e7os promocionais. O Amstel House oferece quartos modernos e design perto das principais atra\u00e7\u00f5es tur\u00edsticas de Berlim.","breadcrumb":{"@id":"https:\/\/www.amstelhouse.de\/pt\/berlim-centro\/#breadcrumb"},"inLanguage":"pt-PT","potentialAction":[{"@type":"ReadAction","target":["https:\/\/www.amstelhouse.de\/pt\/berlim-centro\/"]}]},{"@type":"BreadcrumbList","@id":"https:\/\/www.amstelhouse.de\/pt\/berlim-centro\/#breadcrumb","itemListElement":[{"@type":"ListItem","position":1,"name":"Home","item":"https:\/\/www.amstelhouse.de\/pt\/"},{"@type":"ListItem","position":2,"name":"LOCALIZA\u00c7\u00c3O"}]},{"@type":"WebSite","@id":"https:\/\/www.amstelhouse.de\/pt\/#website","url":"https:\/\/www.amstelhouse.de\/pt\/","name":"Amstel House (PT)","description":"","potentialAction":[{"@type":"SearchAction","target":{"@type":"EntryPoint","urlTemplate":"https:\/\/www.amstelhouse.de\/pt\/?s={search_term_string}"},"query-input":"required name=search_term_string"}],"inLanguage":"pt-PT"}]}},"_links":{"self":[{"href":"https:\/\/www.amstelhouse.de\/pt\/wp-json\/wp\/v2\/pages\/18"}],"collection":[{"href":"https:\/\/www.amstelhouse.de\/pt\/wp-json\/wp\/v2\/pages"}],"about":[{"href":"https:\/\/www.amstelhouse.de\/pt\/wp-json\/wp\/v2\/types\/page"}],"author":[{"embeddable":true,"href":"https:\/\/www.amstelhouse.de\/pt\/wp-json\/wp\/v2\/users\/2"}],"replies":[{"embeddable":true,"href":"https:\/\/www.amstelhouse.de\/pt\/wp-json\/wp\/v2\/comments?post=18"}],"version-history":[{"count":6,"href":"https:\/\/www.amstelhouse.de\/pt\/wp-json\/wp\/v2\/pages\/18\/revisions"}],"predecessor-version":[{"id":3328,"href":"https:\/\/www.amstelhouse.de\/pt\/wp-json\/wp\/v2\/pages\/18\/revisions\/3328"}],"wp:featuredmedia":[{"embeddable":true,"href":"https:\/\/www.amstelhouse.de\/pt\/wp-json\/wp\/v2\/media\/2670"}],"wp:attachment":[{"href":"https:\/\/www.amstelhouse.de\/pt\/wp-json\/wp\/v2\/media?parent=18"}],"curies":[{"name":"wp","href":"https:\/\/api.w.org\/{rel}","templated":true}]}}