{"id":1986,"date":"2017-12-18T16:05:49","date_gmt":"2017-12-18T16:05:49","guid":{"rendered":"http:\/\/www.amstelhouse.de\/staging-site\/?page_id=1986"},"modified":"2020-02-24T11:11:46","modified_gmt":"2020-02-24T11:11:46","slug":"quem-somos","status":"publish","type":"page","link":"https:\/\/www.amstelhouse.de\/pt\/quem-somos\/","title":{"rendered":"QUEM SOMOS"},"content":{"rendered":"<h1 style=\"text-align: center;\">QUEM SOMOS<\/h1>\n<h2 style=\"text-align: center;\"><strong>A fant\u00e1stica hist\u00f3ria do Amstel House<br \/>\n<\/strong><\/h2>\n<p>O conceito de hospitalidade da Amstel House e consiste em tr\u00eas id\u00e9ias que interagem: mem\u00f3ria, experi\u00eancia e acessibilidade. Guiados pela hist\u00f3ria centen\u00e1ria e pela beleza de nosso pr\u00e9dio &#8211; um patrim\u00f4nio cultural &#8211; , o que nos move \u00e9 ser um lugar onde encontros e experi\u00eancias memor\u00e1veis acontecem. Oferecer boas e econ\u00f4micas noites de sono para os mais variados estilos de viajantes &#8211; assim como uma experi\u00eancia de servi\u00e7o 360\u00b0 &#8211; pode ser a nossa g\u00eanese. Mas \u00e9 como um lugar que aproxima as pessoas que nos vemos. Atrav\u00e9s de nosso design vibrante &#8211; feito pelo premiado arquiteto Harm Rensink -, nossas muitas e atraentes \u00e1reas comuns e nossa animada agenda de eventos. Tudo &#8211; claro &#8211; a pre\u00e7os acess\u00edveis. Entre, h\u00e1 muito o que aprender sobre n\u00f3s. Conhe\u00e7a a fant\u00e1stica hist\u00f3ria da Amstel House, quem somos, como nos tornamos o melhor hostel budget de Berlim e para onde estamos indo.<\/p>\n","protected":false},"excerpt":{"rendered":"<p>QUEM SOMOS A fant\u00e1stica hist\u00f3ria do Amstel House O conceito de hospitalidade da Amstel House e consiste em tr\u00eas id\u00e9ias que interagem: mem\u00f3ria, experi\u00eancia e acessibilidade. Guiados pela hist\u00f3ria centen\u00e1ria e pela beleza de nosso pr\u00e9dio &#8211; um patrim\u00f4nio cultural &#8211; , o que nos move \u00e9 ser um lugar onde encontros e experi\u00eancias memor\u00e1veis [&hellip;]<\/p>\n","protected":false},"author":4,"featured_media":3134,"parent":0,"menu_order":17,"comment_status":"closed","ping_status":"closed","template":"page-offer-subpage-about.php","meta":{"footnotes":""},"class_list":["post-1986","page","type-page","status-publish","has-post-thumbnail","hentry"],"acf":[],"yoast_head":"<!-- This site is optimized with the Yoast SEO plugin v20.8 - https:\/\/yoast.com\/wordpress\/plugins\/seo\/ -->\n<title>Quem Somos | Conceito \u2022 Hist\u00f3ria \u2022 Design | Amstel House Hostel Berlin<\/title>\n<meta name=\"description\" content=\"Saiba quem somos n\u00f3s. Pr\u00e9dio em estilo art nouveau, design de interiores, servi\u00e7o completo e quartos a pre\u00e7os acess\u00edveis. Conhe\u00e7a o Amstel House Hostel. -\" \/>\n<meta name=\"robots\" content=\"index, follow, max-snippet:-1, max-image-preview:large, max-video-preview:-1\" \/>\n<link rel=\"canonical\" href=\"https:\/\/www.amstelhouse.de\/pt\/quem-somos\/\" \/>\n<meta property=\"og:locale\" content=\"pt_PT\" \/>\n<meta property=\"og:type\" content=\"article\" \/>\n<meta property=\"og:title\" content=\"Quem Somos | Conceito \u2022 Hist\u00f3ria \u2022 Design | Amstel House Hostel Berlin\" \/>\n<meta property=\"og:description\" content=\"Saiba quem somos n\u00f3s. Pr\u00e9dio em estilo art nouveau, design de interiores, servi\u00e7o completo e quartos a pre\u00e7os acess\u00edveis. Conhe\u00e7a o Amstel House Hostel. -\" \/>\n<meta property=\"og:url\" content=\"https:\/\/www.amstelhouse.de\/pt\/quem-somos\/\" \/>\n<meta property=\"og:site_name\" content=\"Amstel House (PT)\" \/>\n<meta property=\"article:modified_time\" content=\"2020-02-24T11:11:46+00:00\" \/>\n<meta property=\"og:image\" content=\"https:\/\/www.amstelhouse.de\/pt\/wp-content\/uploads\/sites\/35\/2019\/11\/amstel-fachada-estilo-art-nouveau-quem-somos.jpg\" \/>\n\t<meta property=\"og:image:width\" content=\"1200\" \/>\n\t<meta property=\"og:image:height\" content=\"480\" \/>\n\t<meta property=\"og:image:type\" content=\"image\/jpeg\" \/>\n<meta name=\"twitter:label1\" content=\"Est. reading time\" \/>\n\t<meta name=\"twitter:data1\" content=\"1 minute\" \/>\n<script type=\"application\/ld+json\" class=\"yoast-schema-graph\">{\"@context\":\"https:\/\/schema.org\",\"@graph\":[{\"@type\":\"WebPage\",\"@id\":\"https:\/\/www.amstelhouse.de\/pt\/quem-somos\/\",\"url\":\"https:\/\/www.amstelhouse.de\/pt\/quem-somos\/\",\"name\":\"Quem Somos | Conceito \u2022 Hist\u00f3ria \u2022 Design | Amstel House Hostel Berlin\",\"isPartOf\":{\"@id\":\"https:\/\/www.amstelhouse.de\/pt\/#website\"},\"datePublished\":\"2017-12-18T16:05:49+00:00\",\"dateModified\":\"2020-02-24T11:11:46+00:00\",\"description\":\"Saiba quem somos n\u00f3s. Pr\u00e9dio em estilo art nouveau, design de interiores, servi\u00e7o completo e quartos a pre\u00e7os acess\u00edveis. Conhe\u00e7a o Amstel House Hostel. -\",\"breadcrumb\":{\"@id\":\"https:\/\/www.amstelhouse.de\/pt\/quem-somos\/#breadcrumb\"},\"inLanguage\":\"pt-PT\",\"potentialAction\":[{\"@type\":\"ReadAction\",\"target\":[\"https:\/\/www.amstelhouse.de\/pt\/quem-somos\/\"]}]},{\"@type\":\"BreadcrumbList\",\"@id\":\"https:\/\/www.amstelhouse.de\/pt\/quem-somos\/#breadcrumb\",\"itemListElement\":[{\"@type\":\"ListItem\",\"position\":1,\"name\":\"Home\",\"item\":\"https:\/\/www.amstelhouse.de\/pt\/\"},{\"@type\":\"ListItem\",\"position\":2,\"name\":\"QUEM SOMOS\"}]},{\"@type\":\"WebSite\",\"@id\":\"https:\/\/www.amstelhouse.de\/pt\/#website\",\"url\":\"https:\/\/www.amstelhouse.de\/pt\/\",\"name\":\"Amstel House (PT)\",\"description\":\"\",\"potentialAction\":[{\"@type\":\"SearchAction\",\"target\":{\"@type\":\"EntryPoint\",\"urlTemplate\":\"https:\/\/www.amstelhouse.de\/pt\/?s={search_term_string}\"},\"query-input\":\"required name=search_term_string\"}],\"inLanguage\":\"pt-PT\"}]}<\/script>\n<!-- \/ Yoast SEO plugin. -->","yoast_head_json":{"title":"Quem Somos | Conceito \u2022 Hist\u00f3ria \u2022 Design | Amstel House Hostel Berlin","description":"Saiba quem somos n\u00f3s. Pr\u00e9dio em estilo art nouveau, design de interiores, servi\u00e7o completo e quartos a pre\u00e7os acess\u00edveis. Conhe\u00e7a o Amstel House Hostel. -","robots":{"index":"index","follow":"follow","max-snippet":"max-snippet:-1","max-image-preview":"max-image-preview:large","max-video-preview":"max-video-preview:-1"},"canonical":"https:\/\/www.amstelhouse.de\/pt\/quem-somos\/","og_locale":"pt_PT","og_type":"article","og_title":"Quem Somos | Conceito \u2022 Hist\u00f3ria \u2022 Design | Amstel House Hostel Berlin","og_description":"Saiba quem somos n\u00f3s. Pr\u00e9dio em estilo art nouveau, design de interiores, servi\u00e7o completo e quartos a pre\u00e7os acess\u00edveis. Conhe\u00e7a o Amstel House Hostel. -","og_url":"https:\/\/www.amstelhouse.de\/pt\/quem-somos\/","og_site_name":"Amstel House (PT)","article_modified_time":"2020-02-24T11:11:46+00:00","og_image":[{"width":1200,"height":480,"url":"https:\/\/www.amstelhouse.de\/pt\/wp-content\/uploads\/sites\/35\/2019\/11\/amstel-fachada-estilo-art-nouveau-quem-somos.jpg","type":"image\/jpeg"}],"twitter_misc":{"Est. reading time":"1 minute"},"schema":{"@context":"https:\/\/schema.org","@graph":[{"@type":"WebPage","@id":"https:\/\/www.amstelhouse.de\/pt\/quem-somos\/","url":"https:\/\/www.amstelhouse.de\/pt\/quem-somos\/","name":"Quem Somos | Conceito \u2022 Hist\u00f3ria \u2022 Design | Amstel House Hostel Berlin","isPartOf":{"@id":"https:\/\/www.amstelhouse.de\/pt\/#website"},"datePublished":"2017-12-18T16:05:49+00:00","dateModified":"2020-02-24T11:11:46+00:00","description":"Saiba quem somos n\u00f3s. Pr\u00e9dio em estilo art nouveau, design de interiores, servi\u00e7o completo e quartos a pre\u00e7os acess\u00edveis. Conhe\u00e7a o Amstel House Hostel. -","breadcrumb":{"@id":"https:\/\/www.amstelhouse.de\/pt\/quem-somos\/#breadcrumb"},"inLanguage":"pt-PT","potentialAction":[{"@type":"ReadAction","target":["https:\/\/www.amstelhouse.de\/pt\/quem-somos\/"]}]},{"@type":"BreadcrumbList","@id":"https:\/\/www.amstelhouse.de\/pt\/quem-somos\/#breadcrumb","itemListElement":[{"@type":"ListItem","position":1,"name":"Home","item":"https:\/\/www.amstelhouse.de\/pt\/"},{"@type":"ListItem","position":2,"name":"QUEM SOMOS"}]},{"@type":"WebSite","@id":"https:\/\/www.amstelhouse.de\/pt\/#website","url":"https:\/\/www.amstelhouse.de\/pt\/","name":"Amstel House (PT)","description":"","potentialAction":[{"@type":"SearchAction","target":{"@type":"EntryPoint","urlTemplate":"https:\/\/www.amstelhouse.de\/pt\/?s={search_term_string}"},"query-input":"required name=search_term_string"}],"inLanguage":"pt-PT"}]}},"_links":{"self":[{"href":"https:\/\/www.amstelhouse.de\/pt\/wp-json\/wp\/v2\/pages\/1986"}],"collection":[{"href":"https:\/\/www.amstelhouse.de\/pt\/wp-json\/wp\/v2\/pages"}],"about":[{"href":"https:\/\/www.amstelhouse.de\/pt\/wp-json\/wp\/v2\/types\/page"}],"author":[{"embeddable":true,"href":"https:\/\/www.amstelhouse.de\/pt\/wp-json\/wp\/v2\/users\/4"}],"replies":[{"embeddable":true,"href":"https:\/\/www.amstelhouse.de\/pt\/wp-json\/wp\/v2\/comments?post=1986"}],"version-history":[{"count":4,"href":"https:\/\/www.amstelhouse.de\/pt\/wp-json\/wp\/v2\/pages\/1986\/revisions"}],"predecessor-version":[{"id":3168,"href":"https:\/\/www.amstelhouse.de\/pt\/wp-json\/wp\/v2\/pages\/1986\/revisions\/3168"}],"wp:featuredmedia":[{"embeddable":true,"href":"https:\/\/www.amstelhouse.de\/pt\/wp-json\/wp\/v2\/media\/3134"}],"wp:attachment":[{"href":"https:\/\/www.amstelhouse.de\/pt\/wp-json\/wp\/v2\/media?parent=1986"}],"curies":[{"name":"wp","href":"https:\/\/api.w.org\/{rel}","templated":true}]}}