{"id":1988,"date":"2017-12-18T16:16:55","date_gmt":"2017-12-18T16:16:55","guid":{"rendered":"http:\/\/www.amstelhouse.de\/staging-site\/?page_id=1988"},"modified":"2019-11-13T15:47:55","modified_gmt":"2019-11-13T15:47:55","slug":"design-hostel","status":"publish","type":"page","link":"https:\/\/www.amstelhouse.de\/pt\/design-hostel\/","title":{"rendered":"DESIGN HOSTEL"},"content":{"rendered":"<h2 style=\"text-align: center;\"><strong>UM LUGAR ECON\u00d4MICO E COM ESTILO<\/strong><\/h2>\n<p>Estamos quase no fim de uma enorme transforma\u00e7\u00e3o: modernizar o nosso conceito e redesenhar completamente o nosso look. Tornar-se o mais novo e original design hostel de Berlim &#8211; sem perder de vista a nossa filosofia de pre\u00e7os baixos. N\u00e3o apenas para ficar extra-pretty, mas para proporcionar um ambiente estimulante, inspirador e envolvente \u00e0s mentes aventureiras de todo o mundo em Berlim. Para garantir o esplendor do nosso novo design, contamos com a ajuda profissional do designer holand\u00eas Harm Rensink. Harm \u00e9 um talentoso e premiado arquiteto de interiores. Seu trabalho \u00e9 caracterizado pela fus\u00e3o entre arquitetura, moda e arte. Ele considera sua principal tarefa criar uma atmosfera onde as melhores mem\u00f3rias, amizades e experi\u00eancias podem ser facilitadas. Nem sequer podemos expressar em palavras o quanto estamos entusiasmados.<\/p>\n","protected":false},"excerpt":{"rendered":"<p>UM LUGAR ECON\u00d4MICO E COM ESTILO Estamos quase no fim de uma enorme transforma\u00e7\u00e3o: modernizar o nosso conceito e redesenhar completamente o nosso look. Tornar-se o mais novo e original design hostel de Berlim &#8211; sem perder de vista a nossa filosofia de pre\u00e7os baixos. N\u00e3o apenas para ficar extra-pretty, mas para proporcionar um ambiente [&hellip;]<\/p>\n","protected":false},"author":4,"featured_media":0,"parent":0,"menu_order":3,"comment_status":"closed","ping_status":"closed","template":"page-offer-subpage-newlook.php","meta":{"footnotes":""},"class_list":["post-1988","page","type-page","status-publish","hentry"],"acf":[],"yoast_head":"<!-- This site is optimized with the Yoast SEO plugin v20.8 - https:\/\/yoast.com\/wordpress\/plugins\/seo\/ -->\n<title>Design Hostel | Econ\u00f4mico mas com estilo | Amstel House Hostel Berlin<\/title>\n<meta name=\"description\" content=\"Fique no design hostel Amstel House. N\u00f3s somos Budget, estilosos e localizados no centro de Berlim. Conhe\u00e7a nossos quartos e tarifas promocionais.\" \/>\n<meta name=\"robots\" content=\"index, follow, max-snippet:-1, max-image-preview:large, max-video-preview:-1\" \/>\n<link rel=\"canonical\" href=\"https:\/\/www.amstelhouse.de\/pt\/design-hostel\/\" \/>\n<meta property=\"og:locale\" content=\"pt_PT\" \/>\n<meta property=\"og:type\" content=\"article\" \/>\n<meta property=\"og:title\" content=\"Design Hostel | Econ\u00f4mico mas com estilo | Amstel House Hostel Berlin\" \/>\n<meta property=\"og:description\" content=\"Fique no design hostel Amstel House. N\u00f3s somos Budget, estilosos e localizados no centro de Berlim. Conhe\u00e7a nossos quartos e tarifas promocionais.\" \/>\n<meta property=\"og:url\" content=\"https:\/\/www.amstelhouse.de\/pt\/design-hostel\/\" \/>\n<meta property=\"og:site_name\" content=\"Amstel House (PT)\" \/>\n<meta property=\"article:modified_time\" content=\"2019-11-13T15:47:55+00:00\" \/>\n<meta name=\"twitter:label1\" content=\"Est. reading time\" \/>\n\t<meta name=\"twitter:data1\" content=\"1 minute\" \/>\n<script type=\"application\/ld+json\" class=\"yoast-schema-graph\">{\"@context\":\"https:\/\/schema.org\",\"@graph\":[{\"@type\":\"WebPage\",\"@id\":\"https:\/\/www.amstelhouse.de\/pt\/design-hostel\/\",\"url\":\"https:\/\/www.amstelhouse.de\/pt\/design-hostel\/\",\"name\":\"Design Hostel | Econ\u00f4mico mas com estilo | Amstel House Hostel Berlin\",\"isPartOf\":{\"@id\":\"https:\/\/www.amstelhouse.de\/pt\/#website\"},\"datePublished\":\"2017-12-18T16:16:55+00:00\",\"dateModified\":\"2019-11-13T15:47:55+00:00\",\"description\":\"Fique no design hostel Amstel House. N\u00f3s somos Budget, estilosos e localizados no centro de Berlim. Conhe\u00e7a nossos quartos e tarifas promocionais.\",\"breadcrumb\":{\"@id\":\"https:\/\/www.amstelhouse.de\/pt\/design-hostel\/#breadcrumb\"},\"inLanguage\":\"pt-PT\",\"potentialAction\":[{\"@type\":\"ReadAction\",\"target\":[\"https:\/\/www.amstelhouse.de\/pt\/design-hostel\/\"]}]},{\"@type\":\"BreadcrumbList\",\"@id\":\"https:\/\/www.amstelhouse.de\/pt\/design-hostel\/#breadcrumb\",\"itemListElement\":[{\"@type\":\"ListItem\",\"position\":1,\"name\":\"Home\",\"item\":\"https:\/\/www.amstelhouse.de\/pt\/\"},{\"@type\":\"ListItem\",\"position\":2,\"name\":\"DESIGN HOSTEL\"}]},{\"@type\":\"WebSite\",\"@id\":\"https:\/\/www.amstelhouse.de\/pt\/#website\",\"url\":\"https:\/\/www.amstelhouse.de\/pt\/\",\"name\":\"Amstel House (PT)\",\"description\":\"\",\"potentialAction\":[{\"@type\":\"SearchAction\",\"target\":{\"@type\":\"EntryPoint\",\"urlTemplate\":\"https:\/\/www.amstelhouse.de\/pt\/?s={search_term_string}\"},\"query-input\":\"required name=search_term_string\"}],\"inLanguage\":\"pt-PT\"}]}<\/script>\n<!-- \/ Yoast SEO plugin. -->","yoast_head_json":{"title":"Design Hostel | Econ\u00f4mico mas com estilo | Amstel House Hostel Berlin","description":"Fique no design hostel Amstel House. N\u00f3s somos Budget, estilosos e localizados no centro de Berlim. Conhe\u00e7a nossos quartos e tarifas promocionais.","robots":{"index":"index","follow":"follow","max-snippet":"max-snippet:-1","max-image-preview":"max-image-preview:large","max-video-preview":"max-video-preview:-1"},"canonical":"https:\/\/www.amstelhouse.de\/pt\/design-hostel\/","og_locale":"pt_PT","og_type":"article","og_title":"Design Hostel | Econ\u00f4mico mas com estilo | Amstel House Hostel Berlin","og_description":"Fique no design hostel Amstel House. N\u00f3s somos Budget, estilosos e localizados no centro de Berlim. Conhe\u00e7a nossos quartos e tarifas promocionais.","og_url":"https:\/\/www.amstelhouse.de\/pt\/design-hostel\/","og_site_name":"Amstel House (PT)","article_modified_time":"2019-11-13T15:47:55+00:00","twitter_misc":{"Est. reading time":"1 minute"},"schema":{"@context":"https:\/\/schema.org","@graph":[{"@type":"WebPage","@id":"https:\/\/www.amstelhouse.de\/pt\/design-hostel\/","url":"https:\/\/www.amstelhouse.de\/pt\/design-hostel\/","name":"Design Hostel | Econ\u00f4mico mas com estilo | Amstel House Hostel Berlin","isPartOf":{"@id":"https:\/\/www.amstelhouse.de\/pt\/#website"},"datePublished":"2017-12-18T16:16:55+00:00","dateModified":"2019-11-13T15:47:55+00:00","description":"Fique no design hostel Amstel House. N\u00f3s somos Budget, estilosos e localizados no centro de Berlim. Conhe\u00e7a nossos quartos e tarifas promocionais.","breadcrumb":{"@id":"https:\/\/www.amstelhouse.de\/pt\/design-hostel\/#breadcrumb"},"inLanguage":"pt-PT","potentialAction":[{"@type":"ReadAction","target":["https:\/\/www.amstelhouse.de\/pt\/design-hostel\/"]}]},{"@type":"BreadcrumbList","@id":"https:\/\/www.amstelhouse.de\/pt\/design-hostel\/#breadcrumb","itemListElement":[{"@type":"ListItem","position":1,"name":"Home","item":"https:\/\/www.amstelhouse.de\/pt\/"},{"@type":"ListItem","position":2,"name":"DESIGN HOSTEL"}]},{"@type":"WebSite","@id":"https:\/\/www.amstelhouse.de\/pt\/#website","url":"https:\/\/www.amstelhouse.de\/pt\/","name":"Amstel House (PT)","description":"","potentialAction":[{"@type":"SearchAction","target":{"@type":"EntryPoint","urlTemplate":"https:\/\/www.amstelhouse.de\/pt\/?s={search_term_string}"},"query-input":"required name=search_term_string"}],"inLanguage":"pt-PT"}]}},"_links":{"self":[{"href":"https:\/\/www.amstelhouse.de\/pt\/wp-json\/wp\/v2\/pages\/1988"}],"collection":[{"href":"https:\/\/www.amstelhouse.de\/pt\/wp-json\/wp\/v2\/pages"}],"about":[{"href":"https:\/\/www.amstelhouse.de\/pt\/wp-json\/wp\/v2\/types\/page"}],"author":[{"embeddable":true,"href":"https:\/\/www.amstelhouse.de\/pt\/wp-json\/wp\/v2\/users\/4"}],"replies":[{"embeddable":true,"href":"https:\/\/www.amstelhouse.de\/pt\/wp-json\/wp\/v2\/comments?post=1988"}],"version-history":[{"count":5,"href":"https:\/\/www.amstelhouse.de\/pt\/wp-json\/wp\/v2\/pages\/1988\/revisions"}],"predecessor-version":[{"id":3101,"href":"https:\/\/www.amstelhouse.de\/pt\/wp-json\/wp\/v2\/pages\/1988\/revisions\/3101"}],"wp:attachment":[{"href":"https:\/\/www.amstelhouse.de\/pt\/wp-json\/wp\/v2\/media?parent=1988"}],"curies":[{"name":"wp","href":"https:\/\/api.w.org\/{rel}","templated":true}]}}