{"id":1990,"date":"2017-12-18T16:17:15","date_gmt":"2017-12-18T16:17:15","guid":{"rendered":"http:\/\/www.amstelhouse.de\/staging-site\/?page_id=1990"},"modified":"2019-11-13T15:47:55","modified_gmt":"2019-11-13T15:47:55","slug":"hospedagem-gratis","status":"publish","type":"page","link":"https:\/\/www.amstelhouse.de\/pt\/hospedagem-gratis\/","title":{"rendered":"ESTADIA GR\u00c1TIS EM BERLIM"},"content":{"rendered":"<p>Voc\u00ea \u00e9 um artista que gosta de viajar pelo mundo, mas precisa economizar dinheiro? Voc\u00ea est\u00e1 sempre procurando o lugar mais barato para ficar? Talvez voc\u00ea tenha encontrado a maneira mais econ\u00f4mica de conhecer Berlim. O Amstel House troca shows de m\u00fasica, fotografias, posts, aulas de culin\u00e1ria ou qualquer fruto de uma mente criativa e divertida por uma cama de hostel gr\u00e1tis. Se voc\u00ea tem um talento especial e muitos f\u00e3s te seguindo, v\u00e1 em frente e compartilhe seu trabalho conosco. Envie-nos um email, conte-nos a sua hist\u00f3ria, envie-nos os seus links. Voc\u00ea pode receber uma oferta de troca de hospedagem gr\u00e1tis!<\/p>\n","protected":false},"excerpt":{"rendered":"<p>Voc\u00ea \u00e9 um artista que gosta de viajar pelo mundo, mas precisa economizar dinheiro? Voc\u00ea est\u00e1 sempre procurando o lugar mais barato para ficar? Talvez voc\u00ea tenha encontrado a maneira mais econ\u00f4mica de conhecer Berlim. O Amstel House troca shows de m\u00fasica, fotografias, posts, aulas de culin\u00e1ria ou qualquer fruto de uma mente criativa e [&hellip;]<\/p>\n","protected":false},"author":4,"featured_media":0,"parent":0,"menu_order":4,"comment_status":"closed","ping_status":"closed","template":"page-offer-subpage-stayfree.php","meta":{"footnotes":""},"class_list":["post-1990","page","type-page","status-publish","hentry"],"acf":[],"yoast_head":"<!-- This site is optimized with the Yoast SEO plugin v20.8 - https:\/\/yoast.com\/wordpress\/plugins\/seo\/ -->\n<title>Hospedagem gr\u00e1tis | Seu Talento por uma Cama | Amstel House Hostel Berlin<\/title>\n<meta name=\"description\" content=\"Hospedagem gr\u00e1tis em Berlim! Voc\u00ea tem talento e alguns f\u00e3s te seguindo? En\u00e3o entre em contato com a gente! Quem sabe fica de gra\u00e7a no nosso design hostel.\" \/>\n<meta name=\"robots\" content=\"index, follow, max-snippet:-1, max-image-preview:large, max-video-preview:-1\" \/>\n<link rel=\"canonical\" href=\"https:\/\/www.amstelhouse.de\/pt\/hospedagem-gratis\/\" \/>\n<meta property=\"og:locale\" content=\"pt_PT\" \/>\n<meta property=\"og:type\" content=\"article\" \/>\n<meta property=\"og:title\" content=\"Hospedagem gr\u00e1tis | Seu Talento por uma Cama | Amstel House Hostel Berlin\" \/>\n<meta property=\"og:description\" content=\"Hospedagem gr\u00e1tis em Berlim! Voc\u00ea tem talento e alguns f\u00e3s te seguindo? En\u00e3o entre em contato com a gente! Quem sabe fica de gra\u00e7a no nosso design hostel.\" \/>\n<meta property=\"og:url\" content=\"https:\/\/www.amstelhouse.de\/pt\/hospedagem-gratis\/\" \/>\n<meta property=\"og:site_name\" content=\"Amstel House (PT)\" \/>\n<meta property=\"article:modified_time\" content=\"2019-11-13T15:47:55+00:00\" \/>\n<meta name=\"twitter:label1\" content=\"Est. reading time\" \/>\n\t<meta name=\"twitter:data1\" content=\"1 minute\" \/>\n<script type=\"application\/ld+json\" class=\"yoast-schema-graph\">{\"@context\":\"https:\/\/schema.org\",\"@graph\":[{\"@type\":\"WebPage\",\"@id\":\"https:\/\/www.amstelhouse.de\/pt\/hospedagem-gratis\/\",\"url\":\"https:\/\/www.amstelhouse.de\/pt\/hospedagem-gratis\/\",\"name\":\"Hospedagem gr\u00e1tis | Seu Talento por uma Cama | Amstel House Hostel Berlin\",\"isPartOf\":{\"@id\":\"https:\/\/www.amstelhouse.de\/pt\/#website\"},\"datePublished\":\"2017-12-18T16:17:15+00:00\",\"dateModified\":\"2019-11-13T15:47:55+00:00\",\"description\":\"Hospedagem gr\u00e1tis em Berlim! Voc\u00ea tem talento e alguns f\u00e3s te seguindo? En\u00e3o entre em contato com a gente! Quem sabe fica de gra\u00e7a no nosso design hostel.\",\"breadcrumb\":{\"@id\":\"https:\/\/www.amstelhouse.de\/pt\/hospedagem-gratis\/#breadcrumb\"},\"inLanguage\":\"pt-PT\",\"potentialAction\":[{\"@type\":\"ReadAction\",\"target\":[\"https:\/\/www.amstelhouse.de\/pt\/hospedagem-gratis\/\"]}]},{\"@type\":\"BreadcrumbList\",\"@id\":\"https:\/\/www.amstelhouse.de\/pt\/hospedagem-gratis\/#breadcrumb\",\"itemListElement\":[{\"@type\":\"ListItem\",\"position\":1,\"name\":\"Home\",\"item\":\"https:\/\/www.amstelhouse.de\/pt\/\"},{\"@type\":\"ListItem\",\"position\":2,\"name\":\"ESTADIA GR\u00c1TIS EM BERLIM\"}]},{\"@type\":\"WebSite\",\"@id\":\"https:\/\/www.amstelhouse.de\/pt\/#website\",\"url\":\"https:\/\/www.amstelhouse.de\/pt\/\",\"name\":\"Amstel House (PT)\",\"description\":\"\",\"potentialAction\":[{\"@type\":\"SearchAction\",\"target\":{\"@type\":\"EntryPoint\",\"urlTemplate\":\"https:\/\/www.amstelhouse.de\/pt\/?s={search_term_string}\"},\"query-input\":\"required name=search_term_string\"}],\"inLanguage\":\"pt-PT\"}]}<\/script>\n<!-- \/ Yoast SEO plugin. -->","yoast_head_json":{"title":"Hospedagem gr\u00e1tis | Seu Talento por uma Cama | Amstel House Hostel Berlin","description":"Hospedagem gr\u00e1tis em Berlim! Voc\u00ea tem talento e alguns f\u00e3s te seguindo? En\u00e3o entre em contato com a gente! Quem sabe fica de gra\u00e7a no nosso design hostel.","robots":{"index":"index","follow":"follow","max-snippet":"max-snippet:-1","max-image-preview":"max-image-preview:large","max-video-preview":"max-video-preview:-1"},"canonical":"https:\/\/www.amstelhouse.de\/pt\/hospedagem-gratis\/","og_locale":"pt_PT","og_type":"article","og_title":"Hospedagem gr\u00e1tis | Seu Talento por uma Cama | Amstel House Hostel Berlin","og_description":"Hospedagem gr\u00e1tis em Berlim! Voc\u00ea tem talento e alguns f\u00e3s te seguindo? En\u00e3o entre em contato com a gente! Quem sabe fica de gra\u00e7a no nosso design hostel.","og_url":"https:\/\/www.amstelhouse.de\/pt\/hospedagem-gratis\/","og_site_name":"Amstel House (PT)","article_modified_time":"2019-11-13T15:47:55+00:00","twitter_misc":{"Est. reading time":"1 minute"},"schema":{"@context":"https:\/\/schema.org","@graph":[{"@type":"WebPage","@id":"https:\/\/www.amstelhouse.de\/pt\/hospedagem-gratis\/","url":"https:\/\/www.amstelhouse.de\/pt\/hospedagem-gratis\/","name":"Hospedagem gr\u00e1tis | Seu Talento por uma Cama | Amstel House Hostel Berlin","isPartOf":{"@id":"https:\/\/www.amstelhouse.de\/pt\/#website"},"datePublished":"2017-12-18T16:17:15+00:00","dateModified":"2019-11-13T15:47:55+00:00","description":"Hospedagem gr\u00e1tis em Berlim! Voc\u00ea tem talento e alguns f\u00e3s te seguindo? En\u00e3o entre em contato com a gente! Quem sabe fica de gra\u00e7a no nosso design hostel.","breadcrumb":{"@id":"https:\/\/www.amstelhouse.de\/pt\/hospedagem-gratis\/#breadcrumb"},"inLanguage":"pt-PT","potentialAction":[{"@type":"ReadAction","target":["https:\/\/www.amstelhouse.de\/pt\/hospedagem-gratis\/"]}]},{"@type":"BreadcrumbList","@id":"https:\/\/www.amstelhouse.de\/pt\/hospedagem-gratis\/#breadcrumb","itemListElement":[{"@type":"ListItem","position":1,"name":"Home","item":"https:\/\/www.amstelhouse.de\/pt\/"},{"@type":"ListItem","position":2,"name":"ESTADIA GR\u00c1TIS EM BERLIM"}]},{"@type":"WebSite","@id":"https:\/\/www.amstelhouse.de\/pt\/#website","url":"https:\/\/www.amstelhouse.de\/pt\/","name":"Amstel House (PT)","description":"","potentialAction":[{"@type":"SearchAction","target":{"@type":"EntryPoint","urlTemplate":"https:\/\/www.amstelhouse.de\/pt\/?s={search_term_string}"},"query-input":"required name=search_term_string"}],"inLanguage":"pt-PT"}]}},"_links":{"self":[{"href":"https:\/\/www.amstelhouse.de\/pt\/wp-json\/wp\/v2\/pages\/1990"}],"collection":[{"href":"https:\/\/www.amstelhouse.de\/pt\/wp-json\/wp\/v2\/pages"}],"about":[{"href":"https:\/\/www.amstelhouse.de\/pt\/wp-json\/wp\/v2\/types\/page"}],"author":[{"embeddable":true,"href":"https:\/\/www.amstelhouse.de\/pt\/wp-json\/wp\/v2\/users\/4"}],"replies":[{"embeddable":true,"href":"https:\/\/www.amstelhouse.de\/pt\/wp-json\/wp\/v2\/comments?post=1990"}],"version-history":[{"count":5,"href":"https:\/\/www.amstelhouse.de\/pt\/wp-json\/wp\/v2\/pages\/1990\/revisions"}],"predecessor-version":[{"id":3118,"href":"https:\/\/www.amstelhouse.de\/pt\/wp-json\/wp\/v2\/pages\/1990\/revisions\/3118"}],"wp:attachment":[{"href":"https:\/\/www.amstelhouse.de\/pt\/wp-json\/wp\/v2\/media?parent=1990"}],"curies":[{"name":"wp","href":"https:\/\/api.w.org\/{rel}","templated":true}]}}