{"id":20,"date":"2015-02-07T08:37:19","date_gmt":"2015-02-07T08:37:19","guid":{"rendered":"http:\/\/www.amstelhouse.de\/pt\/?page_id=20"},"modified":"2019-11-13T15:47:55","modified_gmt":"2019-11-13T15:47:55","slug":"links-uteis-em-berlim","status":"publish","type":"page","link":"https:\/\/www.amstelhouse.de\/pt\/links-uteis-em-berlim\/","title":{"rendered":"Links uteis em Berlim"},"content":{"rendered":"<h2>Para visitantes e viajantes!<\/h2>\n<p><span id=\"result_box\" class=\"short_text\" lang=\"pt\"><span class=\"\"><span id=\"result_box\" class=\"\" lang=\"pt\">Para ajud\u00e1-lo na programa\u00e7\u00e3o da sua viagem n\u00f3s selecionamos alguns Links uteis em Berlim. Aqui est\u00e3o a disposi\u00e7\u00e3o nossos sites favoritos e outros com informa\u00e7\u00e3o relevante, como pontos tur\u00edsticos em Berlim. Principais atra\u00e7\u00f5es, transporte p\u00fablico e informa\u00e7\u00f5es de tr\u00e2nsito, assim como eventos e museus s\u00e3o alguns dos temas abordados nestes endere\u00e7os online. Pensando no seu pr\u00f3ximo passo, tamb\u00e9m lincamos nossos albergues e hostels favoritos e parceiros pela Europa.<\/span> <\/span><\/span><\/p>\n<p><a href=\"https:\/\/www.amstelhouse.de\/pt\/wp-content\/uploads\/sites\/35\/2015\/02\/links-uteis-em-berlim.png\"><img loading=\"lazy\" decoding=\"async\" class=\"alignnone size-full wp-image-858\" src=\"https:\/\/www.amstelhouse.de\/pt\/wp-content\/uploads\/sites\/35\/2015\/02\/links-uteis-em-berlim.png\" alt=\"Links uteis em Berlim\" width=\"32\" height=\"32\" \/><\/a><\/p>\n","protected":false},"excerpt":{"rendered":"<p>Para visitantes e viajantes! Para ajud\u00e1-lo na programa\u00e7\u00e3o da sua viagem n\u00f3s selecionamos alguns Links uteis em Berlim. Aqui est\u00e3o a disposi\u00e7\u00e3o nossos sites favoritos e outros com informa\u00e7\u00e3o relevante, como pontos tur\u00edsticos em Berlim. Principais atra\u00e7\u00f5es, transporte p\u00fablico e informa\u00e7\u00f5es de tr\u00e2nsito, assim como eventos e museus s\u00e3o alguns dos temas abordados nestes endere\u00e7os [&hellip;]<\/p>\n","protected":false},"author":2,"featured_media":0,"parent":0,"menu_order":8,"comment_status":"closed","ping_status":"closed","template":"page-links.php","meta":{"footnotes":""},"class_list":["post-20","page","type-page","status-publish","hentry"],"acf":[],"yoast_head":"<!-- This site is optimized with the Yoast SEO plugin v20.8 - https:\/\/yoast.com\/wordpress\/plugins\/seo\/ -->\n<title>Links Uteis em Berlim | Amstel House Hostel Berlin<\/title>\n<meta name=\"description\" content=\"Websites e links uteis em Berlim com informa\u00e7\u00e3o importantes como transporte p\u00fablico e agendamento de visitas. Hostels parceiros pela Europa tamb\u00e9m listados.\" \/>\n<meta name=\"robots\" content=\"index, follow, max-snippet:-1, max-image-preview:large, max-video-preview:-1\" \/>\n<link rel=\"canonical\" href=\"https:\/\/www.amstelhouse.de\/pt\/links-uteis-em-berlim\/\" \/>\n<meta property=\"og:locale\" content=\"pt_PT\" \/>\n<meta property=\"og:type\" content=\"article\" \/>\n<meta property=\"og:title\" content=\"Links Uteis em Berlim | Amstel House Hostel Berlin\" \/>\n<meta property=\"og:description\" content=\"Websites e links uteis em Berlim com informa\u00e7\u00e3o importantes como transporte p\u00fablico e agendamento de visitas. Hostels parceiros pela Europa tamb\u00e9m listados.\" \/>\n<meta property=\"og:url\" content=\"https:\/\/www.amstelhouse.de\/pt\/links-uteis-em-berlim\/\" \/>\n<meta property=\"og:site_name\" content=\"Amstel House (PT)\" \/>\n<meta property=\"article:modified_time\" content=\"2019-11-13T15:47:55+00:00\" \/>\n<meta property=\"og:image\" content=\"https:\/\/www.amstelhouse.de\/pt\/wp-content\/uploads\/sites\/35\/2015\/02\/links-uteis-em-berlim.png\" \/>\n<script type=\"application\/ld+json\" class=\"yoast-schema-graph\">{\"@context\":\"https:\/\/schema.org\",\"@graph\":[{\"@type\":\"WebPage\",\"@id\":\"https:\/\/www.amstelhouse.de\/pt\/links-uteis-em-berlim\/\",\"url\":\"https:\/\/www.amstelhouse.de\/pt\/links-uteis-em-berlim\/\",\"name\":\"Links Uteis em Berlim | Amstel House Hostel Berlin\",\"isPartOf\":{\"@id\":\"https:\/\/www.amstelhouse.de\/pt\/#website\"},\"datePublished\":\"2015-02-07T08:37:19+00:00\",\"dateModified\":\"2019-11-13T15:47:55+00:00\",\"description\":\"Websites e links uteis em Berlim com informa\u00e7\u00e3o importantes como transporte p\u00fablico e agendamento de visitas. Hostels parceiros pela Europa tamb\u00e9m listados.\",\"breadcrumb\":{\"@id\":\"https:\/\/www.amstelhouse.de\/pt\/links-uteis-em-berlim\/#breadcrumb\"},\"inLanguage\":\"pt-PT\",\"potentialAction\":[{\"@type\":\"ReadAction\",\"target\":[\"https:\/\/www.amstelhouse.de\/pt\/links-uteis-em-berlim\/\"]}]},{\"@type\":\"BreadcrumbList\",\"@id\":\"https:\/\/www.amstelhouse.de\/pt\/links-uteis-em-berlim\/#breadcrumb\",\"itemListElement\":[{\"@type\":\"ListItem\",\"position\":1,\"name\":\"Home\",\"item\":\"https:\/\/www.amstelhouse.de\/pt\/\"},{\"@type\":\"ListItem\",\"position\":2,\"name\":\"Links uteis em Berlim\"}]},{\"@type\":\"WebSite\",\"@id\":\"https:\/\/www.amstelhouse.de\/pt\/#website\",\"url\":\"https:\/\/www.amstelhouse.de\/pt\/\",\"name\":\"Amstel House (PT)\",\"description\":\"\",\"potentialAction\":[{\"@type\":\"SearchAction\",\"target\":{\"@type\":\"EntryPoint\",\"urlTemplate\":\"https:\/\/www.amstelhouse.de\/pt\/?s={search_term_string}\"},\"query-input\":\"required name=search_term_string\"}],\"inLanguage\":\"pt-PT\"}]}<\/script>\n<!-- \/ Yoast SEO plugin. -->","yoast_head_json":{"title":"Links Uteis em Berlim | Amstel House Hostel Berlin","description":"Websites e links uteis em Berlim com informa\u00e7\u00e3o importantes como transporte p\u00fablico e agendamento de visitas. Hostels parceiros pela Europa tamb\u00e9m listados.","robots":{"index":"index","follow":"follow","max-snippet":"max-snippet:-1","max-image-preview":"max-image-preview:large","max-video-preview":"max-video-preview:-1"},"canonical":"https:\/\/www.amstelhouse.de\/pt\/links-uteis-em-berlim\/","og_locale":"pt_PT","og_type":"article","og_title":"Links Uteis em Berlim | Amstel House Hostel Berlin","og_description":"Websites e links uteis em Berlim com informa\u00e7\u00e3o importantes como transporte p\u00fablico e agendamento de visitas. Hostels parceiros pela Europa tamb\u00e9m listados.","og_url":"https:\/\/www.amstelhouse.de\/pt\/links-uteis-em-berlim\/","og_site_name":"Amstel House (PT)","article_modified_time":"2019-11-13T15:47:55+00:00","og_image":[{"url":"https:\/\/www.amstelhouse.de\/pt\/wp-content\/uploads\/sites\/35\/2015\/02\/links-uteis-em-berlim.png"}],"schema":{"@context":"https:\/\/schema.org","@graph":[{"@type":"WebPage","@id":"https:\/\/www.amstelhouse.de\/pt\/links-uteis-em-berlim\/","url":"https:\/\/www.amstelhouse.de\/pt\/links-uteis-em-berlim\/","name":"Links Uteis em Berlim | Amstel House Hostel Berlin","isPartOf":{"@id":"https:\/\/www.amstelhouse.de\/pt\/#website"},"datePublished":"2015-02-07T08:37:19+00:00","dateModified":"2019-11-13T15:47:55+00:00","description":"Websites e links uteis em Berlim com informa\u00e7\u00e3o importantes como transporte p\u00fablico e agendamento de visitas. Hostels parceiros pela Europa tamb\u00e9m listados.","breadcrumb":{"@id":"https:\/\/www.amstelhouse.de\/pt\/links-uteis-em-berlim\/#breadcrumb"},"inLanguage":"pt-PT","potentialAction":[{"@type":"ReadAction","target":["https:\/\/www.amstelhouse.de\/pt\/links-uteis-em-berlim\/"]}]},{"@type":"BreadcrumbList","@id":"https:\/\/www.amstelhouse.de\/pt\/links-uteis-em-berlim\/#breadcrumb","itemListElement":[{"@type":"ListItem","position":1,"name":"Home","item":"https:\/\/www.amstelhouse.de\/pt\/"},{"@type":"ListItem","position":2,"name":"Links uteis em Berlim"}]},{"@type":"WebSite","@id":"https:\/\/www.amstelhouse.de\/pt\/#website","url":"https:\/\/www.amstelhouse.de\/pt\/","name":"Amstel House (PT)","description":"","potentialAction":[{"@type":"SearchAction","target":{"@type":"EntryPoint","urlTemplate":"https:\/\/www.amstelhouse.de\/pt\/?s={search_term_string}"},"query-input":"required name=search_term_string"}],"inLanguage":"pt-PT"}]}},"_links":{"self":[{"href":"https:\/\/www.amstelhouse.de\/pt\/wp-json\/wp\/v2\/pages\/20"}],"collection":[{"href":"https:\/\/www.amstelhouse.de\/pt\/wp-json\/wp\/v2\/pages"}],"about":[{"href":"https:\/\/www.amstelhouse.de\/pt\/wp-json\/wp\/v2\/types\/page"}],"author":[{"embeddable":true,"href":"https:\/\/www.amstelhouse.de\/pt\/wp-json\/wp\/v2\/users\/2"}],"replies":[{"embeddable":true,"href":"https:\/\/www.amstelhouse.de\/pt\/wp-json\/wp\/v2\/comments?post=20"}],"version-history":[{"count":6,"href":"https:\/\/www.amstelhouse.de\/pt\/wp-json\/wp\/v2\/pages\/20\/revisions"}],"predecessor-version":[{"id":2785,"href":"https:\/\/www.amstelhouse.de\/pt\/wp-json\/wp\/v2\/pages\/20\/revisions\/2785"}],"wp:attachment":[{"href":"https:\/\/www.amstelhouse.de\/pt\/wp-json\/wp\/v2\/media?parent=20"}],"curies":[{"name":"wp","href":"https:\/\/api.w.org\/{rel}","templated":true}]}}