{"id":22,"date":"2015-02-07T08:37:50","date_gmt":"2015-02-07T08:37:50","guid":{"rendered":"http:\/\/www.amstelhouse.de\/pt\/?page_id=22"},"modified":"2025-01-29T15:37:33","modified_gmt":"2025-01-29T15:37:33","slug":"servicos-de-hostel","status":"publish","type":"page","link":"https:\/\/www.amstelhouse.de\/pt\/servicos-de-hostel\/","title":{"rendered":"Servi\u00e7os"},"content":{"rendered":"<h1 style=\"text-align: center;\">Nossos<span id=\"result_box\" class=\"short_text\" lang=\"pt\"><span class=\"\"> servi\u00e7os de Hostel<\/span><\/span><\/h1>\n<p>&nbsp;<\/p>\n<h2 style=\"text-align: center;\"><span id=\"result_box\" class=\"short_text\" lang=\"pt\"><\/span>CUIDANDO DA SUA VIAGEM POR BERLIM A PRE\u00c7OS BAIXOS<\/h2>\n<p style=\"text-align: left;\"><span lang=\"pt\"><span id=\"result_box\" class=\"\" lang=\"pt\">Muito mais que Bed &amp; Breakfast! Os servi\u00e7os de Hostel do Amstel House abragem tudo, at\u00e9 o \u00faltimo detalhe, para que<span class=\"\"> sua estadia<\/span> em Berlim seja no m\u00ednimo tudo que voc\u00ea sempre sonhou. N\u00f3s somos gostosos: oferecemos buffet de caf\u00e9-da-manh\u00e3 abundante e <span class=\"\">colorido e uma <\/span>cozinha completa para uso dos h\u00f3spedes! N\u00f3s somos conectados: acesso gratuito ao Wi-Fi em toda a casa. Al\u00e9m do mais, n\u00f3s alugamos bicicletas e lavamos a sua roupa. H\u00e1 sempre <span class=\"\">um rosto sorridente<\/span> para lhe atender na\u00a0recep\u00e7\u00e3o ou servir uma bebida no bar &#8211; dia e noite. N\u00f3s oferecemos mapas gratuitos, emprestamos aparelhos eletr\u00f4nicos e vendemos <span class=\"\">produtos de higiene<\/span> na recep\u00e7\u00e3o. Eleito duas vezes o melhor time de hostel na Europa, nossa equipe est\u00e1 sempre disposta a lhe<span class=\"\"> ajudar.<\/span> <span class=\"\">Conhe\u00e7a<\/span> <span class=\"\">nossos <\/span><span class=\"\">servi\u00e7os de<\/span> hostel. <\/span><\/span><\/p>\n<p><span lang=\"pt\">\u00a0<\/span><\/p>\n","protected":false},"excerpt":{"rendered":"<p>Nossos servi\u00e7os de Hostel &nbsp; CUIDANDO DA SUA VIAGEM POR BERLIM A PRE\u00c7OS BAIXOS Muito mais que Bed &amp; Breakfast! Os servi\u00e7os de Hostel do Amstel House abragem tudo, at\u00e9 o \u00faltimo detalhe, para que sua estadia em Berlim seja no m\u00ednimo tudo que voc\u00ea sempre sonhou. N\u00f3s somos gostosos: oferecemos buffet de caf\u00e9-da-manh\u00e3 abundante [&hellip;]<\/p>\n","protected":false},"author":2,"featured_media":2658,"parent":0,"menu_order":16,"comment_status":"closed","ping_status":"closed","template":"page-services.php","meta":{"footnotes":""},"class_list":["post-22","page","type-page","status-publish","has-post-thumbnail","hentry"],"acf":[],"yoast_head":"<!-- This site is optimized with the Yoast SEO plugin v20.8 - https:\/\/yoast.com\/wordpress\/plugins\/seo\/ -->\n<title>Servi\u00e7os de Hostel | Top - Econ\u00f4mico - 24h\/7 | Amstel House Hostel Berlin<\/title>\n<meta name=\"description\" content=\"Confira nossa gama de servi\u00e7os de Hostel Service. Recep\u00e7\u00e3o e Bar 24h\/7, caf\u00e9 da manh\u00e3, aluguel de bikes, cozinha compartilhada, lavanderia e muito mais.\" \/>\n<meta name=\"robots\" content=\"index, follow, max-snippet:-1, max-image-preview:large, max-video-preview:-1\" \/>\n<link rel=\"canonical\" href=\"https:\/\/www.amstelhouse.de\/pt\/servicos-de-hostel\/\" \/>\n<meta property=\"og:locale\" content=\"pt_PT\" \/>\n<meta property=\"og:type\" content=\"article\" \/>\n<meta property=\"og:title\" content=\"Servi\u00e7os de Hostel | Top - Econ\u00f4mico - 24h\/7 | Amstel House Hostel Berlin\" \/>\n<meta property=\"og:description\" content=\"Confira nossa gama de servi\u00e7os de Hostel Service. Recep\u00e7\u00e3o e Bar 24h\/7, caf\u00e9 da manh\u00e3, aluguel de bikes, cozinha compartilhada, lavanderia e muito mais.\" \/>\n<meta property=\"og:url\" content=\"https:\/\/www.amstelhouse.de\/pt\/servicos-de-hostel\/\" \/>\n<meta property=\"og:site_name\" content=\"Amstel House (PT)\" \/>\n<meta property=\"article:modified_time\" content=\"2025-01-29T15:37:33+00:00\" \/>\n<meta property=\"og:image\" content=\"https:\/\/www.amstelhouse.de\/pt\/wp-content\/uploads\/sites\/35\/2018\/07\/cafe-italiano-berlim.jpg\" \/>\n\t<meta property=\"og:image:width\" content=\"1800\" \/>\n\t<meta property=\"og:image:height\" content=\"720\" \/>\n\t<meta property=\"og:image:type\" content=\"image\/jpeg\" \/>\n<meta name=\"twitter:label1\" content=\"Est. reading time\" \/>\n\t<meta name=\"twitter:data1\" content=\"1 minute\" \/>\n<script type=\"application\/ld+json\" class=\"yoast-schema-graph\">{\"@context\":\"https:\/\/schema.org\",\"@graph\":[{\"@type\":\"WebPage\",\"@id\":\"https:\/\/www.amstelhouse.de\/pt\/servicos-de-hostel\/\",\"url\":\"https:\/\/www.amstelhouse.de\/pt\/servicos-de-hostel\/\",\"name\":\"Servi\u00e7os de Hostel | Top - Econ\u00f4mico - 24h\/7 | Amstel House Hostel Berlin\",\"isPartOf\":{\"@id\":\"https:\/\/www.amstelhouse.de\/pt\/#website\"},\"datePublished\":\"2015-02-07T08:37:50+00:00\",\"dateModified\":\"2025-01-29T15:37:33+00:00\",\"description\":\"Confira nossa gama de servi\u00e7os de Hostel Service. Recep\u00e7\u00e3o e Bar 24h\/7, caf\u00e9 da manh\u00e3, aluguel de bikes, cozinha compartilhada, lavanderia e muito mais.\",\"breadcrumb\":{\"@id\":\"https:\/\/www.amstelhouse.de\/pt\/servicos-de-hostel\/#breadcrumb\"},\"inLanguage\":\"pt-PT\",\"potentialAction\":[{\"@type\":\"ReadAction\",\"target\":[\"https:\/\/www.amstelhouse.de\/pt\/servicos-de-hostel\/\"]}]},{\"@type\":\"BreadcrumbList\",\"@id\":\"https:\/\/www.amstelhouse.de\/pt\/servicos-de-hostel\/#breadcrumb\",\"itemListElement\":[{\"@type\":\"ListItem\",\"position\":1,\"name\":\"Home\",\"item\":\"https:\/\/www.amstelhouse.de\/pt\/\"},{\"@type\":\"ListItem\",\"position\":2,\"name\":\"Servi\u00e7os\"}]},{\"@type\":\"WebSite\",\"@id\":\"https:\/\/www.amstelhouse.de\/pt\/#website\",\"url\":\"https:\/\/www.amstelhouse.de\/pt\/\",\"name\":\"Amstel House (PT)\",\"description\":\"\",\"potentialAction\":[{\"@type\":\"SearchAction\",\"target\":{\"@type\":\"EntryPoint\",\"urlTemplate\":\"https:\/\/www.amstelhouse.de\/pt\/?s={search_term_string}\"},\"query-input\":\"required name=search_term_string\"}],\"inLanguage\":\"pt-PT\"}]}<\/script>\n<!-- \/ Yoast SEO plugin. -->","yoast_head_json":{"title":"Servi\u00e7os de Hostel | Top - Econ\u00f4mico - 24h\/7 | Amstel House Hostel Berlin","description":"Confira nossa gama de servi\u00e7os de Hostel Service. Recep\u00e7\u00e3o e Bar 24h\/7, caf\u00e9 da manh\u00e3, aluguel de bikes, cozinha compartilhada, lavanderia e muito mais.","robots":{"index":"index","follow":"follow","max-snippet":"max-snippet:-1","max-image-preview":"max-image-preview:large","max-video-preview":"max-video-preview:-1"},"canonical":"https:\/\/www.amstelhouse.de\/pt\/servicos-de-hostel\/","og_locale":"pt_PT","og_type":"article","og_title":"Servi\u00e7os de Hostel | Top - Econ\u00f4mico - 24h\/7 | Amstel House Hostel Berlin","og_description":"Confira nossa gama de servi\u00e7os de Hostel Service. Recep\u00e7\u00e3o e Bar 24h\/7, caf\u00e9 da manh\u00e3, aluguel de bikes, cozinha compartilhada, lavanderia e muito mais.","og_url":"https:\/\/www.amstelhouse.de\/pt\/servicos-de-hostel\/","og_site_name":"Amstel House (PT)","article_modified_time":"2025-01-29T15:37:33+00:00","og_image":[{"width":1800,"height":720,"url":"https:\/\/www.amstelhouse.de\/pt\/wp-content\/uploads\/sites\/35\/2018\/07\/cafe-italiano-berlim.jpg","type":"image\/jpeg"}],"twitter_misc":{"Est. reading time":"1 minute"},"schema":{"@context":"https:\/\/schema.org","@graph":[{"@type":"WebPage","@id":"https:\/\/www.amstelhouse.de\/pt\/servicos-de-hostel\/","url":"https:\/\/www.amstelhouse.de\/pt\/servicos-de-hostel\/","name":"Servi\u00e7os de Hostel | Top - Econ\u00f4mico - 24h\/7 | Amstel House Hostel Berlin","isPartOf":{"@id":"https:\/\/www.amstelhouse.de\/pt\/#website"},"datePublished":"2015-02-07T08:37:50+00:00","dateModified":"2025-01-29T15:37:33+00:00","description":"Confira nossa gama de servi\u00e7os de Hostel Service. Recep\u00e7\u00e3o e Bar 24h\/7, caf\u00e9 da manh\u00e3, aluguel de bikes, cozinha compartilhada, lavanderia e muito mais.","breadcrumb":{"@id":"https:\/\/www.amstelhouse.de\/pt\/servicos-de-hostel\/#breadcrumb"},"inLanguage":"pt-PT","potentialAction":[{"@type":"ReadAction","target":["https:\/\/www.amstelhouse.de\/pt\/servicos-de-hostel\/"]}]},{"@type":"BreadcrumbList","@id":"https:\/\/www.amstelhouse.de\/pt\/servicos-de-hostel\/#breadcrumb","itemListElement":[{"@type":"ListItem","position":1,"name":"Home","item":"https:\/\/www.amstelhouse.de\/pt\/"},{"@type":"ListItem","position":2,"name":"Servi\u00e7os"}]},{"@type":"WebSite","@id":"https:\/\/www.amstelhouse.de\/pt\/#website","url":"https:\/\/www.amstelhouse.de\/pt\/","name":"Amstel House (PT)","description":"","potentialAction":[{"@type":"SearchAction","target":{"@type":"EntryPoint","urlTemplate":"https:\/\/www.amstelhouse.de\/pt\/?s={search_term_string}"},"query-input":"required name=search_term_string"}],"inLanguage":"pt-PT"}]}},"_links":{"self":[{"href":"https:\/\/www.amstelhouse.de\/pt\/wp-json\/wp\/v2\/pages\/22"}],"collection":[{"href":"https:\/\/www.amstelhouse.de\/pt\/wp-json\/wp\/v2\/pages"}],"about":[{"href":"https:\/\/www.amstelhouse.de\/pt\/wp-json\/wp\/v2\/types\/page"}],"author":[{"embeddable":true,"href":"https:\/\/www.amstelhouse.de\/pt\/wp-json\/wp\/v2\/users\/2"}],"replies":[{"embeddable":true,"href":"https:\/\/www.amstelhouse.de\/pt\/wp-json\/wp\/v2\/comments?post=22"}],"version-history":[{"count":5,"href":"https:\/\/www.amstelhouse.de\/pt\/wp-json\/wp\/v2\/pages\/22\/revisions"}],"predecessor-version":[{"id":3330,"href":"https:\/\/www.amstelhouse.de\/pt\/wp-json\/wp\/v2\/pages\/22\/revisions\/3330"}],"wp:featuredmedia":[{"embeddable":true,"href":"https:\/\/www.amstelhouse.de\/pt\/wp-json\/wp\/v2\/media\/2658"}],"wp:attachment":[{"href":"https:\/\/www.amstelhouse.de\/pt\/wp-json\/wp\/v2\/media?parent=22"}],"curies":[{"name":"wp","href":"https:\/\/api.w.org\/{rel}","templated":true}]}}