{"id":24,"date":"2015-02-07T08:37:59","date_gmt":"2015-02-07T08:37:59","guid":{"rendered":"http:\/\/www.amstelhouse.de\/pt\/?page_id=24"},"modified":"2019-11-13T15:47:55","modified_gmt":"2019-11-13T15:47:55","slug":"fotos-do-hostel","status":"publish","type":"page","link":"https:\/\/www.amstelhouse.de\/pt\/fotos-do-hostel\/","title":{"rendered":"Fotos"},"content":{"rendered":"<h1 style=\"text-align: center;\">FOTOS DO HOSTEL EM BERLIM<span id=\"result_box\" class=\"short_text\" lang=\"pt\"><\/span><\/h1>\n<h2 style=\"text-align: center;\"><strong>QUARTOS ECON\u00d4MICOS, \u00c1REAS COMUNS COM DESIGN E EVENTOS ANIMADOS<\/strong><\/h2>\n<p>Conhe\u00e7a um pouco do Amstel House atrav\u00e9s de nossas fotos do hostel. Mesmo com tarifas baixas temos muito a oferecer. Uma grande variedade de quartos econ\u00f4micos, desde dormit\u00f3rios cl\u00e1ssicos de albergues at\u00e9 hospedagem privada. Um design exclusivo e irreverente que n\u00e3o s\u00f3 diverte, mas convida os viajantes a experimentar juntos as nossas muitas \u00e1reas comuns e servi\u00e7os. E, finalmente, a nossa agenda de animados eventos. Tudo cuidadosamente pensado para que voc\u00ea possa levar para casa muitas e inesquec\u00edveis mem\u00f3rias.<\/p>\n<p>&nbsp;<\/p>\n","protected":false},"excerpt":{"rendered":"<p>FOTOS DO HOSTEL EM BERLIM QUARTOS ECON\u00d4MICOS, \u00c1REAS COMUNS COM DESIGN E EVENTOS ANIMADOS Conhe\u00e7a um pouco do Amstel House atrav\u00e9s de nossas fotos do hostel. Mesmo com tarifas baixas temos muito a oferecer. Uma grande variedade de quartos econ\u00f4micos, desde dormit\u00f3rios cl\u00e1ssicos de albergues at\u00e9 hospedagem privada. Um design exclusivo e irreverente que n\u00e3o [&hellip;]<\/p>\n","protected":false},"author":2,"featured_media":2603,"parent":0,"menu_order":5,"comment_status":"closed","ping_status":"closed","template":"page-gallery.php","meta":{"footnotes":""},"class_list":["post-24","page","type-page","status-publish","has-post-thumbnail","hentry"],"acf":[],"yoast_head":"<!-- This site is optimized with the Yoast SEO plugin v20.8 - https:\/\/yoast.com\/wordpress\/plugins\/seo\/ -->\n<title>Fotos do Hostel | Quartos \u2022 \u00c1reas Comuns \u2022 Eventos | Amstel House Hostel Berlin<\/title>\n<meta name=\"description\" content=\"D\u00ea uma olhada em nossas fotos do hostel. Conhe\u00e7a nosso design, tipos de quartos, eventos e \u00e1reas comuns. N\u00f3s somos a melhor estadia budged em Berlim.\" \/>\n<meta name=\"robots\" content=\"index, follow, max-snippet:-1, max-image-preview:large, max-video-preview:-1\" \/>\n<link rel=\"canonical\" href=\"https:\/\/www.amstelhouse.de\/pt\/fotos-do-hostel\/\" \/>\n<meta property=\"og:locale\" content=\"pt_PT\" \/>\n<meta property=\"og:type\" content=\"article\" \/>\n<meta property=\"og:title\" content=\"Fotos do Hostel | Quartos \u2022 \u00c1reas Comuns \u2022 Eventos | Amstel House Hostel Berlin\" \/>\n<meta property=\"og:description\" content=\"D\u00ea uma olhada em nossas fotos do hostel. Conhe\u00e7a nosso design, tipos de quartos, eventos e \u00e1reas comuns. N\u00f3s somos a melhor estadia budged em Berlim.\" \/>\n<meta property=\"og:url\" content=\"https:\/\/www.amstelhouse.de\/pt\/fotos-do-hostel\/\" \/>\n<meta property=\"og:site_name\" content=\"Amstel House (PT)\" \/>\n<meta property=\"article:modified_time\" content=\"2019-11-13T15:47:55+00:00\" \/>\n<meta property=\"og:image\" content=\"https:\/\/www.amstelhouse.de\/pt\/wp-content\/uploads\/sites\/35\/2018\/07\/berlim-melhor-bar.jpg\" \/>\n\t<meta property=\"og:image:width\" content=\"1800\" \/>\n\t<meta property=\"og:image:height\" content=\"720\" \/>\n\t<meta property=\"og:image:type\" content=\"image\/jpeg\" \/>\n<meta name=\"twitter:label1\" content=\"Est. reading time\" \/>\n\t<meta name=\"twitter:data1\" content=\"1 minute\" \/>\n<script type=\"application\/ld+json\" class=\"yoast-schema-graph\">{\"@context\":\"https:\/\/schema.org\",\"@graph\":[{\"@type\":\"WebPage\",\"@id\":\"https:\/\/www.amstelhouse.de\/pt\/fotos-do-hostel\/\",\"url\":\"https:\/\/www.amstelhouse.de\/pt\/fotos-do-hostel\/\",\"name\":\"Fotos do Hostel | Quartos \u2022 \u00c1reas Comuns \u2022 Eventos | Amstel House Hostel Berlin\",\"isPartOf\":{\"@id\":\"https:\/\/www.amstelhouse.de\/pt\/#website\"},\"datePublished\":\"2015-02-07T08:37:59+00:00\",\"dateModified\":\"2019-11-13T15:47:55+00:00\",\"description\":\"D\u00ea uma olhada em nossas fotos do hostel. Conhe\u00e7a nosso design, tipos de quartos, eventos e \u00e1reas comuns. N\u00f3s somos a melhor estadia budged em Berlim.\",\"breadcrumb\":{\"@id\":\"https:\/\/www.amstelhouse.de\/pt\/fotos-do-hostel\/#breadcrumb\"},\"inLanguage\":\"pt-PT\",\"potentialAction\":[{\"@type\":\"ReadAction\",\"target\":[\"https:\/\/www.amstelhouse.de\/pt\/fotos-do-hostel\/\"]}]},{\"@type\":\"BreadcrumbList\",\"@id\":\"https:\/\/www.amstelhouse.de\/pt\/fotos-do-hostel\/#breadcrumb\",\"itemListElement\":[{\"@type\":\"ListItem\",\"position\":1,\"name\":\"Home\",\"item\":\"https:\/\/www.amstelhouse.de\/pt\/\"},{\"@type\":\"ListItem\",\"position\":2,\"name\":\"Fotos\"}]},{\"@type\":\"WebSite\",\"@id\":\"https:\/\/www.amstelhouse.de\/pt\/#website\",\"url\":\"https:\/\/www.amstelhouse.de\/pt\/\",\"name\":\"Amstel House (PT)\",\"description\":\"\",\"potentialAction\":[{\"@type\":\"SearchAction\",\"target\":{\"@type\":\"EntryPoint\",\"urlTemplate\":\"https:\/\/www.amstelhouse.de\/pt\/?s={search_term_string}\"},\"query-input\":\"required name=search_term_string\"}],\"inLanguage\":\"pt-PT\"}]}<\/script>\n<!-- \/ Yoast SEO plugin. -->","yoast_head_json":{"title":"Fotos do Hostel | Quartos \u2022 \u00c1reas Comuns \u2022 Eventos | Amstel House Hostel Berlin","description":"D\u00ea uma olhada em nossas fotos do hostel. Conhe\u00e7a nosso design, tipos de quartos, eventos e \u00e1reas comuns. N\u00f3s somos a melhor estadia budged em Berlim.","robots":{"index":"index","follow":"follow","max-snippet":"max-snippet:-1","max-image-preview":"max-image-preview:large","max-video-preview":"max-video-preview:-1"},"canonical":"https:\/\/www.amstelhouse.de\/pt\/fotos-do-hostel\/","og_locale":"pt_PT","og_type":"article","og_title":"Fotos do Hostel | Quartos \u2022 \u00c1reas Comuns \u2022 Eventos | Amstel House Hostel Berlin","og_description":"D\u00ea uma olhada em nossas fotos do hostel. Conhe\u00e7a nosso design, tipos de quartos, eventos e \u00e1reas comuns. N\u00f3s somos a melhor estadia budged em Berlim.","og_url":"https:\/\/www.amstelhouse.de\/pt\/fotos-do-hostel\/","og_site_name":"Amstel House (PT)","article_modified_time":"2019-11-13T15:47:55+00:00","og_image":[{"width":1800,"height":720,"url":"https:\/\/www.amstelhouse.de\/pt\/wp-content\/uploads\/sites\/35\/2018\/07\/berlim-melhor-bar.jpg","type":"image\/jpeg"}],"twitter_misc":{"Est. reading time":"1 minute"},"schema":{"@context":"https:\/\/schema.org","@graph":[{"@type":"WebPage","@id":"https:\/\/www.amstelhouse.de\/pt\/fotos-do-hostel\/","url":"https:\/\/www.amstelhouse.de\/pt\/fotos-do-hostel\/","name":"Fotos do Hostel | Quartos \u2022 \u00c1reas Comuns \u2022 Eventos | Amstel House Hostel Berlin","isPartOf":{"@id":"https:\/\/www.amstelhouse.de\/pt\/#website"},"datePublished":"2015-02-07T08:37:59+00:00","dateModified":"2019-11-13T15:47:55+00:00","description":"D\u00ea uma olhada em nossas fotos do hostel. Conhe\u00e7a nosso design, tipos de quartos, eventos e \u00e1reas comuns. N\u00f3s somos a melhor estadia budged em Berlim.","breadcrumb":{"@id":"https:\/\/www.amstelhouse.de\/pt\/fotos-do-hostel\/#breadcrumb"},"inLanguage":"pt-PT","potentialAction":[{"@type":"ReadAction","target":["https:\/\/www.amstelhouse.de\/pt\/fotos-do-hostel\/"]}]},{"@type":"BreadcrumbList","@id":"https:\/\/www.amstelhouse.de\/pt\/fotos-do-hostel\/#breadcrumb","itemListElement":[{"@type":"ListItem","position":1,"name":"Home","item":"https:\/\/www.amstelhouse.de\/pt\/"},{"@type":"ListItem","position":2,"name":"Fotos"}]},{"@type":"WebSite","@id":"https:\/\/www.amstelhouse.de\/pt\/#website","url":"https:\/\/www.amstelhouse.de\/pt\/","name":"Amstel House (PT)","description":"","potentialAction":[{"@type":"SearchAction","target":{"@type":"EntryPoint","urlTemplate":"https:\/\/www.amstelhouse.de\/pt\/?s={search_term_string}"},"query-input":"required name=search_term_string"}],"inLanguage":"pt-PT"}]}},"_links":{"self":[{"href":"https:\/\/www.amstelhouse.de\/pt\/wp-json\/wp\/v2\/pages\/24"}],"collection":[{"href":"https:\/\/www.amstelhouse.de\/pt\/wp-json\/wp\/v2\/pages"}],"about":[{"href":"https:\/\/www.amstelhouse.de\/pt\/wp-json\/wp\/v2\/types\/page"}],"author":[{"embeddable":true,"href":"https:\/\/www.amstelhouse.de\/pt\/wp-json\/wp\/v2\/users\/2"}],"replies":[{"embeddable":true,"href":"https:\/\/www.amstelhouse.de\/pt\/wp-json\/wp\/v2\/comments?post=24"}],"version-history":[{"count":6,"href":"https:\/\/www.amstelhouse.de\/pt\/wp-json\/wp\/v2\/pages\/24\/revisions"}],"predecessor-version":[{"id":3089,"href":"https:\/\/www.amstelhouse.de\/pt\/wp-json\/wp\/v2\/pages\/24\/revisions\/3089"}],"wp:featuredmedia":[{"embeddable":true,"href":"https:\/\/www.amstelhouse.de\/pt\/wp-json\/wp\/v2\/media\/2603"}],"wp:attachment":[{"href":"https:\/\/www.amstelhouse.de\/pt\/wp-json\/wp\/v2\/media?parent=24"}],"curies":[{"name":"wp","href":"https:\/\/api.w.org\/{rel}","templated":true}]}}