{"id":291,"date":"2015-04-09T00:28:57","date_gmt":"2015-04-09T00:28:57","guid":{"rendered":"http:\/\/www.amstelhouse.de\/pt\/?page_id=291"},"modified":"2020-01-16T11:18:47","modified_gmt":"2020-01-16T11:18:47","slug":"fim-de-semana-a-dois-em-berlim","status":"publish","type":"page","link":"https:\/\/www.amstelhouse.de\/pt\/ofertas-de-viagem\/fim-de-semana-a-dois-em-berlim\/","title":{"rendered":"FIM DE SEMANA A DOIS EM BERLIM"},"content":{"rendered":"<h2>OFERTA ESPECIAL EM QUARTO TWIN<\/h2>\n<p>Todo mundo precisa de uma pausa de vez em quando. Uma viagem curta ou um perfeito fim de semana a dois em Berlim. Em clima rom\u00e2ntico ou entre amigos, o Amstel House Hostel oferece quartos duplos com banheiro e servi\u00e7os a pre\u00e7os promocionais. Nosso especial Fim de Semana a dois em Berlim inclui:<\/p>\n<ul>\n<li>2 x noites em um quarto twin com banheiro (de sexta-feira a doming ou de s\u00e1bado a segunda)<\/li>\n<li>2 x caf\u00e9s da manh\u00e3 por pessoa<\/li>\n<li>2 x Berlin Welcome Card AB 48h (vale transporte p\u00fablico gr\u00e1tis)<\/li>\n<li>2 x bebidas gr\u00e1tis em nosso bar<\/li>\n<li>Possibilidade de prolongar a estadia por 25 \u20ac por pessoa pela 3a. noite (servi\u00e7os extras n\u00e3o inclusos)<\/li>\n<\/ul>\n<h2>Por apenas 175,00 Euros<a href=\"https:\/\/www.amstelhouse.de\/pt\/wp-content\/uploads\/sites\/35\/2015\/04\/amigos-em-berlim.png\"><img loading=\"lazy\" decoding=\"async\" class=\"alignnone wp-image-869 size-full\" src=\"https:\/\/www.amstelhouse.de\/pt\/wp-content\/uploads\/sites\/35\/2015\/04\/amigos-em-berlim.png\" alt=\"fim de semana a dois em Berlim\" width=\"32\" height=\"32\" \/><\/a><\/h2>\n","protected":false},"excerpt":{"rendered":"<p>OFERTA ESPECIAL EM QUARTO TWIN Todo mundo precisa de uma pausa de vez em quando. Uma viagem curta ou um perfeito fim de semana a dois em Berlim. Em clima rom\u00e2ntico ou entre amigos, o Amstel House Hostel oferece quartos duplos com banheiro e servi\u00e7os a pre\u00e7os promocionais. Nosso especial Fim de Semana a dois [&hellip;]<\/p>\n","protected":false},"author":3,"featured_media":0,"parent":12,"menu_order":5,"comment_status":"closed","ping_status":"open","template":"page-offer-subpage.php","meta":{"footnotes":""},"class_list":["post-291","page","type-page","status-publish","hentry"],"acf":[],"yoast_head":"<!-- This site is optimized with the Yoast SEO plugin v20.8 - https:\/\/yoast.com\/wordpress\/plugins\/seo\/ -->\n<title>Fim de Semana a dois em Berlim | Oferta de Hospedagem | Amstel House Hostel<\/title>\n<meta name=\"description\" content=\"Reserve o perfeito fim de semana a dois em Berlim. A nossa oferta inclui quartos Twin com banheiro, caf\u00e9 da manh\u00e3 e localiza\u00e7\u00e3o central a pre\u00e7os baixos.\" \/>\n<meta name=\"robots\" content=\"index, follow, max-snippet:-1, max-image-preview:large, max-video-preview:-1\" \/>\n<link rel=\"canonical\" href=\"https:\/\/www.amstelhouse.de\/pt\/ofertas-de-viagem\/fim-de-semana-a-dois-em-berlim\/\" \/>\n<meta property=\"og:locale\" content=\"pt_PT\" \/>\n<meta property=\"og:type\" content=\"article\" \/>\n<meta property=\"og:title\" content=\"Fim de Semana a dois em Berlim | Oferta de Hospedagem | Amstel House Hostel\" \/>\n<meta property=\"og:description\" content=\"Reserve o perfeito fim de semana a dois em Berlim. A nossa oferta inclui quartos Twin com banheiro, caf\u00e9 da manh\u00e3 e localiza\u00e7\u00e3o central a pre\u00e7os baixos.\" \/>\n<meta property=\"og:url\" content=\"https:\/\/www.amstelhouse.de\/pt\/ofertas-de-viagem\/fim-de-semana-a-dois-em-berlim\/\" \/>\n<meta property=\"og:site_name\" content=\"Amstel House (PT)\" \/>\n<meta property=\"article:modified_time\" content=\"2020-01-16T11:18:47+00:00\" \/>\n<meta property=\"og:image\" content=\"https:\/\/www.amstelhouse.de\/pt\/wp-content\/uploads\/sites\/35\/2015\/04\/amigos-em-berlim.png\" \/>\n<meta name=\"twitter:label1\" content=\"Est. reading time\" \/>\n\t<meta name=\"twitter:data1\" content=\"1 minute\" \/>\n<script type=\"application\/ld+json\" class=\"yoast-schema-graph\">{\"@context\":\"https:\/\/schema.org\",\"@graph\":[{\"@type\":\"WebPage\",\"@id\":\"https:\/\/www.amstelhouse.de\/pt\/ofertas-de-viagem\/fim-de-semana-a-dois-em-berlim\/\",\"url\":\"https:\/\/www.amstelhouse.de\/pt\/ofertas-de-viagem\/fim-de-semana-a-dois-em-berlim\/\",\"name\":\"Fim de Semana a dois em Berlim | Oferta de Hospedagem | Amstel House Hostel\",\"isPartOf\":{\"@id\":\"https:\/\/www.amstelhouse.de\/pt\/#website\"},\"datePublished\":\"2015-04-09T00:28:57+00:00\",\"dateModified\":\"2020-01-16T11:18:47+00:00\",\"description\":\"Reserve o perfeito fim de semana a dois em Berlim. A nossa oferta inclui quartos Twin com banheiro, caf\u00e9 da manh\u00e3 e localiza\u00e7\u00e3o central a pre\u00e7os baixos.\",\"breadcrumb\":{\"@id\":\"https:\/\/www.amstelhouse.de\/pt\/ofertas-de-viagem\/fim-de-semana-a-dois-em-berlim\/#breadcrumb\"},\"inLanguage\":\"pt-PT\",\"potentialAction\":[{\"@type\":\"ReadAction\",\"target\":[\"https:\/\/www.amstelhouse.de\/pt\/ofertas-de-viagem\/fim-de-semana-a-dois-em-berlim\/\"]}]},{\"@type\":\"BreadcrumbList\",\"@id\":\"https:\/\/www.amstelhouse.de\/pt\/ofertas-de-viagem\/fim-de-semana-a-dois-em-berlim\/#breadcrumb\",\"itemListElement\":[{\"@type\":\"ListItem\",\"position\":1,\"name\":\"Home\",\"item\":\"https:\/\/www.amstelhouse.de\/pt\/\"},{\"@type\":\"ListItem\",\"position\":2,\"name\":\"OFERTAS\",\"item\":\"https:\/\/www.amstelhouse.de\/pt\/ofertas-de-viagem\/\"},{\"@type\":\"ListItem\",\"position\":3,\"name\":\"FIM DE SEMANA A DOIS EM BERLIM\"}]},{\"@type\":\"WebSite\",\"@id\":\"https:\/\/www.amstelhouse.de\/pt\/#website\",\"url\":\"https:\/\/www.amstelhouse.de\/pt\/\",\"name\":\"Amstel House (PT)\",\"description\":\"\",\"potentialAction\":[{\"@type\":\"SearchAction\",\"target\":{\"@type\":\"EntryPoint\",\"urlTemplate\":\"https:\/\/www.amstelhouse.de\/pt\/?s={search_term_string}\"},\"query-input\":\"required name=search_term_string\"}],\"inLanguage\":\"pt-PT\"}]}<\/script>\n<!-- \/ Yoast SEO plugin. -->","yoast_head_json":{"title":"Fim de Semana a dois em Berlim | Oferta de Hospedagem | Amstel House Hostel","description":"Reserve o perfeito fim de semana a dois em Berlim. A nossa oferta inclui quartos Twin com banheiro, caf\u00e9 da manh\u00e3 e localiza\u00e7\u00e3o central a pre\u00e7os baixos.","robots":{"index":"index","follow":"follow","max-snippet":"max-snippet:-1","max-image-preview":"max-image-preview:large","max-video-preview":"max-video-preview:-1"},"canonical":"https:\/\/www.amstelhouse.de\/pt\/ofertas-de-viagem\/fim-de-semana-a-dois-em-berlim\/","og_locale":"pt_PT","og_type":"article","og_title":"Fim de Semana a dois em Berlim | Oferta de Hospedagem | Amstel House Hostel","og_description":"Reserve o perfeito fim de semana a dois em Berlim. A nossa oferta inclui quartos Twin com banheiro, caf\u00e9 da manh\u00e3 e localiza\u00e7\u00e3o central a pre\u00e7os baixos.","og_url":"https:\/\/www.amstelhouse.de\/pt\/ofertas-de-viagem\/fim-de-semana-a-dois-em-berlim\/","og_site_name":"Amstel House (PT)","article_modified_time":"2020-01-16T11:18:47+00:00","og_image":[{"url":"https:\/\/www.amstelhouse.de\/pt\/wp-content\/uploads\/sites\/35\/2015\/04\/amigos-em-berlim.png"}],"twitter_misc":{"Est. reading time":"1 minute"},"schema":{"@context":"https:\/\/schema.org","@graph":[{"@type":"WebPage","@id":"https:\/\/www.amstelhouse.de\/pt\/ofertas-de-viagem\/fim-de-semana-a-dois-em-berlim\/","url":"https:\/\/www.amstelhouse.de\/pt\/ofertas-de-viagem\/fim-de-semana-a-dois-em-berlim\/","name":"Fim de Semana a dois em Berlim | Oferta de Hospedagem | Amstel House Hostel","isPartOf":{"@id":"https:\/\/www.amstelhouse.de\/pt\/#website"},"datePublished":"2015-04-09T00:28:57+00:00","dateModified":"2020-01-16T11:18:47+00:00","description":"Reserve o perfeito fim de semana a dois em Berlim. A nossa oferta inclui quartos Twin com banheiro, caf\u00e9 da manh\u00e3 e localiza\u00e7\u00e3o central a pre\u00e7os baixos.","breadcrumb":{"@id":"https:\/\/www.amstelhouse.de\/pt\/ofertas-de-viagem\/fim-de-semana-a-dois-em-berlim\/#breadcrumb"},"inLanguage":"pt-PT","potentialAction":[{"@type":"ReadAction","target":["https:\/\/www.amstelhouse.de\/pt\/ofertas-de-viagem\/fim-de-semana-a-dois-em-berlim\/"]}]},{"@type":"BreadcrumbList","@id":"https:\/\/www.amstelhouse.de\/pt\/ofertas-de-viagem\/fim-de-semana-a-dois-em-berlim\/#breadcrumb","itemListElement":[{"@type":"ListItem","position":1,"name":"Home","item":"https:\/\/www.amstelhouse.de\/pt\/"},{"@type":"ListItem","position":2,"name":"OFERTAS","item":"https:\/\/www.amstelhouse.de\/pt\/ofertas-de-viagem\/"},{"@type":"ListItem","position":3,"name":"FIM DE SEMANA A DOIS EM BERLIM"}]},{"@type":"WebSite","@id":"https:\/\/www.amstelhouse.de\/pt\/#website","url":"https:\/\/www.amstelhouse.de\/pt\/","name":"Amstel House (PT)","description":"","potentialAction":[{"@type":"SearchAction","target":{"@type":"EntryPoint","urlTemplate":"https:\/\/www.amstelhouse.de\/pt\/?s={search_term_string}"},"query-input":"required name=search_term_string"}],"inLanguage":"pt-PT"}]}},"_links":{"self":[{"href":"https:\/\/www.amstelhouse.de\/pt\/wp-json\/wp\/v2\/pages\/291"}],"collection":[{"href":"https:\/\/www.amstelhouse.de\/pt\/wp-json\/wp\/v2\/pages"}],"about":[{"href":"https:\/\/www.amstelhouse.de\/pt\/wp-json\/wp\/v2\/types\/page"}],"author":[{"embeddable":true,"href":"https:\/\/www.amstelhouse.de\/pt\/wp-json\/wp\/v2\/users\/3"}],"replies":[{"embeddable":true,"href":"https:\/\/www.amstelhouse.de\/pt\/wp-json\/wp\/v2\/comments?post=291"}],"version-history":[{"count":5,"href":"https:\/\/www.amstelhouse.de\/pt\/wp-json\/wp\/v2\/pages\/291\/revisions"}],"predecessor-version":[{"id":3164,"href":"https:\/\/www.amstelhouse.de\/pt\/wp-json\/wp\/v2\/pages\/291\/revisions\/3164"}],"up":[{"embeddable":true,"href":"https:\/\/www.amstelhouse.de\/pt\/wp-json\/wp\/v2\/pages\/12"}],"wp:attachment":[{"href":"https:\/\/www.amstelhouse.de\/pt\/wp-json\/wp\/v2\/media?parent=291"}],"curies":[{"name":"wp","href":"https:\/\/api.w.org\/{rel}","templated":true}]}}