{"id":3122,"date":"2019-11-13T15:47:30","date_gmt":"2019-11-13T15:47:30","guid":{"rendered":"https:\/\/www.amstelhouse.de\/pt\/?page_id=3122"},"modified":"2022-07-08T12:12:45","modified_gmt":"2022-07-08T12:12:45","slug":"viajante-solo-em-berlim","status":"publish","type":"page","link":"https:\/\/www.amstelhouse.de\/pt\/ofertas-de-viagem\/viajante-solo-em-berlim\/","title":{"rendered":"VIAJANTE SOLO EM BERLIM"},"content":{"rendered":"<h2><strong>PARA AQUELES SOZINHOS NA ESTRADA COM POUCO DINHEIRO<\/strong><\/h2>\n<p>N\u00e3o h\u00e1 lugar melhor para um viajante solo do que um Hostel. E n\u00e3o h\u00e1 melhor neg\u00f3cio do que no Amstel House. Estilo a pre\u00e7o baixo, feito para a conex\u00e3o de mentes aventureiras. Entre nossas muitas \u00e1reas comuns e eventos, ningu\u00e9m se sente sozinho. A nossa oferta especial de Viajante Solo em Berlim inclui:<\/p>\n<ul>\n<li>3 noites em um dormit\u00f3rio aconchegante de 4 camas com banheiro compartilhado<\/li>\n<li>Caf\u00e9 da manh\u00e3<\/li>\n<li>1x bebida gr\u00e1tis em nosso bar<\/li>\n<li>1x sacola Amstel<\/li>\n<\/ul>\n<h3 style=\"text-align: left;\"><strong>Tudo por apenas 139\u20ac<\/strong><\/h3>\n","protected":false},"excerpt":{"rendered":"<p>PARA AQUELES SOZINHOS NA ESTRADA COM POUCO DINHEIRO N\u00e3o h\u00e1 lugar melhor para um viajante solo do que um Hostel. E n\u00e3o h\u00e1 melhor neg\u00f3cio do que no Amstel House. Estilo a pre\u00e7o baixo, feito para a conex\u00e3o de mentes aventureiras. Entre nossas muitas \u00e1reas comuns e eventos, ningu\u00e9m se sente sozinho. A nossa oferta [&hellip;]<\/p>\n","protected":false},"author":4,"featured_media":0,"parent":12,"menu_order":1,"comment_status":"closed","ping_status":"closed","template":"page-offer-subpage.php","meta":{"footnotes":""},"class_list":["post-3122","page","type-page","status-publish","hentry"],"acf":[],"yoast_head":"<!-- This site is optimized with the Yoast SEO plugin v20.8 - https:\/\/yoast.com\/wordpress\/plugins\/seo\/ -->\n<title>Viajante Solo em Berlim | Oferta de Hospedagem | Amstel House Hostel Berlin<\/title>\n<meta name=\"description\" content=\"Reserve o pacote perfeito para um viajante solo em Berlim. Fique Budget, central e conectado com outros viajantes no hostel mais legal de Berlim.\" \/>\n<meta name=\"robots\" content=\"index, follow, max-snippet:-1, max-image-preview:large, max-video-preview:-1\" \/>\n<link rel=\"canonical\" href=\"https:\/\/www.amstelhouse.de\/pt\/ofertas-de-viagem\/viajante-solo-em-berlim\/\" \/>\n<meta property=\"og:locale\" content=\"pt_PT\" \/>\n<meta property=\"og:type\" content=\"article\" \/>\n<meta property=\"og:title\" content=\"Viajante Solo em Berlim | Oferta de Hospedagem | Amstel House Hostel Berlin\" \/>\n<meta property=\"og:description\" content=\"Reserve o pacote perfeito para um viajante solo em Berlim. Fique Budget, central e conectado com outros viajantes no hostel mais legal de Berlim.\" \/>\n<meta property=\"og:url\" content=\"https:\/\/www.amstelhouse.de\/pt\/ofertas-de-viagem\/viajante-solo-em-berlim\/\" \/>\n<meta property=\"og:site_name\" content=\"Amstel House (PT)\" \/>\n<meta property=\"article:modified_time\" content=\"2022-07-08T12:12:45+00:00\" \/>\n<script type=\"application\/ld+json\" class=\"yoast-schema-graph\">{\"@context\":\"https:\/\/schema.org\",\"@graph\":[{\"@type\":\"WebPage\",\"@id\":\"https:\/\/www.amstelhouse.de\/pt\/ofertas-de-viagem\/viajante-solo-em-berlim\/\",\"url\":\"https:\/\/www.amstelhouse.de\/pt\/ofertas-de-viagem\/viajante-solo-em-berlim\/\",\"name\":\"Viajante Solo em Berlim | Oferta de Hospedagem | Amstel House Hostel Berlin\",\"isPartOf\":{\"@id\":\"https:\/\/www.amstelhouse.de\/pt\/#website\"},\"datePublished\":\"2019-11-13T15:47:30+00:00\",\"dateModified\":\"2022-07-08T12:12:45+00:00\",\"description\":\"Reserve o pacote perfeito para um viajante solo em Berlim. Fique Budget, central e conectado com outros viajantes no hostel mais legal de Berlim.\",\"breadcrumb\":{\"@id\":\"https:\/\/www.amstelhouse.de\/pt\/ofertas-de-viagem\/viajante-solo-em-berlim\/#breadcrumb\"},\"inLanguage\":\"pt-PT\",\"potentialAction\":[{\"@type\":\"ReadAction\",\"target\":[\"https:\/\/www.amstelhouse.de\/pt\/ofertas-de-viagem\/viajante-solo-em-berlim\/\"]}]},{\"@type\":\"BreadcrumbList\",\"@id\":\"https:\/\/www.amstelhouse.de\/pt\/ofertas-de-viagem\/viajante-solo-em-berlim\/#breadcrumb\",\"itemListElement\":[{\"@type\":\"ListItem\",\"position\":1,\"name\":\"Home\",\"item\":\"https:\/\/www.amstelhouse.de\/pt\/\"},{\"@type\":\"ListItem\",\"position\":2,\"name\":\"OFERTAS\",\"item\":\"https:\/\/www.amstelhouse.de\/pt\/ofertas-de-viagem\/\"},{\"@type\":\"ListItem\",\"position\":3,\"name\":\"VIAJANTE SOLO EM BERLIM\"}]},{\"@type\":\"WebSite\",\"@id\":\"https:\/\/www.amstelhouse.de\/pt\/#website\",\"url\":\"https:\/\/www.amstelhouse.de\/pt\/\",\"name\":\"Amstel House (PT)\",\"description\":\"\",\"potentialAction\":[{\"@type\":\"SearchAction\",\"target\":{\"@type\":\"EntryPoint\",\"urlTemplate\":\"https:\/\/www.amstelhouse.de\/pt\/?s={search_term_string}\"},\"query-input\":\"required name=search_term_string\"}],\"inLanguage\":\"pt-PT\"}]}<\/script>\n<!-- \/ Yoast SEO plugin. -->","yoast_head_json":{"title":"Viajante Solo em Berlim | Oferta de Hospedagem | Amstel House Hostel Berlin","description":"Reserve o pacote perfeito para um viajante solo em Berlim. Fique Budget, central e conectado com outros viajantes no hostel mais legal de Berlim.","robots":{"index":"index","follow":"follow","max-snippet":"max-snippet:-1","max-image-preview":"max-image-preview:large","max-video-preview":"max-video-preview:-1"},"canonical":"https:\/\/www.amstelhouse.de\/pt\/ofertas-de-viagem\/viajante-solo-em-berlim\/","og_locale":"pt_PT","og_type":"article","og_title":"Viajante Solo em Berlim | Oferta de Hospedagem | Amstel House Hostel Berlin","og_description":"Reserve o pacote perfeito para um viajante solo em Berlim. Fique Budget, central e conectado com outros viajantes no hostel mais legal de Berlim.","og_url":"https:\/\/www.amstelhouse.de\/pt\/ofertas-de-viagem\/viajante-solo-em-berlim\/","og_site_name":"Amstel House (PT)","article_modified_time":"2022-07-08T12:12:45+00:00","schema":{"@context":"https:\/\/schema.org","@graph":[{"@type":"WebPage","@id":"https:\/\/www.amstelhouse.de\/pt\/ofertas-de-viagem\/viajante-solo-em-berlim\/","url":"https:\/\/www.amstelhouse.de\/pt\/ofertas-de-viagem\/viajante-solo-em-berlim\/","name":"Viajante Solo em Berlim | Oferta de Hospedagem | Amstel House Hostel Berlin","isPartOf":{"@id":"https:\/\/www.amstelhouse.de\/pt\/#website"},"datePublished":"2019-11-13T15:47:30+00:00","dateModified":"2022-07-08T12:12:45+00:00","description":"Reserve o pacote perfeito para um viajante solo em Berlim. Fique Budget, central e conectado com outros viajantes no hostel mais legal de Berlim.","breadcrumb":{"@id":"https:\/\/www.amstelhouse.de\/pt\/ofertas-de-viagem\/viajante-solo-em-berlim\/#breadcrumb"},"inLanguage":"pt-PT","potentialAction":[{"@type":"ReadAction","target":["https:\/\/www.amstelhouse.de\/pt\/ofertas-de-viagem\/viajante-solo-em-berlim\/"]}]},{"@type":"BreadcrumbList","@id":"https:\/\/www.amstelhouse.de\/pt\/ofertas-de-viagem\/viajante-solo-em-berlim\/#breadcrumb","itemListElement":[{"@type":"ListItem","position":1,"name":"Home","item":"https:\/\/www.amstelhouse.de\/pt\/"},{"@type":"ListItem","position":2,"name":"OFERTAS","item":"https:\/\/www.amstelhouse.de\/pt\/ofertas-de-viagem\/"},{"@type":"ListItem","position":3,"name":"VIAJANTE SOLO EM BERLIM"}]},{"@type":"WebSite","@id":"https:\/\/www.amstelhouse.de\/pt\/#website","url":"https:\/\/www.amstelhouse.de\/pt\/","name":"Amstel House (PT)","description":"","potentialAction":[{"@type":"SearchAction","target":{"@type":"EntryPoint","urlTemplate":"https:\/\/www.amstelhouse.de\/pt\/?s={search_term_string}"},"query-input":"required name=search_term_string"}],"inLanguage":"pt-PT"}]}},"_links":{"self":[{"href":"https:\/\/www.amstelhouse.de\/pt\/wp-json\/wp\/v2\/pages\/3122"}],"collection":[{"href":"https:\/\/www.amstelhouse.de\/pt\/wp-json\/wp\/v2\/pages"}],"about":[{"href":"https:\/\/www.amstelhouse.de\/pt\/wp-json\/wp\/v2\/types\/page"}],"author":[{"embeddable":true,"href":"https:\/\/www.amstelhouse.de\/pt\/wp-json\/wp\/v2\/users\/4"}],"replies":[{"embeddable":true,"href":"https:\/\/www.amstelhouse.de\/pt\/wp-json\/wp\/v2\/comments?post=3122"}],"version-history":[{"count":4,"href":"https:\/\/www.amstelhouse.de\/pt\/wp-json\/wp\/v2\/pages\/3122\/revisions"}],"predecessor-version":[{"id":3327,"href":"https:\/\/www.amstelhouse.de\/pt\/wp-json\/wp\/v2\/pages\/3122\/revisions\/3327"}],"up":[{"embeddable":true,"href":"https:\/\/www.amstelhouse.de\/pt\/wp-json\/wp\/v2\/pages\/12"}],"wp:attachment":[{"href":"https:\/\/www.amstelhouse.de\/pt\/wp-json\/wp\/v2\/media?parent=3122"}],"curies":[{"name":"wp","href":"https:\/\/api.w.org\/{rel}","templated":true}]}}