{"id":315,"date":"2015-04-09T16:21:26","date_gmt":"2015-04-09T16:21:26","guid":{"rendered":"http:\/\/www.amstelhouse.de\/pt\/?page_id=315"},"modified":"2020-01-16T11:13:37","modified_gmt":"2020-01-16T11:13:37","slug":"maratona-de-berlim","status":"publish","type":"page","link":"https:\/\/www.amstelhouse.de\/pt\/ofertas-de-viagem\/maratona-de-berlim\/","title":{"rendered":"Maratona de Berlim"},"content":{"rendered":"<h2><span id=\"result_box\" class=\"\" lang=\"pt\"><span class=\"\"><strong>ESTADIA BARATA E PERTO DA LARGADA<\/strong><\/span><\/span><\/h2>\n<p>Se preparando para a corrida? Com a nossa Oferta Especial Maratona de Berlim voc\u00ea fica perto da largada a um pre\u00e7o promocional. A oferta inclui:<\/p>\n<ul>\n<li>2 noites para duas pessoas em um quarto twin com beliche e pia\/banheiros e chuveiros compartilhados*<\/li>\n<li>2x Welcome Berlin Card AB 48h (vale transporte p\u00fablico gratuito)<\/li>\n<li>2x caf\u00e9s-da-manh\u00e3 por pessoa<\/li>\n<li>2 x Buffet de pasta \u00e0 vontade<\/li>\n<\/ul>\n<h2>por apenas 219 Euros<a href=\"https:\/\/www.amstelhouse.de\/pt\/wp-content\/uploads\/sites\/35\/2015\/04\/amigos-em-berlim.png\"><img loading=\"lazy\" decoding=\"async\" class=\"alignnone wp-image-869 size-full\" src=\"https:\/\/www.amstelhouse.de\/pt\/wp-content\/uploads\/sites\/35\/2015\/04\/amigos-em-berlim.png\" alt=\"Maratona de Berlim\" width=\"32\" height=\"32\" \/><\/a><\/h2>\n","protected":false},"excerpt":{"rendered":"<p>ESTADIA BARATA E PERTO DA LARGADA Se preparando para a corrida? Com a nossa Oferta Especial Maratona de Berlim voc\u00ea fica perto da largada a um pre\u00e7o promocional. A oferta inclui: 2 noites para duas pessoas em um quarto twin com beliche e pia\/banheiros e chuveiros compartilhados* 2x Welcome Berlin Card AB 48h (vale transporte [&hellip;]<\/p>\n","protected":false},"author":3,"featured_media":0,"parent":12,"menu_order":6,"comment_status":"closed","ping_status":"open","template":"page-offer-subpage.php","meta":{"footnotes":""},"class_list":["post-315","page","type-page","status-publish","hentry"],"acf":[],"yoast_head":"<!-- This site is optimized with the Yoast SEO plugin v20.8 - https:\/\/yoast.com\/wordpress\/plugins\/seo\/ -->\n<title>: Maratona de Berlim | Oferta de Hospedagem | Amstel House Hostel Berlin<\/title>\n<meta name=\"description\" content=\"Fique perto do in\u00edcio da Maratona de Berlim a pre\u00e7os promocionais. Conhe\u00e7a nossa oferta especial Maratona de Berlim. Hopesdagem e servi\u00e7os de qualidade.\" \/>\n<meta name=\"robots\" content=\"index, follow, max-snippet:-1, max-image-preview:large, max-video-preview:-1\" \/>\n<link rel=\"canonical\" href=\"https:\/\/www.amstelhouse.de\/pt\/ofertas-de-viagem\/maratona-de-berlim\/\" \/>\n<meta property=\"og:locale\" content=\"pt_PT\" \/>\n<meta property=\"og:type\" content=\"article\" \/>\n<meta property=\"og:title\" content=\": Maratona de Berlim | Oferta de Hospedagem | Amstel House Hostel Berlin\" \/>\n<meta property=\"og:description\" content=\"Fique perto do in\u00edcio da Maratona de Berlim a pre\u00e7os promocionais. Conhe\u00e7a nossa oferta especial Maratona de Berlim. Hopesdagem e servi\u00e7os de qualidade.\" \/>\n<meta property=\"og:url\" content=\"https:\/\/www.amstelhouse.de\/pt\/ofertas-de-viagem\/maratona-de-berlim\/\" \/>\n<meta property=\"og:site_name\" content=\"Amstel House (PT)\" \/>\n<meta property=\"article:modified_time\" content=\"2020-01-16T11:13:37+00:00\" \/>\n<meta property=\"og:image\" content=\"https:\/\/www.amstelhouse.de\/pt\/wp-content\/uploads\/sites\/35\/2015\/04\/amigos-em-berlim.png\" \/>\n<script type=\"application\/ld+json\" class=\"yoast-schema-graph\">{\"@context\":\"https:\/\/schema.org\",\"@graph\":[{\"@type\":\"WebPage\",\"@id\":\"https:\/\/www.amstelhouse.de\/pt\/ofertas-de-viagem\/maratona-de-berlim\/\",\"url\":\"https:\/\/www.amstelhouse.de\/pt\/ofertas-de-viagem\/maratona-de-berlim\/\",\"name\":\": Maratona de Berlim | Oferta de Hospedagem | Amstel House Hostel Berlin\",\"isPartOf\":{\"@id\":\"https:\/\/www.amstelhouse.de\/pt\/#website\"},\"datePublished\":\"2015-04-09T16:21:26+00:00\",\"dateModified\":\"2020-01-16T11:13:37+00:00\",\"description\":\"Fique perto do in\u00edcio da Maratona de Berlim a pre\u00e7os promocionais. Conhe\u00e7a nossa oferta especial Maratona de Berlim. Hopesdagem e servi\u00e7os de qualidade.\",\"breadcrumb\":{\"@id\":\"https:\/\/www.amstelhouse.de\/pt\/ofertas-de-viagem\/maratona-de-berlim\/#breadcrumb\"},\"inLanguage\":\"pt-PT\",\"potentialAction\":[{\"@type\":\"ReadAction\",\"target\":[\"https:\/\/www.amstelhouse.de\/pt\/ofertas-de-viagem\/maratona-de-berlim\/\"]}]},{\"@type\":\"BreadcrumbList\",\"@id\":\"https:\/\/www.amstelhouse.de\/pt\/ofertas-de-viagem\/maratona-de-berlim\/#breadcrumb\",\"itemListElement\":[{\"@type\":\"ListItem\",\"position\":1,\"name\":\"Home\",\"item\":\"https:\/\/www.amstelhouse.de\/pt\/\"},{\"@type\":\"ListItem\",\"position\":2,\"name\":\"OFERTAS\",\"item\":\"https:\/\/www.amstelhouse.de\/pt\/ofertas-de-viagem\/\"},{\"@type\":\"ListItem\",\"position\":3,\"name\":\"Maratona de Berlim\"}]},{\"@type\":\"WebSite\",\"@id\":\"https:\/\/www.amstelhouse.de\/pt\/#website\",\"url\":\"https:\/\/www.amstelhouse.de\/pt\/\",\"name\":\"Amstel House (PT)\",\"description\":\"\",\"potentialAction\":[{\"@type\":\"SearchAction\",\"target\":{\"@type\":\"EntryPoint\",\"urlTemplate\":\"https:\/\/www.amstelhouse.de\/pt\/?s={search_term_string}\"},\"query-input\":\"required name=search_term_string\"}],\"inLanguage\":\"pt-PT\"}]}<\/script>\n<!-- \/ Yoast SEO plugin. -->","yoast_head_json":{"title":": Maratona de Berlim | Oferta de Hospedagem | Amstel House Hostel Berlin","description":"Fique perto do in\u00edcio da Maratona de Berlim a pre\u00e7os promocionais. Conhe\u00e7a nossa oferta especial Maratona de Berlim. Hopesdagem e servi\u00e7os de qualidade.","robots":{"index":"index","follow":"follow","max-snippet":"max-snippet:-1","max-image-preview":"max-image-preview:large","max-video-preview":"max-video-preview:-1"},"canonical":"https:\/\/www.amstelhouse.de\/pt\/ofertas-de-viagem\/maratona-de-berlim\/","og_locale":"pt_PT","og_type":"article","og_title":": Maratona de Berlim | Oferta de Hospedagem | Amstel House Hostel Berlin","og_description":"Fique perto do in\u00edcio da Maratona de Berlim a pre\u00e7os promocionais. Conhe\u00e7a nossa oferta especial Maratona de Berlim. Hopesdagem e servi\u00e7os de qualidade.","og_url":"https:\/\/www.amstelhouse.de\/pt\/ofertas-de-viagem\/maratona-de-berlim\/","og_site_name":"Amstel House (PT)","article_modified_time":"2020-01-16T11:13:37+00:00","og_image":[{"url":"https:\/\/www.amstelhouse.de\/pt\/wp-content\/uploads\/sites\/35\/2015\/04\/amigos-em-berlim.png"}],"schema":{"@context":"https:\/\/schema.org","@graph":[{"@type":"WebPage","@id":"https:\/\/www.amstelhouse.de\/pt\/ofertas-de-viagem\/maratona-de-berlim\/","url":"https:\/\/www.amstelhouse.de\/pt\/ofertas-de-viagem\/maratona-de-berlim\/","name":": Maratona de Berlim | Oferta de Hospedagem | Amstel House Hostel Berlin","isPartOf":{"@id":"https:\/\/www.amstelhouse.de\/pt\/#website"},"datePublished":"2015-04-09T16:21:26+00:00","dateModified":"2020-01-16T11:13:37+00:00","description":"Fique perto do in\u00edcio da Maratona de Berlim a pre\u00e7os promocionais. Conhe\u00e7a nossa oferta especial Maratona de Berlim. Hopesdagem e servi\u00e7os de qualidade.","breadcrumb":{"@id":"https:\/\/www.amstelhouse.de\/pt\/ofertas-de-viagem\/maratona-de-berlim\/#breadcrumb"},"inLanguage":"pt-PT","potentialAction":[{"@type":"ReadAction","target":["https:\/\/www.amstelhouse.de\/pt\/ofertas-de-viagem\/maratona-de-berlim\/"]}]},{"@type":"BreadcrumbList","@id":"https:\/\/www.amstelhouse.de\/pt\/ofertas-de-viagem\/maratona-de-berlim\/#breadcrumb","itemListElement":[{"@type":"ListItem","position":1,"name":"Home","item":"https:\/\/www.amstelhouse.de\/pt\/"},{"@type":"ListItem","position":2,"name":"OFERTAS","item":"https:\/\/www.amstelhouse.de\/pt\/ofertas-de-viagem\/"},{"@type":"ListItem","position":3,"name":"Maratona de Berlim"}]},{"@type":"WebSite","@id":"https:\/\/www.amstelhouse.de\/pt\/#website","url":"https:\/\/www.amstelhouse.de\/pt\/","name":"Amstel House (PT)","description":"","potentialAction":[{"@type":"SearchAction","target":{"@type":"EntryPoint","urlTemplate":"https:\/\/www.amstelhouse.de\/pt\/?s={search_term_string}"},"query-input":"required name=search_term_string"}],"inLanguage":"pt-PT"}]}},"_links":{"self":[{"href":"https:\/\/www.amstelhouse.de\/pt\/wp-json\/wp\/v2\/pages\/315"}],"collection":[{"href":"https:\/\/www.amstelhouse.de\/pt\/wp-json\/wp\/v2\/pages"}],"about":[{"href":"https:\/\/www.amstelhouse.de\/pt\/wp-json\/wp\/v2\/types\/page"}],"author":[{"embeddable":true,"href":"https:\/\/www.amstelhouse.de\/pt\/wp-json\/wp\/v2\/users\/3"}],"replies":[{"embeddable":true,"href":"https:\/\/www.amstelhouse.de\/pt\/wp-json\/wp\/v2\/comments?post=315"}],"version-history":[{"count":5,"href":"https:\/\/www.amstelhouse.de\/pt\/wp-json\/wp\/v2\/pages\/315\/revisions"}],"predecessor-version":[{"id":3160,"href":"https:\/\/www.amstelhouse.de\/pt\/wp-json\/wp\/v2\/pages\/315\/revisions\/3160"}],"up":[{"embeddable":true,"href":"https:\/\/www.amstelhouse.de\/pt\/wp-json\/wp\/v2\/pages\/12"}],"wp:attachment":[{"href":"https:\/\/www.amstelhouse.de\/pt\/wp-json\/wp\/v2\/media?parent=315"}],"curies":[{"name":"wp","href":"https:\/\/api.w.org\/{rel}","templated":true}]}}