{"id":333,"date":"2015-04-09T16:43:23","date_gmt":"2015-04-09T16:43:23","guid":{"rendered":"http:\/\/www.amstelhouse.de\/pt\/?page_id=333"},"modified":"2020-01-16T11:17:23","modified_gmt":"2020-01-16T11:17:23","slug":"ano-novo-em-berlim","status":"publish","type":"page","link":"https:\/\/www.amstelhouse.de\/pt\/ofertas-de-viagem\/ano-novo-em-berlim\/","title":{"rendered":"ANO NOVO EM BERLIM"},"content":{"rendered":"<h2><strong>HOSPEDAGEM BARATA E COM MUITA FESTA<\/strong><\/h2>\n<p>Qual \u00e9 o melhor destino na Europa para a Passagem de Ano? Berlim, claro! E para garantir que suas economias sejam investidas no melhor da noite, o Amstel House Hostel criou um pacote especial de viagens. Quartos baratos de albergue, design descontra\u00eddo e muita comida, festa e divers\u00e3o. Nosso especial de viagem Ano Novo em Berlim inclui:<\/p>\n<ul>\n<li>3 noites em um quarto quadruplo misto compartilhado com pia. Chuveiros \/ WC compartilhados<\/li>\n<li>Chegada por conta pr\u00f3pria at\u00e9 30\/12 o mais tardar<\/li>\n<li>Late Check-out at\u00e9 \u00e0s 13h<\/li>\n<li>All-You-Can-Eat-Burger BBQ<\/li>\n<li>Buffet de caf\u00e9-da-manh\u00e3 at\u00e9 as 13h em 01\/01<strong><br \/>\n<\/strong><\/li>\n<\/ul>\n<h2>por apenas 119,- Euros por Pessoa<a href=\"https:\/\/www.amstelhouse.de\/pt\/wp-content\/uploads\/sites\/35\/2015\/04\/amigos-em-berlim.png\"><img loading=\"lazy\" decoding=\"async\" class=\"alignnone wp-image-869 size-full\" src=\"https:\/\/www.amstelhouse.de\/pt\/wp-content\/uploads\/sites\/35\/2015\/04\/amigos-em-berlim.png\" alt=\"Reveillon em Berlim\" width=\"32\" height=\"32\" \/><\/a><\/h2>\n","protected":false},"excerpt":{"rendered":"<p>HOSPEDAGEM BARATA E COM MUITA FESTA Qual \u00e9 o melhor destino na Europa para a Passagem de Ano? Berlim, claro! E para garantir que suas economias sejam investidas no melhor da noite, o Amstel House Hostel criou um pacote especial de viagens. Quartos baratos de albergue, design descontra\u00eddo e muita comida, festa e divers\u00e3o. Nosso [&hellip;]<\/p>\n","protected":false},"author":3,"featured_media":0,"parent":12,"menu_order":3,"comment_status":"closed","ping_status":"open","template":"page-offer-subpage.php","meta":{"footnotes":""},"class_list":["post-333","page","type-page","status-publish","hentry"],"acf":[],"yoast_head":"<!-- This site is optimized with the Yoast SEO plugin v20.8 - https:\/\/yoast.com\/wordpress\/plugins\/seo\/ -->\n<title>Ano Novo Em Berlim | Oferta de Hospedagem | Amstel House Hostel Berlin<\/title>\n<meta name=\"description\" content=\"Comemore o Ano Novo em Berlim, a mais badalada cidade da Europa. Confira a oferta de viagem perfeita. Quartos ecom\u00f4micos, design divertido e muita festa.\" \/>\n<meta name=\"robots\" content=\"index, follow, max-snippet:-1, max-image-preview:large, max-video-preview:-1\" \/>\n<link rel=\"canonical\" href=\"https:\/\/www.amstelhouse.de\/pt\/ofertas-de-viagem\/ano-novo-em-berlim\/\" \/>\n<meta property=\"og:locale\" content=\"pt_PT\" \/>\n<meta property=\"og:type\" content=\"article\" \/>\n<meta property=\"og:title\" content=\"Ano Novo Em Berlim | Oferta de Hospedagem | Amstel House Hostel Berlin\" \/>\n<meta property=\"og:description\" content=\"Comemore o Ano Novo em Berlim, a mais badalada cidade da Europa. Confira a oferta de viagem perfeita. Quartos ecom\u00f4micos, design divertido e muita festa.\" \/>\n<meta property=\"og:url\" content=\"https:\/\/www.amstelhouse.de\/pt\/ofertas-de-viagem\/ano-novo-em-berlim\/\" \/>\n<meta property=\"og:site_name\" content=\"Amstel House (PT)\" \/>\n<meta property=\"article:modified_time\" content=\"2020-01-16T11:17:23+00:00\" \/>\n<meta property=\"og:image\" content=\"https:\/\/www.amstelhouse.de\/pt\/wp-content\/uploads\/sites\/35\/2015\/04\/amigos-em-berlim.png\" \/>\n<meta name=\"twitter:label1\" content=\"Est. reading time\" \/>\n\t<meta name=\"twitter:data1\" content=\"1 minute\" \/>\n<script type=\"application\/ld+json\" class=\"yoast-schema-graph\">{\"@context\":\"https:\/\/schema.org\",\"@graph\":[{\"@type\":\"WebPage\",\"@id\":\"https:\/\/www.amstelhouse.de\/pt\/ofertas-de-viagem\/ano-novo-em-berlim\/\",\"url\":\"https:\/\/www.amstelhouse.de\/pt\/ofertas-de-viagem\/ano-novo-em-berlim\/\",\"name\":\"Ano Novo Em Berlim | Oferta de Hospedagem | Amstel House Hostel Berlin\",\"isPartOf\":{\"@id\":\"https:\/\/www.amstelhouse.de\/pt\/#website\"},\"datePublished\":\"2015-04-09T16:43:23+00:00\",\"dateModified\":\"2020-01-16T11:17:23+00:00\",\"description\":\"Comemore o Ano Novo em Berlim, a mais badalada cidade da Europa. Confira a oferta de viagem perfeita. Quartos ecom\u00f4micos, design divertido e muita festa.\",\"breadcrumb\":{\"@id\":\"https:\/\/www.amstelhouse.de\/pt\/ofertas-de-viagem\/ano-novo-em-berlim\/#breadcrumb\"},\"inLanguage\":\"pt-PT\",\"potentialAction\":[{\"@type\":\"ReadAction\",\"target\":[\"https:\/\/www.amstelhouse.de\/pt\/ofertas-de-viagem\/ano-novo-em-berlim\/\"]}]},{\"@type\":\"BreadcrumbList\",\"@id\":\"https:\/\/www.amstelhouse.de\/pt\/ofertas-de-viagem\/ano-novo-em-berlim\/#breadcrumb\",\"itemListElement\":[{\"@type\":\"ListItem\",\"position\":1,\"name\":\"Home\",\"item\":\"https:\/\/www.amstelhouse.de\/pt\/\"},{\"@type\":\"ListItem\",\"position\":2,\"name\":\"OFERTAS\",\"item\":\"https:\/\/www.amstelhouse.de\/pt\/ofertas-de-viagem\/\"},{\"@type\":\"ListItem\",\"position\":3,\"name\":\"ANO NOVO EM BERLIM\"}]},{\"@type\":\"WebSite\",\"@id\":\"https:\/\/www.amstelhouse.de\/pt\/#website\",\"url\":\"https:\/\/www.amstelhouse.de\/pt\/\",\"name\":\"Amstel House (PT)\",\"description\":\"\",\"potentialAction\":[{\"@type\":\"SearchAction\",\"target\":{\"@type\":\"EntryPoint\",\"urlTemplate\":\"https:\/\/www.amstelhouse.de\/pt\/?s={search_term_string}\"},\"query-input\":\"required name=search_term_string\"}],\"inLanguage\":\"pt-PT\"}]}<\/script>\n<!-- \/ Yoast SEO plugin. -->","yoast_head_json":{"title":"Ano Novo Em Berlim | Oferta de Hospedagem | Amstel House Hostel Berlin","description":"Comemore o Ano Novo em Berlim, a mais badalada cidade da Europa. Confira a oferta de viagem perfeita. Quartos ecom\u00f4micos, design divertido e muita festa.","robots":{"index":"index","follow":"follow","max-snippet":"max-snippet:-1","max-image-preview":"max-image-preview:large","max-video-preview":"max-video-preview:-1"},"canonical":"https:\/\/www.amstelhouse.de\/pt\/ofertas-de-viagem\/ano-novo-em-berlim\/","og_locale":"pt_PT","og_type":"article","og_title":"Ano Novo Em Berlim | Oferta de Hospedagem | Amstel House Hostel Berlin","og_description":"Comemore o Ano Novo em Berlim, a mais badalada cidade da Europa. Confira a oferta de viagem perfeita. Quartos ecom\u00f4micos, design divertido e muita festa.","og_url":"https:\/\/www.amstelhouse.de\/pt\/ofertas-de-viagem\/ano-novo-em-berlim\/","og_site_name":"Amstel House (PT)","article_modified_time":"2020-01-16T11:17:23+00:00","og_image":[{"url":"https:\/\/www.amstelhouse.de\/pt\/wp-content\/uploads\/sites\/35\/2015\/04\/amigos-em-berlim.png"}],"twitter_misc":{"Est. reading time":"1 minute"},"schema":{"@context":"https:\/\/schema.org","@graph":[{"@type":"WebPage","@id":"https:\/\/www.amstelhouse.de\/pt\/ofertas-de-viagem\/ano-novo-em-berlim\/","url":"https:\/\/www.amstelhouse.de\/pt\/ofertas-de-viagem\/ano-novo-em-berlim\/","name":"Ano Novo Em Berlim | Oferta de Hospedagem | Amstel House Hostel Berlin","isPartOf":{"@id":"https:\/\/www.amstelhouse.de\/pt\/#website"},"datePublished":"2015-04-09T16:43:23+00:00","dateModified":"2020-01-16T11:17:23+00:00","description":"Comemore o Ano Novo em Berlim, a mais badalada cidade da Europa. Confira a oferta de viagem perfeita. Quartos ecom\u00f4micos, design divertido e muita festa.","breadcrumb":{"@id":"https:\/\/www.amstelhouse.de\/pt\/ofertas-de-viagem\/ano-novo-em-berlim\/#breadcrumb"},"inLanguage":"pt-PT","potentialAction":[{"@type":"ReadAction","target":["https:\/\/www.amstelhouse.de\/pt\/ofertas-de-viagem\/ano-novo-em-berlim\/"]}]},{"@type":"BreadcrumbList","@id":"https:\/\/www.amstelhouse.de\/pt\/ofertas-de-viagem\/ano-novo-em-berlim\/#breadcrumb","itemListElement":[{"@type":"ListItem","position":1,"name":"Home","item":"https:\/\/www.amstelhouse.de\/pt\/"},{"@type":"ListItem","position":2,"name":"OFERTAS","item":"https:\/\/www.amstelhouse.de\/pt\/ofertas-de-viagem\/"},{"@type":"ListItem","position":3,"name":"ANO NOVO EM BERLIM"}]},{"@type":"WebSite","@id":"https:\/\/www.amstelhouse.de\/pt\/#website","url":"https:\/\/www.amstelhouse.de\/pt\/","name":"Amstel House (PT)","description":"","potentialAction":[{"@type":"SearchAction","target":{"@type":"EntryPoint","urlTemplate":"https:\/\/www.amstelhouse.de\/pt\/?s={search_term_string}"},"query-input":"required name=search_term_string"}],"inLanguage":"pt-PT"}]}},"_links":{"self":[{"href":"https:\/\/www.amstelhouse.de\/pt\/wp-json\/wp\/v2\/pages\/333"}],"collection":[{"href":"https:\/\/www.amstelhouse.de\/pt\/wp-json\/wp\/v2\/pages"}],"about":[{"href":"https:\/\/www.amstelhouse.de\/pt\/wp-json\/wp\/v2\/types\/page"}],"author":[{"embeddable":true,"href":"https:\/\/www.amstelhouse.de\/pt\/wp-json\/wp\/v2\/users\/3"}],"replies":[{"embeddable":true,"href":"https:\/\/www.amstelhouse.de\/pt\/wp-json\/wp\/v2\/comments?post=333"}],"version-history":[{"count":4,"href":"https:\/\/www.amstelhouse.de\/pt\/wp-json\/wp\/v2\/pages\/333\/revisions"}],"predecessor-version":[{"id":3163,"href":"https:\/\/www.amstelhouse.de\/pt\/wp-json\/wp\/v2\/pages\/333\/revisions\/3163"}],"up":[{"embeddable":true,"href":"https:\/\/www.amstelhouse.de\/pt\/wp-json\/wp\/v2\/pages\/12"}],"wp:attachment":[{"href":"https:\/\/www.amstelhouse.de\/pt\/wp-json\/wp\/v2\/media?parent=333"}],"curies":[{"name":"wp","href":"https:\/\/api.w.org\/{rel}","templated":true}]}}